{"id":612,"date":"2016-03-07T03:11:04","date_gmt":"2016-03-07T03:11:04","guid":{"rendered":"https:\/\/www.gavias-theme.com\/wp\/codesk\/?page_id=612"},"modified":"2024-05-18T15:22:55","modified_gmt":"2024-05-18T12:22:55","slug":"hakkimizda","status":"publish","type":"page","link":"https:\/\/kanonkapi.com\/en\/hakkimizda\/","title":{"rendered":"About Us"},"content":{"rendered":"<div data-elementor-type=\"wp-post\" data-elementor-id=\"612\" class=\"elementor elementor-612\" data-elementor-settings=\"{&quot;ha_cmc_init_switcher&quot;:&quot;no&quot;}\">\n\t\t\t\t\t\t<section class=\"elementor-section elementor-top-section elementor-element elementor-element-22f elementor-section-boxed elementor-section-height-default elementor-section-height-default\" data-id=\"22f\" data-element_type=\"section\" data-settings=\"{&quot;background_background&quot;:&quot;classic&quot;,&quot;_ha_eqh_enable&quot;:false}\">\n\t\t\t\t\t\t<div class=\"elementor-container elementor-column-gap-default\">\n\t\t\t\t\t<div class=\"elementor-column elementor-col-100 elementor-top-column elementor-element elementor-element-280e column-style-top\" data-id=\"280e\" data-element_type=\"column\">\n\t\t\t<div class=\"elementor-widget-wrap elementor-element-populated\">\n\t\t\t\t\t\t<div class=\"elementor-element elementor-element-31c2 elementor-widget elementor-widget-gva-heading-block\" data-id=\"31c2\" data-element_type=\"widget\" data-widget_type=\"gva-heading-block.default\">\n\t\t\t\t<div class=\"elementor-widget-container\">\n\t\t\t<div class=\"gva-element-gva-heading-block gva-element\"><\/div>\t\t<\/div>\n\t\t\t\t<\/div>\n\t\t\t\t<div class=\"elementor-element elementor-element-b498e66 elementor-widget elementor-widget-text-editor\" data-id=\"b498e66\" data-element_type=\"widget\" data-widget_type=\"text-editor.default\">\n\t\t\t\t<div class=\"elementor-widget-container\">\n\t\t\t\t\t\t\t<p><img fetchpriority=\"high\" decoding=\"async\" class=\"size-full wp-image-8501 alignleft\" src=\"https:\/\/kanonkapi.com\/wp-content\/uploads\/2024\/05\/Kanon.jpg\" alt=\"\" width=\"267\" height=\"189\" \/>As Kanon Kap\u0131, we continue to offer the highest quality service to our customers with years of experience and expertise.<\/p><p>With our customer satisfaction-oriented approach, we offer special solutions for each project and aim to exceed our customers' expectations. Our wide product range includes various products such as automatic door systems, automatic shutters, barriers and security systems used in industrial and commercial areas.<\/p><p>With our constant investment in technology and innovation, we offer our customers the safest and most efficient automatic door solutions. With our quality materials and expert installation team, we complete each project meticulously and strive to ensure customer satisfaction.<\/p><p>We are here to understand our customers' needs and offer the best solutions. By working with us, you can have reliable, durable and aesthetic automatic door systems.<\/p><p>Contact us and let us find the most suitable automatic door solution for you!<\/p>\t\t\t\t\t\t<\/div>\n\t\t\t\t<\/div>\n\t\t\t\t\t<\/div>\n\t\t<\/div>\n\t\t\t\t\t<\/div>\n\t\t<\/section>\n\t\t\t\t<\/div>","protected":false},"excerpt":{"rendered":"<p>Kanon Kap\u0131 olarak, y\u0131llar\u0131n verdi\u011fi deneyim ve uzmanl\u0131kla, m\u00fc\u015fterilerimize en kaliteli hizmeti sunmaya devam ediyoruz. M\u00fc\u015fteri memnuniyeti odakl\u0131 yakla\u015f\u0131m\u0131m\u0131zla, her projeye \u00f6zel \u00e7\u00f6z\u00fcmler sunuyor ve m\u00fc\u015fterilerimizin beklentilerini a\u015fmay\u0131 hedefliyoruz. Geni\u015f \u00fcr\u00fcn yelpazemizde, end\u00fcstriyel ve ticari alanlarda kullan\u0131lan otomatik kap\u0131 sistemleri, otomatik kepenkler, bariyerler ve g\u00fcvenlik sistemleri gibi \u00e7e\u015fitli \u00fcr\u00fcnler bulunmaktad\u0131r. Teknolojiye ve yenili\u011fe olan s\u00fcrekli [&hellip;]<\/p>","protected":false},"author":1,"featured_media":0,"parent":0,"menu_order":0,"comment_status":"closed","ping_status":"closed","template":"","meta":{"footnotes":""},"categories":[],"tags":[],"class_list":["post-612","page","type-page","status-publish","hentry"],"yoast_head":"<!-- This site is optimized with the Yoast SEO plugin v23.6 - https:\/\/yoast.com\/wordpress\/plugins\/seo\/ -->\n<title>Hakk\u0131m\u0131zda - Kanon Kap\u0131<\/title>\n<meta name=\"robots\" content=\"index, follow, max-snippet:-1, max-image-preview:large, max-video-preview:-1\" \/>\n<link rel=\"canonical\" href=\"https:\/\/kanonkapi.com\/en\/hakkimizda\/\" \/>\n<meta property=\"og:locale\" content=\"en_US\" \/>\n<meta property=\"og:type\" content=\"article\" \/>\n<meta property=\"og:title\" content=\"Hakk\u0131m\u0131zda - Kanon Kap\u0131\" \/>\n<meta property=\"og:description\" content=\"Kanon Kap\u0131 olarak, y\u0131llar\u0131n verdi\u011fi deneyim ve uzmanl\u0131kla, m\u00fc\u015fterilerimize en kaliteli hizmeti sunmaya devam ediyoruz. M\u00fc\u015fteri memnuniyeti odakl\u0131 yakla\u015f\u0131m\u0131m\u0131zla, her projeye \u00f6zel \u00e7\u00f6z\u00fcmler sunuyor ve m\u00fc\u015fterilerimizin beklentilerini a\u015fmay\u0131 hedefliyoruz. Geni\u015f \u00fcr\u00fcn yelpazemizde, end\u00fcstriyel ve ticari alanlarda kullan\u0131lan otomatik kap\u0131 sistemleri, otomatik kepenkler, bariyerler ve g\u00fcvenlik sistemleri gibi \u00e7e\u015fitli \u00fcr\u00fcnler bulunmaktad\u0131r. Teknolojiye ve yenili\u011fe olan s\u00fcrekli [&hellip;]\" \/>\n<meta property=\"og:url\" content=\"https:\/\/kanonkapi.com\/en\/hakkimizda\/\" \/>\n<meta property=\"og:site_name\" content=\"Kanon Kap\u0131\" \/>\n<meta property=\"article:publisher\" content=\"https:\/\/www.facebook.com\/p\/Kanon-Yapi-Otomasyon-100063698436460\/\" \/>\n<meta property=\"article:modified_time\" content=\"2024-05-18T12:22:55+00:00\" \/>\n<meta property=\"og:image\" content=\"https:\/\/kanonkapi.com\/wp-content\/uploads\/2024\/05\/Kanon.jpg\" \/>\n<meta name=\"twitter:card\" content=\"summary_large_image\" \/>\n<meta name=\"twitter:label1\" content=\"Est. reading time\" \/>\n\t<meta name=\"twitter:data1\" content=\"1 minute\" \/>\n<script type=\"application\/ld+json\" class=\"yoast-schema-graph\">{\"@context\":\"https:\/\/schema.org\",\"@graph\":[{\"@type\":\"WebPage\",\"@id\":\"https:\/\/kanonkapi.com\/hakkimizda\/\",\"url\":\"https:\/\/kanonkapi.com\/hakkimizda\/\",\"name\":\"Hakk\u0131m\u0131zda - Kanon Kap\u0131\",\"isPartOf\":{\"@id\":\"https:\/\/kanonkapi.com\/#website\"},\"primaryImageOfPage\":{\"@id\":\"https:\/\/kanonkapi.com\/hakkimizda\/#primaryimage\"},\"image\":{\"@id\":\"https:\/\/kanonkapi.com\/hakkimizda\/#primaryimage\"},\"thumbnailUrl\":\"https:\/\/kanonkapi.com\/wp-content\/uploads\/2024\/05\/Kanon.jpg\",\"datePublished\":\"2016-03-07T03:11:04+00:00\",\"dateModified\":\"2024-05-18T12:22:55+00:00\",\"breadcrumb\":{\"@id\":\"https:\/\/kanonkapi.com\/hakkimizda\/#breadcrumb\"},\"inLanguage\":\"en-US\",\"potentialAction\":[{\"@type\":\"ReadAction\",\"target\":[\"https:\/\/kanonkapi.com\/hakkimizda\/\"]}]},{\"@type\":\"ImageObject\",\"inLanguage\":\"en-US\",\"@id\":\"https:\/\/kanonkapi.com\/hakkimizda\/#primaryimage\",\"url\":\"https:\/\/kanonkapi.com\/wp-content\/uploads\/2024\/05\/Kanon.jpg\",\"contentUrl\":\"https:\/\/kanonkapi.com\/wp-content\/uploads\/2024\/05\/Kanon.jpg\"},{\"@type\":\"BreadcrumbList\",\"@id\":\"https:\/\/kanonkapi.com\/hakkimizda\/#breadcrumb\",\"itemListElement\":[{\"@type\":\"ListItem\",\"position\":1,\"name\":\"Anasayfa\",\"item\":\"https:\/\/kanonkapi.com\/\"},{\"@type\":\"ListItem\",\"position\":2,\"name\":\"Hakk\u0131m\u0131zda\"}]},{\"@type\":\"WebSite\",\"@id\":\"https:\/\/kanonkapi.com\/#website\",\"url\":\"https:\/\/kanonkapi.com\/\",\"name\":\"Kanon Kap\u0131\",\"description\":\"Otomatik Kap\u0131 Sistemler\",\"publisher\":{\"@id\":\"https:\/\/kanonkapi.com\/#organization\"},\"potentialAction\":[{\"@type\":\"SearchAction\",\"target\":{\"@type\":\"EntryPoint\",\"urlTemplate\":\"https:\/\/kanonkapi.com\/?s={search_term_string}\"},\"query-input\":{\"@type\":\"PropertyValueSpecification\",\"valueRequired\":true,\"valueName\":\"search_term_string\"}}],\"inLanguage\":\"en-US\"},{\"@type\":\"Organization\",\"@id\":\"https:\/\/kanonkapi.com\/#organization\",\"name\":\"Kanon Kap\u0131\",\"url\":\"https:\/\/kanonkapi.com\/\",\"logo\":{\"@type\":\"ImageObject\",\"inLanguage\":\"en-US\",\"@id\":\"https:\/\/kanonkapi.com\/#\/schema\/logo\/image\/\",\"url\":\"https:\/\/kanonkapi.com\/wp-content\/uploads\/2024\/05\/logo.png\",\"contentUrl\":\"https:\/\/kanonkapi.com\/wp-content\/uploads\/2024\/05\/logo.png\",\"width\":600,\"height\":161,\"caption\":\"Kanon Kap\u0131\"},\"image\":{\"@id\":\"https:\/\/kanonkapi.com\/#\/schema\/logo\/image\/\"},\"sameAs\":[\"https:\/\/www.facebook.com\/p\/Kanon-Yapi-Otomasyon-100063698436460\/\",\"https:\/\/www.instagram.com\/kanonotomatikkapi\/\"]}]}<\/script>\n<!-- \/ Yoast SEO plugin. -->","yoast_head_json":{"title":"Hakk\u0131m\u0131zda - Kanon Kap\u0131","robots":{"index":"index","follow":"follow","max-snippet":"max-snippet:-1","max-image-preview":"max-image-preview:large","max-video-preview":"max-video-preview:-1"},"canonical":"https:\/\/kanonkapi.com\/en\/hakkimizda\/","og_locale":"en_US","og_type":"article","og_title":"Hakk\u0131m\u0131zda - Kanon Kap\u0131","og_description":"Kanon Kap\u0131 olarak, y\u0131llar\u0131n verdi\u011fi deneyim ve uzmanl\u0131kla, m\u00fc\u015fterilerimize en kaliteli hizmeti sunmaya devam ediyoruz. M\u00fc\u015fteri memnuniyeti odakl\u0131 yakla\u015f\u0131m\u0131m\u0131zla, her projeye \u00f6zel \u00e7\u00f6z\u00fcmler sunuyor ve m\u00fc\u015fterilerimizin beklentilerini a\u015fmay\u0131 hedefliyoruz. Geni\u015f \u00fcr\u00fcn yelpazemizde, end\u00fcstriyel ve ticari alanlarda kullan\u0131lan otomatik kap\u0131 sistemleri, otomatik kepenkler, bariyerler ve g\u00fcvenlik sistemleri gibi \u00e7e\u015fitli \u00fcr\u00fcnler bulunmaktad\u0131r. Teknolojiye ve yenili\u011fe olan s\u00fcrekli [&hellip;]","og_url":"https:\/\/kanonkapi.com\/en\/hakkimizda\/","og_site_name":"Kanon Kap\u0131","article_publisher":"https:\/\/www.facebook.com\/p\/Kanon-Yapi-Otomasyon-100063698436460\/","article_modified_time":"2024-05-18T12:22:55+00:00","og_image":[{"url":"https:\/\/kanonkapi.com\/wp-content\/uploads\/2024\/05\/Kanon.jpg"}],"twitter_card":"summary_large_image","twitter_misc":{"Est. reading time":"1 minute"},"schema":{"@context":"https:\/\/schema.org","@graph":[{"@type":"WebPage","@id":"https:\/\/kanonkapi.com\/hakkimizda\/","url":"https:\/\/kanonkapi.com\/hakkimizda\/","name":"Hakk\u0131m\u0131zda - Kanon Kap\u0131","isPartOf":{"@id":"https:\/\/kanonkapi.com\/#website"},"primaryImageOfPage":{"@id":"https:\/\/kanonkapi.com\/hakkimizda\/#primaryimage"},"image":{"@id":"https:\/\/kanonkapi.com\/hakkimizda\/#primaryimage"},"thumbnailUrl":"https:\/\/kanonkapi.com\/wp-content\/uploads\/2024\/05\/Kanon.jpg","datePublished":"2016-03-07T03:11:04+00:00","dateModified":"2024-05-18T12:22:55+00:00","breadcrumb":{"@id":"https:\/\/kanonkapi.com\/hakkimizda\/#breadcrumb"},"inLanguage":"en-US","potentialAction":[{"@type":"ReadAction","target":["https:\/\/kanonkapi.com\/hakkimizda\/"]}]},{"@type":"ImageObject","inLanguage":"en-US","@id":"https:\/\/kanonkapi.com\/hakkimizda\/#primaryimage","url":"https:\/\/kanonkapi.com\/wp-content\/uploads\/2024\/05\/Kanon.jpg","contentUrl":"https:\/\/kanonkapi.com\/wp-content\/uploads\/2024\/05\/Kanon.jpg"},{"@type":"BreadcrumbList","@id":"https:\/\/kanonkapi.com\/hakkimizda\/#breadcrumb","itemListElement":[{"@type":"ListItem","position":1,"name":"Anasayfa","item":"https:\/\/kanonkapi.com\/"},{"@type":"ListItem","position":2,"name":"Hakk\u0131m\u0131zda"}]},{"@type":"WebSite","@id":"https:\/\/kanonkapi.com\/#website","url":"https:\/\/kanonkapi.com\/","name":"Kanon Kap\u0131","description":"Otomatik Kap\u0131 Sistemler","publisher":{"@id":"https:\/\/kanonkapi.com\/#organization"},"potentialAction":[{"@type":"SearchAction","target":{"@type":"EntryPoint","urlTemplate":"https:\/\/kanonkapi.com\/?s={search_term_string}"},"query-input":{"@type":"PropertyValueSpecification","valueRequired":true,"valueName":"search_term_string"}}],"inLanguage":"en-US"},{"@type":"Organization","@id":"https:\/\/kanonkapi.com\/#organization","name":"Kanon Kap\u0131","url":"https:\/\/kanonkapi.com\/","logo":{"@type":"ImageObject","inLanguage":"en-US","@id":"https:\/\/kanonkapi.com\/#\/schema\/logo\/image\/","url":"https:\/\/kanonkapi.com\/wp-content\/uploads\/2024\/05\/logo.png","contentUrl":"https:\/\/kanonkapi.com\/wp-content\/uploads\/2024\/05\/logo.png","width":600,"height":161,"caption":"Kanon Kap\u0131"},"image":{"@id":"https:\/\/kanonkapi.com\/#\/schema\/logo\/image\/"},"sameAs":["https:\/\/www.facebook.com\/p\/Kanon-Yapi-Otomasyon-100063698436460\/","https:\/\/www.instagram.com\/kanonotomatikkapi\/"]}]}},"_links":{"self":[{"href":"https:\/\/kanonkapi.com\/en\/wp-json\/wp\/v2\/pages\/612","targetHints":{"allow":["GET"]}}],"collection":[{"href":"https:\/\/kanonkapi.com\/en\/wp-json\/wp\/v2\/pages"}],"about":[{"href":"https:\/\/kanonkapi.com\/en\/wp-json\/wp\/v2\/types\/page"}],"author":[{"embeddable":true,"href":"https:\/\/kanonkapi.com\/en\/wp-json\/wp\/v2\/users\/1"}],"replies":[{"embeddable":true,"href":"https:\/\/kanonkapi.com\/en\/wp-json\/wp\/v2\/comments?post=612"}],"version-history":[{"count":0,"href":"https:\/\/kanonkapi.com\/en\/wp-json\/wp\/v2\/pages\/612\/revisions"}],"wp:attachment":[{"href":"https:\/\/kanonkapi.com\/en\/wp-json\/wp\/v2\/media?parent=612"}],"wp:term":[{"taxonomy":"category","embeddable":true,"href":"https:\/\/kanonkapi.com\/en\/wp-json\/wp\/v2\/categories?post=612"},{"taxonomy":"post_tag","embeddable":true,"href":"https:\/\/kanonkapi.com\/en\/wp-json\/wp\/v2\/tags?post=612"}],"curies":[{"name":"wp","href":"https:\/\/api.w.org\/{rel}","templated":true}]}}