{"id":8689,"date":"2024-05-18T19:52:00","date_gmt":"2024-05-18T16:52:00","guid":{"rendered":"https:\/\/demo.kanonkapi.com\/?page_id=8689"},"modified":"2024-05-29T15:44:22","modified_gmt":"2024-05-29T12:44:22","slug":"teleskopi%cc%87k-yana-kayar-kapilar-manusa","status":"publish","type":"page","link":"https:\/\/kanonkapi.com\/en\/teleskopi%cc%87k-yana-kayar-kapilar-manusa\/","title":{"rendered":"Teleskopi\u0307k Yana Kayar Kap\u0131lar &#8211; Manusa"},"content":{"rendered":"<div data-elementor-type=\"wp-post\" data-elementor-id=\"8689\" class=\"elementor elementor-8689\" data-elementor-settings=\"{&quot;ha_cmc_init_switcher&quot;:&quot;no&quot;}\">\n\t\t\t\t\t\t<section class=\"elementor-section elementor-top-section elementor-element elementor-element-22f elementor-section-boxed elementor-section-height-default elementor-section-height-default\" data-id=\"22f\" data-element_type=\"section\" data-settings=\"{&quot;background_background&quot;:&quot;classic&quot;,&quot;_ha_eqh_enable&quot;:false}\">\n\t\t\t\t\t\t<div class=\"elementor-container elementor-column-gap-default\">\n\t\t\t\t\t<div class=\"elementor-column elementor-col-100 elementor-top-column elementor-element elementor-element-280e column-style-top\" data-id=\"280e\" data-element_type=\"column\">\n\t\t\t<div class=\"elementor-widget-wrap elementor-element-populated\">\n\t\t\t\t\t\t<div class=\"elementor-element elementor-element-b498e66 elementor-widget elementor-widget-text-editor\" data-id=\"b498e66\" data-element_type=\"widget\" data-widget_type=\"text-editor.default\">\n\t\t\t\t<div class=\"elementor-widget-container\">\n\t\t\t\t\t\t\t<p>Telescopic automatic sliding doors; Ideal for expanding and maximizing access to entrances, partition corridors or tight spaces with limited space. Ability to adapt to architectural space; It offers a harmonious aesthetic that characterizes us, resulting in elegant doors. Combining the high performance and characteristic design of standard Manusa doors, telescopic sliding doors offer a stylish and efficient solution to the specific needs of every space. Manusa's standard automatic sliding doors are the most preferred doors in the market with their stylish appearance and excellent functionality. It always guarantees maximum comfort for users.<\/p>\t\t\t\t\t\t<\/div>\n\t\t\t\t<\/div>\n\t\t\t\t<section class=\"elementor-section elementor-inner-section elementor-element elementor-element-5b235ea elementor-section-boxed elementor-section-height-default elementor-section-height-default\" data-id=\"5b235ea\" data-element_type=\"section\" data-settings=\"{&quot;_ha_eqh_enable&quot;:false}\">\n\t\t\t\t\t\t<div class=\"elementor-container elementor-column-gap-default\">\n\t\t\t\t\t<div class=\"elementor-column elementor-col-50 elementor-inner-column elementor-element elementor-element-fd13ef1 column-style-top\" data-id=\"fd13ef1\" data-element_type=\"column\">\n\t\t\t<div class=\"elementor-widget-wrap elementor-element-populated\">\n\t\t\t\t\t\t<div class=\"elementor-element elementor-element-83c1d00 elementor-icon-list--layout-traditional elementor-list-item-link-full_width elementor-widget elementor-widget-icon-list\" data-id=\"83c1d00\" data-element_type=\"widget\" data-widget_type=\"icon-list.default\">\n\t\t\t\t<div class=\"elementor-widget-container\">\n\t\t\t\t\t<ul class=\"elementor-icon-list-items\">\n\t\t\t\t\t\t\t<li class=\"elementor-icon-list-item\">\n\t\t\t\t\t\t\t\t\t\t\t<span class=\"elementor-icon-list-icon\">\n\t\t\t\t\t\t\t<i aria-hidden=\"true\" class=\"fas fa-check\"><\/i>\t\t\t\t\t\t<\/span>\n\t\t\t\t\t\t\t\t\t\t<span class=\"elementor-icon-list-text\">125mm mechanism height,<\/span>\n\t\t\t\t\t\t\t\t\t<\/li>\n\t\t\t\t\t\t\t\t<li class=\"elementor-icon-list-item\">\n\t\t\t\t\t\t\t\t\t\t\t<span class=\"elementor-icon-list-icon\">\n\t\t\t\t\t\t\t<i aria-hidden=\"true\" class=\"fas fa-check\"><\/i>\t\t\t\t\t\t<\/span>\n\t\t\t\t\t\t\t\t\t\t<span class=\"elementor-icon-list-text\">Ability to see malfunctions with digital selector,<\/span>\n\t\t\t\t\t\t\t\t\t<\/li>\n\t\t\t\t\t\t\t\t<li class=\"elementor-icon-list-item\">\n\t\t\t\t\t\t\t\t\t\t\t<span class=\"elementor-icon-list-icon\">\n\t\t\t\t\t\t\t<i aria-hidden=\"true\" class=\"fas fa-check\"><\/i>\t\t\t\t\t\t<\/span>\n\t\t\t\t\t\t\t\t\t\t<span class=\"elementor-icon-list-text\">Configuration adaptable to all architectural environments,<\/span>\n\t\t\t\t\t\t\t\t\t<\/li>\n\t\t\t\t\t\t\t\t<li class=\"elementor-icon-list-item\">\n\t\t\t\t\t\t\t\t\t\t\t<span class=\"elementor-icon-list-icon\">\n\t\t\t\t\t\t\t<i aria-hidden=\"true\" class=\"fas fa-check\"><\/i>\t\t\t\t\t\t<\/span>\n\t\t\t\t\t\t\t\t\t\t<span class=\"elementor-icon-list-text\">Maximum clear passage in minimum space,<\/span>\n\t\t\t\t\t\t\t\t\t<\/li>\n\t\t\t\t\t\t\t\t<li class=\"elementor-icon-list-item\">\n\t\t\t\t\t\t\t\t\t\t\t<span class=\"elementor-icon-list-icon\">\n\t\t\t\t\t\t\t<i aria-hidden=\"true\" class=\"fas fa-check\"><\/i>\t\t\t\t\t\t<\/span>\n\t\t\t\t\t\t\t\t\t\t<span class=\"elementor-icon-list-text\">High opening speed,<\/span>\n\t\t\t\t\t\t\t\t\t<\/li>\n\t\t\t\t\t\t\t\t<li class=\"elementor-icon-list-item\">\n\t\t\t\t\t\t\t\t\t\t\t<span class=\"elementor-icon-list-icon\">\n\t\t\t\t\t\t\t<i aria-hidden=\"true\" class=\"fas fa-check\"><\/i>\t\t\t\t\t\t<\/span>\n\t\t\t\t\t\t\t\t\t\t<span class=\"elementor-icon-list-text\">Ability to communicate with the fire alarm system,<\/span>\n\t\t\t\t\t\t\t\t\t<\/li>\n\t\t\t\t\t\t\t\t<li class=\"elementor-icon-list-item\">\n\t\t\t\t\t\t\t\t\t\t\t<span class=\"elementor-icon-list-icon\">\n\t\t\t\t\t\t\t<i aria-hidden=\"true\" class=\"fas fa-check\"><\/i>\t\t\t\t\t\t<\/span>\n\t\t\t\t\t\t\t\t\t\t<span class=\"elementor-icon-list-text\">Remote access with internet of things technology,<\/span>\n\t\t\t\t\t\t\t\t\t<\/li>\n\t\t\t\t\t\t<\/ul>\n\t\t\t\t<\/div>\n\t\t\t\t<\/div>\n\t\t\t\t\t<\/div>\n\t\t<\/div>\n\t\t\t\t<div class=\"elementor-column elementor-col-50 elementor-inner-column elementor-element elementor-element-0a80200 column-style-top\" data-id=\"0a80200\" data-element_type=\"column\">\n\t\t\t<div class=\"elementor-widget-wrap elementor-element-populated\">\n\t\t\t\t\t\t<div class=\"elementor-element elementor-element-e9db7e7 elementor-icon-list--layout-traditional elementor-list-item-link-full_width elementor-widget elementor-widget-icon-list\" data-id=\"e9db7e7\" data-element_type=\"widget\" data-widget_type=\"icon-list.default\">\n\t\t\t\t<div class=\"elementor-widget-container\">\n\t\t\t\t\t<ul class=\"elementor-icon-list-items\">\n\t\t\t\t\t\t\t<li class=\"elementor-icon-list-item\">\n\t\t\t\t\t\t\t\t\t\t\t<span class=\"elementor-icon-list-icon\">\n\t\t\t\t\t\t\t<i aria-hidden=\"true\" class=\"fas fa-check\"><\/i>\t\t\t\t\t\t<\/span>\n\t\t\t\t\t\t\t\t\t\t<span class=\"elementor-icon-list-text\">Wide range of accessories,<\/span>\n\t\t\t\t\t\t\t\t\t<\/li>\n\t\t\t\t\t\t\t\t<li class=\"elementor-icon-list-item\">\n\t\t\t\t\t\t\t\t\t\t\t<span class=\"elementor-icon-list-icon\">\n\t\t\t\t\t\t\t<i aria-hidden=\"true\" class=\"fas fa-check\"><\/i>\t\t\t\t\t\t<\/span>\n\t\t\t\t\t\t\t\t\t\t<span class=\"elementor-icon-list-text\">All types of surface coating, including wood veneer appearance,<\/span>\n\t\t\t\t\t\t\t\t\t<\/li>\n\t\t\t\t\t\t\t\t<li class=\"elementor-icon-list-item\">\n\t\t\t\t\t\t\t\t\t\t\t<span class=\"elementor-icon-list-icon\">\n\t\t\t\t\t\t\t<i aria-hidden=\"true\" class=\"fas fa-check\"><\/i>\t\t\t\t\t\t<\/span>\n\t\t\t\t\t\t\t\t\t\t<span class=\"elementor-icon-list-text\">Minimum energy consumption with inverter technology,<\/span>\n\t\t\t\t\t\t\t\t\t<\/li>\n\t\t\t\t\t\t\t\t<li class=\"elementor-icon-list-item\">\n\t\t\t\t\t\t\t\t\t\t\t<span class=\"elementor-icon-list-icon\">\n\t\t\t\t\t\t\t<i aria-hidden=\"true\" class=\"fas fa-check\"><\/i>\t\t\t\t\t\t<\/span>\n\t\t\t\t\t\t\t\t\t\t<span class=\"elementor-icon-list-text\">Compliance with EN 16005 safety standards,<\/span>\n\t\t\t\t\t\t\t\t\t<\/li>\n\t\t\t\t\t\t\t\t<li class=\"elementor-icon-list-item\">\n\t\t\t\t\t\t\t\t\t\t\t<span class=\"elementor-icon-list-icon\">\n\t\t\t\t\t\t\t<i aria-hidden=\"true\" class=\"fas fa-check\"><\/i>\t\t\t\t\t\t<\/span>\n\t\t\t\t\t\t\t\t\t\t<span class=\"elementor-icon-list-text\">Maximum silence with fully compatible mechanical parts,<\/span>\n\t\t\t\t\t\t\t\t\t<\/li>\n\t\t\t\t\t\t\t\t<li class=\"elementor-icon-list-item\">\n\t\t\t\t\t\t\t\t\t\t\t<span class=\"elementor-icon-list-icon\">\n\t\t\t\t\t\t\t<i aria-hidden=\"true\" class=\"fas fa-check\"><\/i>\t\t\t\t\t\t<\/span>\n\t\t\t\t\t\t\t\t\t\t<span class=\"elementor-icon-list-text\">Easy access to the mechanism thanks to its flexible front cover,<\/span>\n\t\t\t\t\t\t\t\t\t<\/li>\n\t\t\t\t\t\t\t\t<li class=\"elementor-icon-list-item\">\n\t\t\t\t\t\t\t\t\t\t\t<span class=\"elementor-icon-list-icon\">\n\t\t\t\t\t\t\t<i aria-hidden=\"true\" class=\"fas fa-check\"><\/i>\t\t\t\t\t\t<\/span>\n\t\t\t\t\t\t\t\t\t\t<span class=\"elementor-icon-list-text\">Longevity with 5 million expansion declaration.<\/span>\n\t\t\t\t\t\t\t\t\t<\/li>\n\t\t\t\t\t\t<\/ul>\n\t\t\t\t<\/div>\n\t\t\t\t<\/div>\n\t\t\t\t\t<\/div>\n\t\t<\/div>\n\t\t\t\t\t<\/div>\n\t\t<\/section>\n\t\t\t\t\t<\/div>\n\t\t<\/div>\n\t\t\t\t\t<\/div>\n\t\t<\/section>\n\t\t\t\t<section class=\"elementor-section elementor-top-section elementor-element elementor-element-834d6bf elementor-section-boxed elementor-section-height-default elementor-section-height-default\" data-id=\"834d6bf\" data-element_type=\"section\" data-settings=\"{&quot;background_background&quot;:&quot;classic&quot;}\">\n\t\t\t\t\t\t\t<div class=\"elementor-background-overlay\"><\/div>\n\t\t\t\t\t\t\t<div class=\"elementor-container elementor-column-gap-default\">\n\t\t\t\t\t<div class=\"elementor-column elementor-col-100 elementor-top-column elementor-element elementor-element-4b4011c column-style-top\" data-id=\"4b4011c\" data-element_type=\"column\" data-settings=\"{&quot;background_background&quot;:&quot;classic&quot;}\">\n\t\t\t<div class=\"elementor-widget-wrap elementor-element-populated\">\n\t\t\t\t\t\t<div class=\"elementor-element elementor-element-8c02324 premium-title-flex-start premium-title-color elementor-widget elementor-widget-premium-addon-title\" data-id=\"8c02324\" data-element_type=\"widget\" data-widget_type=\"premium-addon-title.default\">\n\t\t\t\t<div class=\"elementor-widget-container\">\n\t\t\t\n\t\t<div class=\"premium-title-container style4\">\n\t\t\t<h3 class=\"premium-title-header premium-title-style4\">\n\t\t\t\t\n\t\t\t\t\n\t\t\t\t\t\t\t\t\t\t\t\t<span class=\"premium-title-text\" >\n\t\t\t\t\tExample Applications\t\t\t\t<\/span>\n\t\t\t\t\t\n\t\t\t\t\t\t\t\t\t\t\t<\/h3>\n\t\t<\/div>\n\n\t\t\t\t<\/div>\n\t\t\t\t<\/div>\n\t\t\t\t<div class=\"elementor-element elementor-element-c9cdd6d ha-image-grid--even elementor-widget elementor-widget-ha-image-grid happy-addon ha-image-grid\" data-id=\"c9cdd6d\" data-element_type=\"widget\" data-settings=\"{&quot;layout&quot;:&quot;even&quot;,&quot;enable_popup&quot;:&quot;yes&quot;}\" data-widget_type=\"ha-image-grid.default\">\n\t\t\t\t<div class=\"elementor-widget-container\">\n\t\t\t\n\t\t<div class=\"ha-image-grid__wrap hajs-isotope ha-lightbox--has\">\n\t\t\t\t\t\t\t\n\t\t\t\t<a href=\"#\" data-mfp-src=\"https:\/\/kanonkapi.com\/wp-content\/uploads\/2024\/05\/Teleskopi\u0307k-Yana-Kayar-Kapilar-4.jpg\" class=\"ha-image-grid__item ha-js-lightbox __fltr-1\">\n\t\t\t\t\t<img fetchpriority=\"high\" decoding=\"async\" width=\"900\" height=\"540\" src=\"https:\/\/kanonkapi.com\/wp-content\/uploads\/2024\/05\/Teleskopi\u0307k-Yana-Kayar-Kapilar-4.jpg\" class=\"elementor-animation-grow\" alt=\"\" \/>\t\t\t\t<\/a>\n\t\t\t\t\t\t\t\n\t\t\t\t<a href=\"#\" data-mfp-src=\"https:\/\/kanonkapi.com\/wp-content\/uploads\/2024\/05\/Teleskopi\u0307k-Yana-Kayar-Kapilar-5.jpg\" class=\"ha-image-grid__item ha-js-lightbox __fltr-1\">\n\t\t\t\t\t<img decoding=\"async\" width=\"432\" height=\"600\" src=\"https:\/\/kanonkapi.com\/wp-content\/uploads\/2024\/05\/Teleskopi\u0307k-Yana-Kayar-Kapilar-5.jpg\" class=\"elementor-animation-grow\" alt=\"\" \/>\t\t\t\t<\/a>\n\t\t\t\t\t\t\t\n\t\t\t\t<a href=\"#\" data-mfp-src=\"https:\/\/kanonkapi.com\/wp-content\/uploads\/2024\/05\/Teleskopi\u0307k-Yana-Kayar-Kapilar-1.jpg\" class=\"ha-image-grid__item ha-js-lightbox __fltr-1\">\n\t\t\t\t\t<img decoding=\"async\" width=\"495\" height=\"600\" src=\"https:\/\/kanonkapi.com\/wp-content\/uploads\/2024\/05\/Teleskopi\u0307k-Yana-Kayar-Kapilar-1.jpg\" class=\"elementor-animation-grow\" alt=\"\" \/>\t\t\t\t<\/a>\n\t\t\t\t\t\t\t\n\t\t\t\t<a href=\"#\" data-mfp-src=\"https:\/\/kanonkapi.com\/wp-content\/uploads\/2024\/05\/Teleskopi\u0307k-Yana-Kayar-Kapilar-1.webp\" class=\"ha-image-grid__item ha-js-lightbox __fltr-1\">\n\t\t\t\t\t<img loading=\"lazy\" decoding=\"async\" width=\"900\" height=\"550\" src=\"https:\/\/kanonkapi.com\/wp-content\/uploads\/2024\/05\/Teleskopi\u0307k-Yana-Kayar-Kapilar-1.webp\" class=\"elementor-animation-grow\" alt=\"\" \/>\t\t\t\t<\/a>\n\t\t\t\t\t\t\t\n\t\t\t\t<a href=\"#\" data-mfp-src=\"https:\/\/kanonkapi.com\/wp-content\/uploads\/2024\/05\/Teleskopi\u0307k-Yana-Kayar-Kapilar-2.jpg\" class=\"ha-image-grid__item ha-js-lightbox __fltr-1\">\n\t\t\t\t\t<img loading=\"lazy\" decoding=\"async\" width=\"800\" height=\"600\" src=\"https:\/\/kanonkapi.com\/wp-content\/uploads\/2024\/05\/Teleskopi\u0307k-Yana-Kayar-Kapilar-2.jpg\" class=\"elementor-animation-grow\" alt=\"\" \/>\t\t\t\t<\/a>\n\t\t\t\t\t<\/div>\n\n\t\t\t\t<\/div>\n\t\t\t\t<\/div>\n\t\t\t\t\t<\/div>\n\t\t<\/div>\n\t\t\t\t\t<\/div>\n\t\t<\/section>\n\t\t\t\t<\/div>","protected":false},"excerpt":{"rendered":"<p>Teleskopik otomatik kayar kap\u0131lar; s\u0131n\u0131rl\u0131 alana sahip giri\u015fler, b\u00f6lme koridorlar\u0131 veya dar alanlara eri\u015fimi geni\u015fletmek ve maksimize etmek i\u00e7in idealdir. Mimari mek\u00e2na uyum sa\u011flama yetene\u011fi; bizi karakterize eden, zarif kap\u0131larla sonu\u00e7lanan uyumlu bir estetik sunar. Standart Manusa kap\u0131lar\u0131n\u0131n y\u00fcksek performans ve karakteristik tasar\u0131m\u0131n\u0131 bir araya getiren teleskopik kayar kap\u0131lar, her mek\u00e2n\u0131n \u00f6zel ihtiya\u00e7lar\u0131na \u015f\u0131k ve [&hellip;]<\/p>","protected":false},"author":1,"featured_media":0,"parent":0,"menu_order":0,"comment_status":"closed","ping_status":"closed","template":"","meta":{"footnotes":""},"categories":[77,85],"tags":[],"class_list":["post-8689","page","type-page","status-publish","hentry","category-fotoselli-kapilar","category-manusa"],"yoast_head":"<!-- This site is optimized with the Yoast SEO plugin v23.6 - https:\/\/yoast.com\/wordpress\/plugins\/seo\/ -->\n<title>Teleskopi\u0307k Yana Kayar Kap\u0131lar - Manusa - Kanon Kap\u0131<\/title>\n<meta name=\"robots\" content=\"index, follow, max-snippet:-1, max-image-preview:large, max-video-preview:-1\" \/>\n<link rel=\"canonical\" href=\"https:\/\/kanonkapi.com\/en\/teleskopi\u0307k-yana-kayar-kapilar-manusa\/\" \/>\n<meta property=\"og:locale\" content=\"en_US\" \/>\n<meta property=\"og:type\" content=\"article\" \/>\n<meta property=\"og:title\" content=\"Teleskopi\u0307k Yana Kayar Kap\u0131lar - Manusa - Kanon Kap\u0131\" \/>\n<meta property=\"og:description\" content=\"Teleskopik otomatik kayar kap\u0131lar; s\u0131n\u0131rl\u0131 alana sahip giri\u015fler, b\u00f6lme koridorlar\u0131 veya dar alanlara eri\u015fimi geni\u015fletmek ve maksimize etmek i\u00e7in idealdir. Mimari mek\u00e2na uyum sa\u011flama yetene\u011fi; bizi karakterize eden, zarif kap\u0131larla sonu\u00e7lanan uyumlu bir estetik sunar. Standart Manusa kap\u0131lar\u0131n\u0131n y\u00fcksek performans ve karakteristik tasar\u0131m\u0131n\u0131 bir araya getiren teleskopik kayar kap\u0131lar, her mek\u00e2n\u0131n \u00f6zel ihtiya\u00e7lar\u0131na \u015f\u0131k ve [&hellip;]\" \/>\n<meta property=\"og:url\" content=\"https:\/\/kanonkapi.com\/en\/teleskopi\u0307k-yana-kayar-kapilar-manusa\/\" \/>\n<meta property=\"og:site_name\" content=\"Kanon Kap\u0131\" \/>\n<meta property=\"article:publisher\" content=\"https:\/\/www.facebook.com\/p\/Kanon-Yapi-Otomasyon-100063698436460\/\" \/>\n<meta property=\"article:modified_time\" content=\"2024-05-29T12:44:22+00:00\" \/>\n<meta name=\"twitter:card\" content=\"summary_large_image\" \/>\n<meta name=\"twitter:label1\" content=\"Est. reading time\" \/>\n\t<meta name=\"twitter:data1\" content=\"1 minute\" \/>\n<script type=\"application\/ld+json\" class=\"yoast-schema-graph\">{\"@context\":\"https:\/\/schema.org\",\"@graph\":[{\"@type\":\"WebPage\",\"@id\":\"https:\/\/kanonkapi.com\/teleskopi%cc%87k-yana-kayar-kapilar-manusa\/\",\"url\":\"https:\/\/kanonkapi.com\/teleskopi%cc%87k-yana-kayar-kapilar-manusa\/\",\"name\":\"Teleskopi\u0307k Yana Kayar Kap\u0131lar - Manusa - Kanon Kap\u0131\",\"isPartOf\":{\"@id\":\"https:\/\/kanonkapi.com\/#website\"},\"datePublished\":\"2024-05-18T16:52:00+00:00\",\"dateModified\":\"2024-05-29T12:44:22+00:00\",\"breadcrumb\":{\"@id\":\"https:\/\/kanonkapi.com\/teleskopi%cc%87k-yana-kayar-kapilar-manusa\/#breadcrumb\"},\"inLanguage\":\"en-US\",\"potentialAction\":[{\"@type\":\"ReadAction\",\"target\":[\"https:\/\/kanonkapi.com\/teleskopi%cc%87k-yana-kayar-kapilar-manusa\/\"]}]},{\"@type\":\"BreadcrumbList\",\"@id\":\"https:\/\/kanonkapi.com\/teleskopi%cc%87k-yana-kayar-kapilar-manusa\/#breadcrumb\",\"itemListElement\":[{\"@type\":\"ListItem\",\"position\":1,\"name\":\"Anasayfa\",\"item\":\"https:\/\/kanonkapi.com\/\"},{\"@type\":\"ListItem\",\"position\":2,\"name\":\"Teleskopi\u0307k Yana Kayar Kap\u0131lar &#8211; Manusa\"}]},{\"@type\":\"WebSite\",\"@id\":\"https:\/\/kanonkapi.com\/#website\",\"url\":\"https:\/\/kanonkapi.com\/\",\"name\":\"Kanon Kap\u0131\",\"description\":\"Otomatik Kap\u0131 Sistemler\",\"publisher\":{\"@id\":\"https:\/\/kanonkapi.com\/#organization\"},\"potentialAction\":[{\"@type\":\"SearchAction\",\"target\":{\"@type\":\"EntryPoint\",\"urlTemplate\":\"https:\/\/kanonkapi.com\/?s={search_term_string}\"},\"query-input\":{\"@type\":\"PropertyValueSpecification\",\"valueRequired\":true,\"valueName\":\"search_term_string\"}}],\"inLanguage\":\"en-US\"},{\"@type\":\"Organization\",\"@id\":\"https:\/\/kanonkapi.com\/#organization\",\"name\":\"Kanon Kap\u0131\",\"url\":\"https:\/\/kanonkapi.com\/\",\"logo\":{\"@type\":\"ImageObject\",\"inLanguage\":\"en-US\",\"@id\":\"https:\/\/kanonkapi.com\/#\/schema\/logo\/image\/\",\"url\":\"https:\/\/kanonkapi.com\/wp-content\/uploads\/2024\/05\/logo.png\",\"contentUrl\":\"https:\/\/kanonkapi.com\/wp-content\/uploads\/2024\/05\/logo.png\",\"width\":600,\"height\":161,\"caption\":\"Kanon Kap\u0131\"},\"image\":{\"@id\":\"https:\/\/kanonkapi.com\/#\/schema\/logo\/image\/\"},\"sameAs\":[\"https:\/\/www.facebook.com\/p\/Kanon-Yapi-Otomasyon-100063698436460\/\",\"https:\/\/www.instagram.com\/kanonotomatikkapi\/\"]}]}<\/script>\n<!-- \/ Yoast SEO plugin. -->","yoast_head_json":{"title":"Teleskopi\u0307k Yana Kayar Kap\u0131lar - Manusa - Kanon Kap\u0131","robots":{"index":"index","follow":"follow","max-snippet":"max-snippet:-1","max-image-preview":"max-image-preview:large","max-video-preview":"max-video-preview:-1"},"canonical":"https:\/\/kanonkapi.com\/en\/teleskopi\u0307k-yana-kayar-kapilar-manusa\/","og_locale":"en_US","og_type":"article","og_title":"Teleskopi\u0307k Yana Kayar Kap\u0131lar - Manusa - Kanon Kap\u0131","og_description":"Teleskopik otomatik kayar kap\u0131lar; s\u0131n\u0131rl\u0131 alana sahip giri\u015fler, b\u00f6lme koridorlar\u0131 veya dar alanlara eri\u015fimi geni\u015fletmek ve maksimize etmek i\u00e7in idealdir. Mimari mek\u00e2na uyum sa\u011flama yetene\u011fi; bizi karakterize eden, zarif kap\u0131larla sonu\u00e7lanan uyumlu bir estetik sunar. Standart Manusa kap\u0131lar\u0131n\u0131n y\u00fcksek performans ve karakteristik tasar\u0131m\u0131n\u0131 bir araya getiren teleskopik kayar kap\u0131lar, her mek\u00e2n\u0131n \u00f6zel ihtiya\u00e7lar\u0131na \u015f\u0131k ve [&hellip;]","og_url":"https:\/\/kanonkapi.com\/en\/teleskopi\u0307k-yana-kayar-kapilar-manusa\/","og_site_name":"Kanon Kap\u0131","article_publisher":"https:\/\/www.facebook.com\/p\/Kanon-Yapi-Otomasyon-100063698436460\/","article_modified_time":"2024-05-29T12:44:22+00:00","twitter_card":"summary_large_image","twitter_misc":{"Est. reading time":"1 minute"},"schema":{"@context":"https:\/\/schema.org","@graph":[{"@type":"WebPage","@id":"https:\/\/kanonkapi.com\/teleskopi%cc%87k-yana-kayar-kapilar-manusa\/","url":"https:\/\/kanonkapi.com\/teleskopi%cc%87k-yana-kayar-kapilar-manusa\/","name":"Teleskopi\u0307k Yana Kayar Kap\u0131lar - Manusa - Kanon Kap\u0131","isPartOf":{"@id":"https:\/\/kanonkapi.com\/#website"},"datePublished":"2024-05-18T16:52:00+00:00","dateModified":"2024-05-29T12:44:22+00:00","breadcrumb":{"@id":"https:\/\/kanonkapi.com\/teleskopi%cc%87k-yana-kayar-kapilar-manusa\/#breadcrumb"},"inLanguage":"en-US","potentialAction":[{"@type":"ReadAction","target":["https:\/\/kanonkapi.com\/teleskopi%cc%87k-yana-kayar-kapilar-manusa\/"]}]},{"@type":"BreadcrumbList","@id":"https:\/\/kanonkapi.com\/teleskopi%cc%87k-yana-kayar-kapilar-manusa\/#breadcrumb","itemListElement":[{"@type":"ListItem","position":1,"name":"Anasayfa","item":"https:\/\/kanonkapi.com\/"},{"@type":"ListItem","position":2,"name":"Teleskopi\u0307k Yana Kayar Kap\u0131lar &#8211; Manusa"}]},{"@type":"WebSite","@id":"https:\/\/kanonkapi.com\/#website","url":"https:\/\/kanonkapi.com\/","name":"Kanon Kap\u0131","description":"Otomatik Kap\u0131 Sistemler","publisher":{"@id":"https:\/\/kanonkapi.com\/#organization"},"potentialAction":[{"@type":"SearchAction","target":{"@type":"EntryPoint","urlTemplate":"https:\/\/kanonkapi.com\/?s={search_term_string}"},"query-input":{"@type":"PropertyValueSpecification","valueRequired":true,"valueName":"search_term_string"}}],"inLanguage":"en-US"},{"@type":"Organization","@id":"https:\/\/kanonkapi.com\/#organization","name":"Kanon Kap\u0131","url":"https:\/\/kanonkapi.com\/","logo":{"@type":"ImageObject","inLanguage":"en-US","@id":"https:\/\/kanonkapi.com\/#\/schema\/logo\/image\/","url":"https:\/\/kanonkapi.com\/wp-content\/uploads\/2024\/05\/logo.png","contentUrl":"https:\/\/kanonkapi.com\/wp-content\/uploads\/2024\/05\/logo.png","width":600,"height":161,"caption":"Kanon Kap\u0131"},"image":{"@id":"https:\/\/kanonkapi.com\/#\/schema\/logo\/image\/"},"sameAs":["https:\/\/www.facebook.com\/p\/Kanon-Yapi-Otomasyon-100063698436460\/","https:\/\/www.instagram.com\/kanonotomatikkapi\/"]}]}},"_links":{"self":[{"href":"https:\/\/kanonkapi.com\/en\/wp-json\/wp\/v2\/pages\/8689","targetHints":{"allow":["GET"]}}],"collection":[{"href":"https:\/\/kanonkapi.com\/en\/wp-json\/wp\/v2\/pages"}],"about":[{"href":"https:\/\/kanonkapi.com\/en\/wp-json\/wp\/v2\/types\/page"}],"author":[{"embeddable":true,"href":"https:\/\/kanonkapi.com\/en\/wp-json\/wp\/v2\/users\/1"}],"replies":[{"embeddable":true,"href":"https:\/\/kanonkapi.com\/en\/wp-json\/wp\/v2\/comments?post=8689"}],"version-history":[{"count":0,"href":"https:\/\/kanonkapi.com\/en\/wp-json\/wp\/v2\/pages\/8689\/revisions"}],"wp:attachment":[{"href":"https:\/\/kanonkapi.com\/en\/wp-json\/wp\/v2\/media?parent=8689"}],"wp:term":[{"taxonomy":"category","embeddable":true,"href":"https:\/\/kanonkapi.com\/en\/wp-json\/wp\/v2\/categories?post=8689"},{"taxonomy":"post_tag","embeddable":true,"href":"https:\/\/kanonkapi.com\/en\/wp-json\/wp\/v2\/tags?post=8689"}],"curies":[{"name":"wp","href":"https:\/\/api.w.org\/{rel}","templated":true}]}}