{"id":8833,"date":"2024-05-18T21:31:53","date_gmt":"2024-05-18T18:31:53","guid":{"rendered":"https:\/\/demo.kanonkapi.com\/?page_id=8833"},"modified":"2024-05-29T15:56:08","modified_gmt":"2024-05-29T12:56:08","slug":"pvc-serit-perde","status":"publish","type":"page","link":"https:\/\/kanonkapi.com\/en\/pvc-serit-perde\/","title":{"rendered":"PVC Strip Curtains"},"content":{"rendered":"<div data-elementor-type=\"wp-post\" data-elementor-id=\"8833\" class=\"elementor elementor-8833\" data-elementor-settings=\"{&quot;ha_cmc_init_switcher&quot;:&quot;no&quot;}\">\n\t\t\t\t\t\t<section class=\"elementor-section elementor-top-section elementor-element elementor-element-148ec1c elementor-section-boxed elementor-section-height-default elementor-section-height-default\" data-id=\"148ec1c\" data-element_type=\"section\" data-settings=\"{&quot;background_background&quot;:&quot;classic&quot;,&quot;_ha_eqh_enable&quot;:false}\">\n\t\t\t\t\t\t<div class=\"elementor-container elementor-column-gap-default\">\n\t\t\t\t\t<div class=\"elementor-column elementor-col-100 elementor-top-column elementor-element elementor-element-e19e6d8 column-style-top\" data-id=\"e19e6d8\" data-element_type=\"column\">\n\t\t\t<div class=\"elementor-widget-wrap elementor-element-populated\">\n\t\t\t\t\t\t<div class=\"elementor-element elementor-element-b498e66 elementor-widget elementor-widget-text-editor\" data-id=\"b498e66\" data-element_type=\"widget\" data-widget_type=\"text-editor.default\">\n\t\t\t\t<div class=\"elementor-widget-container\">\n\t\t\t\t\t\t\t<p>PVC Curtain Doors are extremely practical and economical solutions, consisting of transparent PVC tapes, used for partition purposes in work areas. Thanks to the flame retardants in their composition, fire-resistant PVC strip doors can be used as cabins or partitions in welding shops.<\/p><p>In case of being left open for a long time, it is possible to manually move the door to one side. It is used to separate welding and grinding areas from other working environments. Against UV rays harmful to the eyes; It also provides protection against hot sawdust and volatile dust.<\/p><p>There are two different types, mobile and fixed, depending on the purpose of use.<\/p><p>In case of being left open for a long time, it is possible to manually move the door to one side. It is used to separate welding and grinding areas from other working environments. Against UV rays harmful to the eyes; It also provides protection against hot sawdust and volatile dust.<br><\/p>\t\t\t\t\t\t<\/div>\n\t\t\t\t<\/div>\n\t\t\t\t\t<\/div>\n\t\t<\/div>\n\t\t\t\t\t<\/div>\n\t\t<\/section>\n\t\t\t\t<section class=\"elementor-section elementor-top-section elementor-element elementor-element-834d6bf elementor-section-boxed elementor-section-height-default elementor-section-height-default\" data-id=\"834d6bf\" data-element_type=\"section\" data-settings=\"{&quot;background_background&quot;:&quot;classic&quot;}\">\n\t\t\t\t\t\t\t<div class=\"elementor-background-overlay\"><\/div>\n\t\t\t\t\t\t\t<div class=\"elementor-container elementor-column-gap-default\">\n\t\t\t\t\t<div class=\"elementor-column elementor-col-100 elementor-top-column elementor-element elementor-element-4b4011c column-style-top\" data-id=\"4b4011c\" data-element_type=\"column\" data-settings=\"{&quot;background_background&quot;:&quot;classic&quot;}\">\n\t\t\t<div class=\"elementor-widget-wrap elementor-element-populated\">\n\t\t\t\t\t\t<div class=\"elementor-element elementor-element-8c02324 premium-title-flex-start premium-title-color elementor-widget elementor-widget-premium-addon-title\" data-id=\"8c02324\" data-element_type=\"widget\" data-widget_type=\"premium-addon-title.default\">\n\t\t\t\t<div class=\"elementor-widget-container\">\n\t\t\t\n\t\t<div class=\"premium-title-container style4\">\n\t\t\t<h3 class=\"premium-title-header premium-title-style4\">\n\t\t\t\t\n\t\t\t\t\n\t\t\t\t\t\t\t\t\t\t\t\t<span class=\"premium-title-text\" >\n\t\t\t\t\tExample Applications\t\t\t\t<\/span>\n\t\t\t\t\t\n\t\t\t\t\t\t\t\t\t\t\t<\/h3>\n\t\t<\/div>\n\n\t\t\t\t<\/div>\n\t\t\t\t<\/div>\n\t\t\t\t<div class=\"elementor-element elementor-element-c9cdd6d ha-image-grid--even elementor-widget elementor-widget-ha-image-grid happy-addon ha-image-grid\" data-id=\"c9cdd6d\" data-element_type=\"widget\" data-settings=\"{&quot;layout&quot;:&quot;even&quot;,&quot;enable_popup&quot;:&quot;yes&quot;}\" data-widget_type=\"ha-image-grid.default\">\n\t\t\t\t<div class=\"elementor-widget-container\">\n\t\t\t\n\t\t<div class=\"ha-image-grid__wrap hajs-isotope ha-lightbox--has\">\n\t\t\t\t\t\t\t\n\t\t\t\t<a href=\"#\" data-mfp-src=\"https:\/\/kanonkapi.com\/wp-content\/uploads\/2024\/05\/Pvc-Serit-Perde-1-1024x768.webp\" class=\"ha-image-grid__item ha-js-lightbox __fltr-1\">\n\t\t\t\t\t<img fetchpriority=\"high\" decoding=\"async\" width=\"2560\" height=\"1920\" src=\"https:\/\/kanonkapi.com\/wp-content\/uploads\/2024\/05\/Pvc-Serit-Perde-1.webp\" class=\"elementor-animation-grow\" alt=\"\" \/>\t\t\t\t<\/a>\n\t\t\t\t\t\t\t\n\t\t\t\t<a href=\"#\" data-mfp-src=\"https:\/\/kanonkapi.com\/wp-content\/uploads\/2024\/05\/Pvc-Serit-Perde-2-1024x773.webp\" class=\"ha-image-grid__item ha-js-lightbox __fltr-1\">\n\t\t\t\t\t<img decoding=\"async\" width=\"1317\" height=\"994\" src=\"https:\/\/kanonkapi.com\/wp-content\/uploads\/2024\/05\/Pvc-Serit-Perde-2.webp\" class=\"elementor-animation-grow\" alt=\"\" \/>\t\t\t\t<\/a>\n\t\t\t\t\t\t\t\n\t\t\t\t<a href=\"#\" data-mfp-src=\"https:\/\/kanonkapi.com\/wp-content\/uploads\/2024\/05\/Pvc-Serit-Perde-1-724x1024.jpg\" class=\"ha-image-grid__item ha-js-lightbox __fltr-1\">\n\t\t\t\t\t<img decoding=\"async\" width=\"1810\" height=\"2560\" src=\"https:\/\/kanonkapi.com\/wp-content\/uploads\/2024\/05\/Pvc-Serit-Perde-1-scaled.jpg\" class=\"elementor-animation-grow\" alt=\"\" \/>\t\t\t\t<\/a>\n\t\t\t\t\t<\/div>\n\n\t\t\t\t<\/div>\n\t\t\t\t<\/div>\n\t\t\t\t\t<\/div>\n\t\t<\/div>\n\t\t\t\t\t<\/div>\n\t\t<\/section>\n\t\t\t\t<\/div>","protected":false},"excerpt":{"rendered":"<p>PVC Perde Kap\u0131lar, \u015feffaf PVC bantlardan olu\u015fan, \u00e7al\u0131\u015fma alanlar\u0131nda b\u00f6lme amac\u0131yla kullan\u0131lan son derece pratik ve ekonomik \u00e7\u00f6z\u00fcmlerdir. Bile\u015fimlerindeki alev geciktiriciler sayesinde yang\u0131na dayan\u0131kl\u0131 PVC \u015ferit kap\u0131lar kaynakhanelerde kabin ya da b\u00f6lme amac\u0131yla kullan\u0131labilirler. Uzun s\u00fcreli a\u00e7\u0131k kalma durumunda, kap\u0131n\u0131n manuel olarak bir yana toplanma imkan\u0131 vard\u0131r. Kaynak ve ta\u015flama alanlar\u0131n\u0131n di\u011fer \u00e7al\u0131\u015fma ortamlar\u0131ndan ayr\u0131lmas\u0131 [&hellip;]<\/p>","protected":false},"author":1,"featured_media":0,"parent":0,"menu_order":0,"comment_status":"closed","ping_status":"closed","template":"","meta":{"footnotes":""},"categories":[78],"tags":[],"class_list":["post-8833","page","type-page","status-publish","hentry","category-seksiyonel-kapilar"],"yoast_head":"<!-- This site is optimized with the Yoast SEO plugin v23.6 - https:\/\/yoast.com\/wordpress\/plugins\/seo\/ -->\n<title>Pvc \u015eerit Perde - Kanon Kap\u0131<\/title>\n<meta name=\"robots\" content=\"index, follow, max-snippet:-1, max-image-preview:large, max-video-preview:-1\" \/>\n<link rel=\"canonical\" href=\"https:\/\/kanonkapi.com\/en\/pvc-serit-perde\/\" \/>\n<meta property=\"og:locale\" content=\"en_US\" \/>\n<meta property=\"og:type\" content=\"article\" \/>\n<meta property=\"og:title\" content=\"Pvc \u015eerit Perde - Kanon Kap\u0131\" \/>\n<meta property=\"og:description\" content=\"PVC Perde Kap\u0131lar, \u015feffaf PVC bantlardan olu\u015fan, \u00e7al\u0131\u015fma alanlar\u0131nda b\u00f6lme amac\u0131yla kullan\u0131lan son derece pratik ve ekonomik \u00e7\u00f6z\u00fcmlerdir. Bile\u015fimlerindeki alev geciktiriciler sayesinde yang\u0131na dayan\u0131kl\u0131 PVC \u015ferit kap\u0131lar kaynakhanelerde kabin ya da b\u00f6lme amac\u0131yla kullan\u0131labilirler. Uzun s\u00fcreli a\u00e7\u0131k kalma durumunda, kap\u0131n\u0131n manuel olarak bir yana toplanma imkan\u0131 vard\u0131r. Kaynak ve ta\u015flama alanlar\u0131n\u0131n di\u011fer \u00e7al\u0131\u015fma ortamlar\u0131ndan ayr\u0131lmas\u0131 [&hellip;]\" \/>\n<meta property=\"og:url\" content=\"https:\/\/kanonkapi.com\/en\/pvc-serit-perde\/\" \/>\n<meta property=\"og:site_name\" content=\"Kanon Kap\u0131\" \/>\n<meta property=\"article:publisher\" content=\"https:\/\/www.facebook.com\/p\/Kanon-Yapi-Otomasyon-100063698436460\/\" \/>\n<meta property=\"article:modified_time\" content=\"2024-05-29T12:56:08+00:00\" \/>\n<meta property=\"og:image\" content=\"https:\/\/kanonkapi.com\/wp-content\/uploads\/2024\/05\/Pvc-Serit-Perde-1.webp\" \/>\n<meta name=\"twitter:card\" content=\"summary_large_image\" \/>\n<meta name=\"twitter:label1\" content=\"Est. reading time\" \/>\n\t<meta name=\"twitter:data1\" content=\"1 minute\" \/>\n<script type=\"application\/ld+json\" class=\"yoast-schema-graph\">{\"@context\":\"https:\/\/schema.org\",\"@graph\":[{\"@type\":\"WebPage\",\"@id\":\"https:\/\/kanonkapi.com\/pvc-serit-perde\/\",\"url\":\"https:\/\/kanonkapi.com\/pvc-serit-perde\/\",\"name\":\"Pvc \u015eerit Perde - Kanon Kap\u0131\",\"isPartOf\":{\"@id\":\"https:\/\/kanonkapi.com\/#website\"},\"primaryImageOfPage\":{\"@id\":\"https:\/\/kanonkapi.com\/pvc-serit-perde\/#primaryimage\"},\"image\":{\"@id\":\"https:\/\/kanonkapi.com\/pvc-serit-perde\/#primaryimage\"},\"thumbnailUrl\":\"https:\/\/kanonkapi.com\/wp-content\/uploads\/2024\/05\/Pvc-Serit-Perde-1.webp\",\"datePublished\":\"2024-05-18T18:31:53+00:00\",\"dateModified\":\"2024-05-29T12:56:08+00:00\",\"breadcrumb\":{\"@id\":\"https:\/\/kanonkapi.com\/pvc-serit-perde\/#breadcrumb\"},\"inLanguage\":\"en-US\",\"potentialAction\":[{\"@type\":\"ReadAction\",\"target\":[\"https:\/\/kanonkapi.com\/pvc-serit-perde\/\"]}]},{\"@type\":\"ImageObject\",\"inLanguage\":\"en-US\",\"@id\":\"https:\/\/kanonkapi.com\/pvc-serit-perde\/#primaryimage\",\"url\":\"https:\/\/kanonkapi.com\/wp-content\/uploads\/2024\/05\/Pvc-Serit-Perde-1.webp\",\"contentUrl\":\"https:\/\/kanonkapi.com\/wp-content\/uploads\/2024\/05\/Pvc-Serit-Perde-1.webp\"},{\"@type\":\"BreadcrumbList\",\"@id\":\"https:\/\/kanonkapi.com\/pvc-serit-perde\/#breadcrumb\",\"itemListElement\":[{\"@type\":\"ListItem\",\"position\":1,\"name\":\"Anasayfa\",\"item\":\"https:\/\/kanonkapi.com\/\"},{\"@type\":\"ListItem\",\"position\":2,\"name\":\"Pvc \u015eerit Perde\"}]},{\"@type\":\"WebSite\",\"@id\":\"https:\/\/kanonkapi.com\/#website\",\"url\":\"https:\/\/kanonkapi.com\/\",\"name\":\"Kanon Kap\u0131\",\"description\":\"Otomatik Kap\u0131 Sistemler\",\"publisher\":{\"@id\":\"https:\/\/kanonkapi.com\/#organization\"},\"potentialAction\":[{\"@type\":\"SearchAction\",\"target\":{\"@type\":\"EntryPoint\",\"urlTemplate\":\"https:\/\/kanonkapi.com\/?s={search_term_string}\"},\"query-input\":{\"@type\":\"PropertyValueSpecification\",\"valueRequired\":true,\"valueName\":\"search_term_string\"}}],\"inLanguage\":\"en-US\"},{\"@type\":\"Organization\",\"@id\":\"https:\/\/kanonkapi.com\/#organization\",\"name\":\"Kanon Kap\u0131\",\"url\":\"https:\/\/kanonkapi.com\/\",\"logo\":{\"@type\":\"ImageObject\",\"inLanguage\":\"en-US\",\"@id\":\"https:\/\/kanonkapi.com\/#\/schema\/logo\/image\/\",\"url\":\"https:\/\/kanonkapi.com\/wp-content\/uploads\/2024\/05\/logo.png\",\"contentUrl\":\"https:\/\/kanonkapi.com\/wp-content\/uploads\/2024\/05\/logo.png\",\"width\":600,\"height\":161,\"caption\":\"Kanon Kap\u0131\"},\"image\":{\"@id\":\"https:\/\/kanonkapi.com\/#\/schema\/logo\/image\/\"},\"sameAs\":[\"https:\/\/www.facebook.com\/p\/Kanon-Yapi-Otomasyon-100063698436460\/\",\"https:\/\/www.instagram.com\/kanonotomatikkapi\/\"]}]}<\/script>\n<!-- \/ Yoast SEO plugin. -->","yoast_head_json":{"title":"Pvc \u015eerit Perde - Kanon Kap\u0131","robots":{"index":"index","follow":"follow","max-snippet":"max-snippet:-1","max-image-preview":"max-image-preview:large","max-video-preview":"max-video-preview:-1"},"canonical":"https:\/\/kanonkapi.com\/en\/pvc-serit-perde\/","og_locale":"en_US","og_type":"article","og_title":"Pvc \u015eerit Perde - Kanon Kap\u0131","og_description":"PVC Perde Kap\u0131lar, \u015feffaf PVC bantlardan olu\u015fan, \u00e7al\u0131\u015fma alanlar\u0131nda b\u00f6lme amac\u0131yla kullan\u0131lan son derece pratik ve ekonomik \u00e7\u00f6z\u00fcmlerdir. Bile\u015fimlerindeki alev geciktiriciler sayesinde yang\u0131na dayan\u0131kl\u0131 PVC \u015ferit kap\u0131lar kaynakhanelerde kabin ya da b\u00f6lme amac\u0131yla kullan\u0131labilirler. Uzun s\u00fcreli a\u00e7\u0131k kalma durumunda, kap\u0131n\u0131n manuel olarak bir yana toplanma imkan\u0131 vard\u0131r. Kaynak ve ta\u015flama alanlar\u0131n\u0131n di\u011fer \u00e7al\u0131\u015fma ortamlar\u0131ndan ayr\u0131lmas\u0131 [&hellip;]","og_url":"https:\/\/kanonkapi.com\/en\/pvc-serit-perde\/","og_site_name":"Kanon Kap\u0131","article_publisher":"https:\/\/www.facebook.com\/p\/Kanon-Yapi-Otomasyon-100063698436460\/","article_modified_time":"2024-05-29T12:56:08+00:00","og_image":[{"url":"https:\/\/kanonkapi.com\/wp-content\/uploads\/2024\/05\/Pvc-Serit-Perde-1.webp"}],"twitter_card":"summary_large_image","twitter_misc":{"Est. reading time":"1 minute"},"schema":{"@context":"https:\/\/schema.org","@graph":[{"@type":"WebPage","@id":"https:\/\/kanonkapi.com\/pvc-serit-perde\/","url":"https:\/\/kanonkapi.com\/pvc-serit-perde\/","name":"Pvc \u015eerit Perde - Kanon Kap\u0131","isPartOf":{"@id":"https:\/\/kanonkapi.com\/#website"},"primaryImageOfPage":{"@id":"https:\/\/kanonkapi.com\/pvc-serit-perde\/#primaryimage"},"image":{"@id":"https:\/\/kanonkapi.com\/pvc-serit-perde\/#primaryimage"},"thumbnailUrl":"https:\/\/kanonkapi.com\/wp-content\/uploads\/2024\/05\/Pvc-Serit-Perde-1.webp","datePublished":"2024-05-18T18:31:53+00:00","dateModified":"2024-05-29T12:56:08+00:00","breadcrumb":{"@id":"https:\/\/kanonkapi.com\/pvc-serit-perde\/#breadcrumb"},"inLanguage":"en-US","potentialAction":[{"@type":"ReadAction","target":["https:\/\/kanonkapi.com\/pvc-serit-perde\/"]}]},{"@type":"ImageObject","inLanguage":"en-US","@id":"https:\/\/kanonkapi.com\/pvc-serit-perde\/#primaryimage","url":"https:\/\/kanonkapi.com\/wp-content\/uploads\/2024\/05\/Pvc-Serit-Perde-1.webp","contentUrl":"https:\/\/kanonkapi.com\/wp-content\/uploads\/2024\/05\/Pvc-Serit-Perde-1.webp"},{"@type":"BreadcrumbList","@id":"https:\/\/kanonkapi.com\/pvc-serit-perde\/#breadcrumb","itemListElement":[{"@type":"ListItem","position":1,"name":"Anasayfa","item":"https:\/\/kanonkapi.com\/"},{"@type":"ListItem","position":2,"name":"Pvc \u015eerit Perde"}]},{"@type":"WebSite","@id":"https:\/\/kanonkapi.com\/#website","url":"https:\/\/kanonkapi.com\/","name":"Kanon Kap\u0131","description":"Otomatik Kap\u0131 Sistemler","publisher":{"@id":"https:\/\/kanonkapi.com\/#organization"},"potentialAction":[{"@type":"SearchAction","target":{"@type":"EntryPoint","urlTemplate":"https:\/\/kanonkapi.com\/?s={search_term_string}"},"query-input":{"@type":"PropertyValueSpecification","valueRequired":true,"valueName":"search_term_string"}}],"inLanguage":"en-US"},{"@type":"Organization","@id":"https:\/\/kanonkapi.com\/#organization","name":"Kanon Kap\u0131","url":"https:\/\/kanonkapi.com\/","logo":{"@type":"ImageObject","inLanguage":"en-US","@id":"https:\/\/kanonkapi.com\/#\/schema\/logo\/image\/","url":"https:\/\/kanonkapi.com\/wp-content\/uploads\/2024\/05\/logo.png","contentUrl":"https:\/\/kanonkapi.com\/wp-content\/uploads\/2024\/05\/logo.png","width":600,"height":161,"caption":"Kanon Kap\u0131"},"image":{"@id":"https:\/\/kanonkapi.com\/#\/schema\/logo\/image\/"},"sameAs":["https:\/\/www.facebook.com\/p\/Kanon-Yapi-Otomasyon-100063698436460\/","https:\/\/www.instagram.com\/kanonotomatikkapi\/"]}]}},"_links":{"self":[{"href":"https:\/\/kanonkapi.com\/en\/wp-json\/wp\/v2\/pages\/8833","targetHints":{"allow":["GET"]}}],"collection":[{"href":"https:\/\/kanonkapi.com\/en\/wp-json\/wp\/v2\/pages"}],"about":[{"href":"https:\/\/kanonkapi.com\/en\/wp-json\/wp\/v2\/types\/page"}],"author":[{"embeddable":true,"href":"https:\/\/kanonkapi.com\/en\/wp-json\/wp\/v2\/users\/1"}],"replies":[{"embeddable":true,"href":"https:\/\/kanonkapi.com\/en\/wp-json\/wp\/v2\/comments?post=8833"}],"version-history":[{"count":0,"href":"https:\/\/kanonkapi.com\/en\/wp-json\/wp\/v2\/pages\/8833\/revisions"}],"wp:attachment":[{"href":"https:\/\/kanonkapi.com\/en\/wp-json\/wp\/v2\/media?parent=8833"}],"wp:term":[{"taxonomy":"category","embeddable":true,"href":"https:\/\/kanonkapi.com\/en\/wp-json\/wp\/v2\/categories?post=8833"},{"taxonomy":"post_tag","embeddable":true,"href":"https:\/\/kanonkapi.com\/en\/wp-json\/wp\/v2\/tags?post=8833"}],"curies":[{"name":"wp","href":"https:\/\/api.w.org\/{rel}","templated":true}]}}