{"id":8896,"date":"2024-05-19T21:41:38","date_gmt":"2024-05-19T18:41:38","guid":{"rendered":"https:\/\/demo.kanonkapi.com\/?page_id=8896"},"modified":"2024-05-19T21:43:08","modified_gmt":"2024-05-19T18:43:08","slug":"yukleme-korugu","status":"publish","type":"page","link":"https:\/\/kanonkapi.com\/en\/yukleme-korugu\/","title":{"rendered":"Loading Elbows"},"content":{"rendered":"<div data-elementor-type=\"wp-post\" data-elementor-id=\"8896\" class=\"elementor elementor-8896\" data-elementor-settings=\"{&quot;ha_cmc_init_switcher&quot;:&quot;no&quot;}\">\n\t\t\t\t\t\t<section class=\"elementor-section elementor-top-section elementor-element elementor-element-148ec1c elementor-section-boxed elementor-section-height-default elementor-section-height-default\" data-id=\"148ec1c\" data-element_type=\"section\" data-settings=\"{&quot;background_background&quot;:&quot;classic&quot;,&quot;_ha_eqh_enable&quot;:false}\">\n\t\t\t\t\t\t<div class=\"elementor-container elementor-column-gap-default\">\n\t\t\t\t\t<div class=\"elementor-column elementor-col-100 elementor-top-column elementor-element elementor-element-e19e6d8 column-style-top\" data-id=\"e19e6d8\" data-element_type=\"column\">\n\t\t\t<div class=\"elementor-widget-wrap elementor-element-populated\">\n\t\t\t\t\t\t<div class=\"elementor-element elementor-element-b498e66 elementor-widget elementor-widget-text-editor\" data-id=\"b498e66\" data-element_type=\"widget\" data-widget_type=\"text-editor.default\">\n\t\t\t\t<div class=\"elementor-widget-container\">\n\t\t\t\t\t\t\t<p>Loading Bellows are an indispensable part of the loading and unloading process in businesses. These mechanisms, which can work as a complementary part with Loading Ramps and Industrial Doors, offer a safe and comfortable loading &amp; unloading process. Loading Bellows, which close the gaps between the vehicle body and the building surface when the Industrial Door systems are opened during loading, support energy saving by cutting off the air flow.<\/p>\t\t\t\t\t\t<\/div>\n\t\t\t\t<\/div>\n\t\t\t\t\t<\/div>\n\t\t<\/div>\n\t\t\t\t\t<\/div>\n\t\t<\/section>\n\t\t\t\t<section class=\"elementor-section elementor-top-section elementor-element elementor-element-834d6bf elementor-section-boxed elementor-section-height-default elementor-section-height-default\" data-id=\"834d6bf\" data-element_type=\"section\" data-settings=\"{&quot;background_background&quot;:&quot;classic&quot;}\">\n\t\t\t\t\t\t\t<div class=\"elementor-background-overlay\"><\/div>\n\t\t\t\t\t\t\t<div class=\"elementor-container elementor-column-gap-default\">\n\t\t\t\t\t<div class=\"elementor-column elementor-col-100 elementor-top-column elementor-element elementor-element-4b4011c column-style-top\" data-id=\"4b4011c\" data-element_type=\"column\" data-settings=\"{&quot;background_background&quot;:&quot;classic&quot;}\">\n\t\t\t<div class=\"elementor-widget-wrap elementor-element-populated\">\n\t\t\t\t\t\t<div class=\"elementor-element elementor-element-8c02324 premium-title-flex-start premium-title-color elementor-widget elementor-widget-premium-addon-title\" data-id=\"8c02324\" data-element_type=\"widget\" data-widget_type=\"premium-addon-title.default\">\n\t\t\t\t<div class=\"elementor-widget-container\">\n\t\t\t\n\t\t<div class=\"premium-title-container style4\">\n\t\t\t<h3 class=\"premium-title-header premium-title-style4\">\n\t\t\t\t\n\t\t\t\t\n\t\t\t\t\t\t\t\t\t\t\t\t<span class=\"premium-title-text\" >\n\t\t\t\t\tExample Applications\t\t\t\t<\/span>\n\t\t\t\t\t\n\t\t\t\t\t\t\t\t\t\t\t<\/h3>\n\t\t<\/div>\n\n\t\t\t\t<\/div>\n\t\t\t\t<\/div>\n\t\t\t\t<div class=\"elementor-element elementor-element-c9cdd6d ha-image-grid--even elementor-widget elementor-widget-ha-image-grid happy-addon ha-image-grid\" data-id=\"c9cdd6d\" data-element_type=\"widget\" data-settings=\"{&quot;layout&quot;:&quot;even&quot;,&quot;enable_popup&quot;:&quot;yes&quot;}\" data-widget_type=\"ha-image-grid.default\">\n\t\t\t\t<div class=\"elementor-widget-container\">\n\t\t\t\n\t\t<div class=\"ha-image-grid__wrap hajs-isotope ha-lightbox--has\">\n\t\t\t\t\t\t\t\n\t\t\t\t<a href=\"#\" data-mfp-src=\"https:\/\/kanonkapi.com\/wp-content\/uploads\/2024\/05\/Yukleme-Korugu-3.jpg\" class=\"ha-image-grid__item ha-js-lightbox __fltr-1\">\n\t\t\t\t\t<img fetchpriority=\"high\" decoding=\"async\" width=\"800\" height=\"534\" src=\"https:\/\/kanonkapi.com\/wp-content\/uploads\/2024\/05\/Yukleme-Korugu-3.jpg\" class=\"elementor-animation-grow\" alt=\"\" \/>\t\t\t\t<\/a>\n\t\t\t\t\t\t\t\n\t\t\t\t<a href=\"#\" data-mfp-src=\"https:\/\/kanonkapi.com\/wp-content\/uploads\/2024\/05\/Yukleme-Korugu-4.jpg\" class=\"ha-image-grid__item ha-js-lightbox __fltr-1\">\n\t\t\t\t\t<img decoding=\"async\" width=\"533\" height=\"600\" src=\"https:\/\/kanonkapi.com\/wp-content\/uploads\/2024\/05\/Yukleme-Korugu-4.jpg\" class=\"elementor-animation-grow\" alt=\"\" \/>\t\t\t\t<\/a>\n\t\t\t\t\t\t\t\n\t\t\t\t<a href=\"#\" data-mfp-src=\"https:\/\/kanonkapi.com\/wp-content\/uploads\/2024\/05\/Yukleme-Korugu-1.jpg\" class=\"ha-image-grid__item ha-js-lightbox __fltr-1\">\n\t\t\t\t\t<img decoding=\"async\" width=\"450\" height=\"600\" src=\"https:\/\/kanonkapi.com\/wp-content\/uploads\/2024\/05\/Yukleme-Korugu-1.jpg\" class=\"elementor-animation-grow\" alt=\"\" \/>\t\t\t\t<\/a>\n\t\t\t\t\t\t\t\n\t\t\t\t<a href=\"#\" data-mfp-src=\"https:\/\/kanonkapi.com\/wp-content\/uploads\/2024\/05\/Yukleme-Korugu-2.jpg\" class=\"ha-image-grid__item ha-js-lightbox __fltr-1\">\n\t\t\t\t\t<img loading=\"lazy\" decoding=\"async\" width=\"800\" height=\"600\" src=\"https:\/\/kanonkapi.com\/wp-content\/uploads\/2024\/05\/Yukleme-Korugu-2.jpg\" class=\"elementor-animation-grow\" alt=\"\" \/>\t\t\t\t<\/a>\n\t\t\t\t\t<\/div>\n\n\t\t\t\t<\/div>\n\t\t\t\t<\/div>\n\t\t\t\t\t<\/div>\n\t\t<\/div>\n\t\t\t\t\t<\/div>\n\t\t<\/section>\n\t\t\t\t<\/div>","protected":false},"excerpt":{"rendered":"<p>Y\u00fckleme K\u00f6r\u00fckleri\u00a0i\u015fletmelerde y\u00fckleme ve bo\u015faltma s\u00fcrecinin vazge\u00e7ilmez bir par\u00e7as\u0131d\u0131r.\u00a0Y\u00fckleme Rampalar\u0131\u00a0ve End\u00fcstriyel Kap\u0131lar ile\u00a0tamamlay\u0131c\u0131 bir par\u00e7a\u00a0olarak \u00e7al\u0131\u015fabilen bu mekanizmalar\u00a0g\u00fcvenli ve konforlu bir y\u00fckleme &amp; bo\u015faltma s\u00fcreci sunar.\u00a0End\u00fcstriyel Kap\u0131\u00a0sistemleri y\u00fckleme s\u0131ras\u0131nda a\u00e7\u0131ld\u0131\u011f\u0131nda ara\u00e7 kasas\u0131 ve bina y\u00fczeyi aras\u0131nda kalan bo\u015fluklar\u0131n kapanmas\u0131n\u0131 sa\u011flayan\u00a0Y\u00fckleme K\u00f6r\u00fckleri\u00a0hava ak\u0131m\u0131n\u0131n kesilmesini sa\u011flayarak enerji tasarrufunu destekler. \u00d6rnek Uygulamalar<\/p>","protected":false},"author":1,"featured_media":0,"parent":0,"menu_order":0,"comment_status":"closed","ping_status":"closed","template":"","meta":{"footnotes":""},"categories":[81],"tags":[],"class_list":["post-8896","page","type-page","status-publish","hentry","category-yukleme-sistemleri"],"yoast_head":"<!-- This site is optimized with the Yoast SEO plugin v23.6 - https:\/\/yoast.com\/wordpress\/plugins\/seo\/ -->\n<title>Y\u00fckleme K\u00f6r\u00fc\u011f\u00fc - Kanon Kap\u0131<\/title>\n<meta name=\"robots\" content=\"index, follow, max-snippet:-1, max-image-preview:large, max-video-preview:-1\" \/>\n<link rel=\"canonical\" href=\"https:\/\/kanonkapi.com\/en\/yukleme-korugu\/\" \/>\n<meta property=\"og:locale\" content=\"en_US\" \/>\n<meta property=\"og:type\" content=\"article\" \/>\n<meta property=\"og:title\" content=\"Y\u00fckleme K\u00f6r\u00fc\u011f\u00fc - Kanon Kap\u0131\" \/>\n<meta property=\"og:description\" content=\"Y\u00fckleme K\u00f6r\u00fckleri\u00a0i\u015fletmelerde y\u00fckleme ve bo\u015faltma s\u00fcrecinin vazge\u00e7ilmez bir par\u00e7as\u0131d\u0131r.\u00a0Y\u00fckleme Rampalar\u0131\u00a0ve End\u00fcstriyel Kap\u0131lar ile\u00a0tamamlay\u0131c\u0131 bir par\u00e7a\u00a0olarak \u00e7al\u0131\u015fabilen bu mekanizmalar\u00a0g\u00fcvenli ve konforlu bir y\u00fckleme &amp; bo\u015faltma s\u00fcreci sunar.\u00a0End\u00fcstriyel Kap\u0131\u00a0sistemleri y\u00fckleme s\u0131ras\u0131nda a\u00e7\u0131ld\u0131\u011f\u0131nda ara\u00e7 kasas\u0131 ve bina y\u00fczeyi aras\u0131nda kalan bo\u015fluklar\u0131n kapanmas\u0131n\u0131 sa\u011flayan\u00a0Y\u00fckleme K\u00f6r\u00fckleri\u00a0hava ak\u0131m\u0131n\u0131n kesilmesini sa\u011flayarak enerji tasarrufunu destekler. \u00d6rnek Uygulamalar\" \/>\n<meta property=\"og:url\" content=\"https:\/\/kanonkapi.com\/en\/yukleme-korugu\/\" \/>\n<meta property=\"og:site_name\" content=\"Kanon Kap\u0131\" \/>\n<meta property=\"article:publisher\" content=\"https:\/\/www.facebook.com\/p\/Kanon-Yapi-Otomasyon-100063698436460\/\" \/>\n<meta property=\"article:modified_time\" content=\"2024-05-19T18:43:08+00:00\" \/>\n<meta property=\"og:image\" content=\"https:\/\/kanonkapi.com\/wp-content\/uploads\/2024\/05\/Yukleme-Korugu-3.jpg\" \/>\n<meta name=\"twitter:card\" content=\"summary_large_image\" \/>\n<script type=\"application\/ld+json\" class=\"yoast-schema-graph\">{\"@context\":\"https:\/\/schema.org\",\"@graph\":[{\"@type\":\"WebPage\",\"@id\":\"https:\/\/kanonkapi.com\/yukleme-korugu\/\",\"url\":\"https:\/\/kanonkapi.com\/yukleme-korugu\/\",\"name\":\"Y\u00fckleme K\u00f6r\u00fc\u011f\u00fc - Kanon Kap\u0131\",\"isPartOf\":{\"@id\":\"https:\/\/kanonkapi.com\/#website\"},\"primaryImageOfPage\":{\"@id\":\"https:\/\/kanonkapi.com\/yukleme-korugu\/#primaryimage\"},\"image\":{\"@id\":\"https:\/\/kanonkapi.com\/yukleme-korugu\/#primaryimage\"},\"thumbnailUrl\":\"https:\/\/kanonkapi.com\/wp-content\/uploads\/2024\/05\/Yukleme-Korugu-3.jpg\",\"datePublished\":\"2024-05-19T18:41:38+00:00\",\"dateModified\":\"2024-05-19T18:43:08+00:00\",\"breadcrumb\":{\"@id\":\"https:\/\/kanonkapi.com\/yukleme-korugu\/#breadcrumb\"},\"inLanguage\":\"en-US\",\"potentialAction\":[{\"@type\":\"ReadAction\",\"target\":[\"https:\/\/kanonkapi.com\/yukleme-korugu\/\"]}]},{\"@type\":\"ImageObject\",\"inLanguage\":\"en-US\",\"@id\":\"https:\/\/kanonkapi.com\/yukleme-korugu\/#primaryimage\",\"url\":\"https:\/\/kanonkapi.com\/wp-content\/uploads\/2024\/05\/Yukleme-Korugu-3.jpg\",\"contentUrl\":\"https:\/\/kanonkapi.com\/wp-content\/uploads\/2024\/05\/Yukleme-Korugu-3.jpg\"},{\"@type\":\"BreadcrumbList\",\"@id\":\"https:\/\/kanonkapi.com\/yukleme-korugu\/#breadcrumb\",\"itemListElement\":[{\"@type\":\"ListItem\",\"position\":1,\"name\":\"Anasayfa\",\"item\":\"https:\/\/kanonkapi.com\/\"},{\"@type\":\"ListItem\",\"position\":2,\"name\":\"Y\u00fckleme K\u00f6r\u00fc\u011f\u00fc\"}]},{\"@type\":\"WebSite\",\"@id\":\"https:\/\/kanonkapi.com\/#website\",\"url\":\"https:\/\/kanonkapi.com\/\",\"name\":\"Kanon Kap\u0131\",\"description\":\"Otomatik Kap\u0131 Sistemler\",\"publisher\":{\"@id\":\"https:\/\/kanonkapi.com\/#organization\"},\"potentialAction\":[{\"@type\":\"SearchAction\",\"target\":{\"@type\":\"EntryPoint\",\"urlTemplate\":\"https:\/\/kanonkapi.com\/?s={search_term_string}\"},\"query-input\":{\"@type\":\"PropertyValueSpecification\",\"valueRequired\":true,\"valueName\":\"search_term_string\"}}],\"inLanguage\":\"en-US\"},{\"@type\":\"Organization\",\"@id\":\"https:\/\/kanonkapi.com\/#organization\",\"name\":\"Kanon Kap\u0131\",\"url\":\"https:\/\/kanonkapi.com\/\",\"logo\":{\"@type\":\"ImageObject\",\"inLanguage\":\"en-US\",\"@id\":\"https:\/\/kanonkapi.com\/#\/schema\/logo\/image\/\",\"url\":\"https:\/\/kanonkapi.com\/wp-content\/uploads\/2024\/05\/logo.png\",\"contentUrl\":\"https:\/\/kanonkapi.com\/wp-content\/uploads\/2024\/05\/logo.png\",\"width\":600,\"height\":161,\"caption\":\"Kanon Kap\u0131\"},\"image\":{\"@id\":\"https:\/\/kanonkapi.com\/#\/schema\/logo\/image\/\"},\"sameAs\":[\"https:\/\/www.facebook.com\/p\/Kanon-Yapi-Otomasyon-100063698436460\/\",\"https:\/\/www.instagram.com\/kanonotomatikkapi\/\"]}]}<\/script>\n<!-- \/ Yoast SEO plugin. -->","yoast_head_json":{"title":"Y\u00fckleme K\u00f6r\u00fc\u011f\u00fc - Kanon Kap\u0131","robots":{"index":"index","follow":"follow","max-snippet":"max-snippet:-1","max-image-preview":"max-image-preview:large","max-video-preview":"max-video-preview:-1"},"canonical":"https:\/\/kanonkapi.com\/en\/yukleme-korugu\/","og_locale":"en_US","og_type":"article","og_title":"Y\u00fckleme K\u00f6r\u00fc\u011f\u00fc - Kanon Kap\u0131","og_description":"Y\u00fckleme K\u00f6r\u00fckleri\u00a0i\u015fletmelerde y\u00fckleme ve bo\u015faltma s\u00fcrecinin vazge\u00e7ilmez bir par\u00e7as\u0131d\u0131r.\u00a0Y\u00fckleme Rampalar\u0131\u00a0ve End\u00fcstriyel Kap\u0131lar ile\u00a0tamamlay\u0131c\u0131 bir par\u00e7a\u00a0olarak \u00e7al\u0131\u015fabilen bu mekanizmalar\u00a0g\u00fcvenli ve konforlu bir y\u00fckleme &amp; bo\u015faltma s\u00fcreci sunar.\u00a0End\u00fcstriyel Kap\u0131\u00a0sistemleri y\u00fckleme s\u0131ras\u0131nda a\u00e7\u0131ld\u0131\u011f\u0131nda ara\u00e7 kasas\u0131 ve bina y\u00fczeyi aras\u0131nda kalan bo\u015fluklar\u0131n kapanmas\u0131n\u0131 sa\u011flayan\u00a0Y\u00fckleme K\u00f6r\u00fckleri\u00a0hava ak\u0131m\u0131n\u0131n kesilmesini sa\u011flayarak enerji tasarrufunu destekler. \u00d6rnek Uygulamalar","og_url":"https:\/\/kanonkapi.com\/en\/yukleme-korugu\/","og_site_name":"Kanon Kap\u0131","article_publisher":"https:\/\/www.facebook.com\/p\/Kanon-Yapi-Otomasyon-100063698436460\/","article_modified_time":"2024-05-19T18:43:08+00:00","og_image":[{"url":"https:\/\/kanonkapi.com\/wp-content\/uploads\/2024\/05\/Yukleme-Korugu-3.jpg"}],"twitter_card":"summary_large_image","schema":{"@context":"https:\/\/schema.org","@graph":[{"@type":"WebPage","@id":"https:\/\/kanonkapi.com\/yukleme-korugu\/","url":"https:\/\/kanonkapi.com\/yukleme-korugu\/","name":"Y\u00fckleme K\u00f6r\u00fc\u011f\u00fc - Kanon Kap\u0131","isPartOf":{"@id":"https:\/\/kanonkapi.com\/#website"},"primaryImageOfPage":{"@id":"https:\/\/kanonkapi.com\/yukleme-korugu\/#primaryimage"},"image":{"@id":"https:\/\/kanonkapi.com\/yukleme-korugu\/#primaryimage"},"thumbnailUrl":"https:\/\/kanonkapi.com\/wp-content\/uploads\/2024\/05\/Yukleme-Korugu-3.jpg","datePublished":"2024-05-19T18:41:38+00:00","dateModified":"2024-05-19T18:43:08+00:00","breadcrumb":{"@id":"https:\/\/kanonkapi.com\/yukleme-korugu\/#breadcrumb"},"inLanguage":"en-US","potentialAction":[{"@type":"ReadAction","target":["https:\/\/kanonkapi.com\/yukleme-korugu\/"]}]},{"@type":"ImageObject","inLanguage":"en-US","@id":"https:\/\/kanonkapi.com\/yukleme-korugu\/#primaryimage","url":"https:\/\/kanonkapi.com\/wp-content\/uploads\/2024\/05\/Yukleme-Korugu-3.jpg","contentUrl":"https:\/\/kanonkapi.com\/wp-content\/uploads\/2024\/05\/Yukleme-Korugu-3.jpg"},{"@type":"BreadcrumbList","@id":"https:\/\/kanonkapi.com\/yukleme-korugu\/#breadcrumb","itemListElement":[{"@type":"ListItem","position":1,"name":"Anasayfa","item":"https:\/\/kanonkapi.com\/"},{"@type":"ListItem","position":2,"name":"Y\u00fckleme K\u00f6r\u00fc\u011f\u00fc"}]},{"@type":"WebSite","@id":"https:\/\/kanonkapi.com\/#website","url":"https:\/\/kanonkapi.com\/","name":"Kanon Kap\u0131","description":"Otomatik Kap\u0131 Sistemler","publisher":{"@id":"https:\/\/kanonkapi.com\/#organization"},"potentialAction":[{"@type":"SearchAction","target":{"@type":"EntryPoint","urlTemplate":"https:\/\/kanonkapi.com\/?s={search_term_string}"},"query-input":{"@type":"PropertyValueSpecification","valueRequired":true,"valueName":"search_term_string"}}],"inLanguage":"en-US"},{"@type":"Organization","@id":"https:\/\/kanonkapi.com\/#organization","name":"Kanon Kap\u0131","url":"https:\/\/kanonkapi.com\/","logo":{"@type":"ImageObject","inLanguage":"en-US","@id":"https:\/\/kanonkapi.com\/#\/schema\/logo\/image\/","url":"https:\/\/kanonkapi.com\/wp-content\/uploads\/2024\/05\/logo.png","contentUrl":"https:\/\/kanonkapi.com\/wp-content\/uploads\/2024\/05\/logo.png","width":600,"height":161,"caption":"Kanon Kap\u0131"},"image":{"@id":"https:\/\/kanonkapi.com\/#\/schema\/logo\/image\/"},"sameAs":["https:\/\/www.facebook.com\/p\/Kanon-Yapi-Otomasyon-100063698436460\/","https:\/\/www.instagram.com\/kanonotomatikkapi\/"]}]}},"_links":{"self":[{"href":"https:\/\/kanonkapi.com\/en\/wp-json\/wp\/v2\/pages\/8896","targetHints":{"allow":["GET"]}}],"collection":[{"href":"https:\/\/kanonkapi.com\/en\/wp-json\/wp\/v2\/pages"}],"about":[{"href":"https:\/\/kanonkapi.com\/en\/wp-json\/wp\/v2\/types\/page"}],"author":[{"embeddable":true,"href":"https:\/\/kanonkapi.com\/en\/wp-json\/wp\/v2\/users\/1"}],"replies":[{"embeddable":true,"href":"https:\/\/kanonkapi.com\/en\/wp-json\/wp\/v2\/comments?post=8896"}],"version-history":[{"count":0,"href":"https:\/\/kanonkapi.com\/en\/wp-json\/wp\/v2\/pages\/8896\/revisions"}],"wp:attachment":[{"href":"https:\/\/kanonkapi.com\/en\/wp-json\/wp\/v2\/media?parent=8896"}],"wp:term":[{"taxonomy":"category","embeddable":true,"href":"https:\/\/kanonkapi.com\/en\/wp-json\/wp\/v2\/categories?post=8896"},{"taxonomy":"post_tag","embeddable":true,"href":"https:\/\/kanonkapi.com\/en\/wp-json\/wp\/v2\/tags?post=8896"}],"curies":[{"name":"wp","href":"https:\/\/api.w.org\/{rel}","templated":true}]}}