{"id":8906,"date":"2024-05-19T21:43:39","date_gmt":"2024-05-19T18:43:39","guid":{"rendered":"https:\/\/demo.kanonkapi.com\/?page_id=8906"},"modified":"2024-05-19T21:49:23","modified_gmt":"2024-05-19T18:49:23","slug":"yukleme-rampasi","status":"publish","type":"page","link":"https:\/\/kanonkapi.com\/en\/yukleme-rampasi\/","title":{"rendered":"Loading Ramps"},"content":{"rendered":"<div data-elementor-type=\"wp-post\" data-elementor-id=\"8906\" class=\"elementor elementor-8906\" data-elementor-settings=\"{&quot;ha_cmc_init_switcher&quot;:&quot;no&quot;}\">\n\t\t\t\t\t\t<section class=\"elementor-section elementor-top-section elementor-element elementor-element-148ec1c elementor-section-boxed elementor-section-height-default elementor-section-height-default\" data-id=\"148ec1c\" data-element_type=\"section\" data-settings=\"{&quot;background_background&quot;:&quot;classic&quot;,&quot;_ha_eqh_enable&quot;:false}\">\n\t\t\t\t\t\t<div class=\"elementor-container elementor-column-gap-default\">\n\t\t\t\t\t<div class=\"elementor-column elementor-col-100 elementor-top-column elementor-element elementor-element-e19e6d8 column-style-top\" data-id=\"e19e6d8\" data-element_type=\"column\">\n\t\t\t<div class=\"elementor-widget-wrap elementor-element-populated\">\n\t\t\t\t\t\t<div class=\"elementor-element elementor-element-b498e66 elementor-widget elementor-widget-text-editor\" data-id=\"b498e66\" data-element_type=\"widget\" data-widget_type=\"text-editor.default\">\n\t\t\t\t<div class=\"elementor-widget-container\">\n\t\t\t\t\t\t\t<p>Loading Ramp is a business-friendly product that eliminates the level difference between the transport vehicle and the loading area in places where goods to be transported, such as products, vehicles, animals, etc. are loaded, and has many different types depending on the purpose of use.<\/p><p><strong>Loading ramp;<\/strong><\/p><ul><li>Purpose of usage,<\/li><li>Loading Zone,<\/li><li>It is produced in many different structures, taking into account variables such as the material to be transported.<\/li><\/ul><p>Loading Ramp, whose carrying capacity can vary between 7 and 15 tons depending on the need, increases work efficiency thanks to the ease of use it offers. Thanks to the drop-patterned sheet metal used on the Loading Ramp platforms, the possibility of skidding is prevented and the maneuverability of forklifts is increased.<\/p><p>In projects where a Loading Ramp is needed, the necessary examination should be made about which type of ramp should be used while the campus is still under construction. In this way, pit-like details that may be required for ramps can be determined in advance.<\/p><p><strong>Among the most preferred Loading Ramp Types today;<\/strong><\/p><ul><li>Mobile Loading Ramp,<\/li><li>Hydraulic Loading Ramp,<\/li><li>Hinged Loading Ramp,<\/li><li>Telescopic Loading Ramp,<\/li><li>Vertical Loading Ramp may be shown.<\/li><\/ul><p>Each type of Loading Ramp we mentioned above has advantages and disadvantages compared to the others. What is important at this point is to determine the Loading Ramp Model that is most suitable for the structure and purpose of the project.<\/p><p>For example, when the flap length is insufficient, a Telescopic Ramp can be preferred instead of a Hinge Ramp. If the ramp selection will be made at the end of the project, it would be better to choose Vertical Ramp. Because there is no safe on the Steep Ramp, no extra work is needed.<\/p><p>In addition, the most suitable ramp type for flat-footed projects is Mobile Ramp. Designed to be easy to transport, these ramps can be used in any part of the business. As Kanon Kap\u0131, our experienced team for many years has been producing aesthetic, useful and durable Loading Ramps that best suit the architectural structure of the projects.<\/p>\t\t\t\t\t\t<\/div>\n\t\t\t\t<\/div>\n\t\t\t\t\t<\/div>\n\t\t<\/div>\n\t\t\t\t\t<\/div>\n\t\t<\/section>\n\t\t\t\t<section class=\"elementor-section elementor-top-section elementor-element elementor-element-834d6bf elementor-section-boxed elementor-section-height-default elementor-section-height-default\" data-id=\"834d6bf\" data-element_type=\"section\" data-settings=\"{&quot;background_background&quot;:&quot;classic&quot;}\">\n\t\t\t\t\t\t\t<div class=\"elementor-background-overlay\"><\/div>\n\t\t\t\t\t\t\t<div class=\"elementor-container elementor-column-gap-default\">\n\t\t\t\t\t<div class=\"elementor-column elementor-col-100 elementor-top-column elementor-element elementor-element-4b4011c column-style-top\" data-id=\"4b4011c\" data-element_type=\"column\" data-settings=\"{&quot;background_background&quot;:&quot;classic&quot;}\">\n\t\t\t<div class=\"elementor-widget-wrap elementor-element-populated\">\n\t\t\t\t\t\t<div class=\"elementor-element elementor-element-8c02324 premium-title-flex-start premium-title-color elementor-widget elementor-widget-premium-addon-title\" data-id=\"8c02324\" data-element_type=\"widget\" data-widget_type=\"premium-addon-title.default\">\n\t\t\t\t<div class=\"elementor-widget-container\">\n\t\t\t\n\t\t<div class=\"premium-title-container style4\">\n\t\t\t<h3 class=\"premium-title-header premium-title-style4\">\n\t\t\t\t\n\t\t\t\t\n\t\t\t\t\t\t\t\t\t\t\t\t<span class=\"premium-title-text\" >\n\t\t\t\t\tExample Applications\t\t\t\t<\/span>\n\t\t\t\t\t\n\t\t\t\t\t\t\t\t\t\t\t<\/h3>\n\t\t<\/div>\n\n\t\t\t\t<\/div>\n\t\t\t\t<\/div>\n\t\t\t\t<div class=\"elementor-element elementor-element-c9cdd6d ha-image-grid--even elementor-widget elementor-widget-ha-image-grid happy-addon ha-image-grid\" data-id=\"c9cdd6d\" data-element_type=\"widget\" data-settings=\"{&quot;layout&quot;:&quot;even&quot;,&quot;enable_popup&quot;:&quot;yes&quot;}\" data-widget_type=\"ha-image-grid.default\">\n\t\t\t\t<div class=\"elementor-widget-container\">\n\t\t\t\n\t\t<div class=\"ha-image-grid__wrap hajs-isotope ha-lightbox--has\">\n\t\t\t\t\t\t\t\n\t\t\t\t<a href=\"#\" data-mfp-src=\"https:\/\/kanonkapi.com\/wp-content\/uploads\/2024\/05\/Yukleme-Rampasi-4.webp\" class=\"ha-image-grid__item ha-js-lightbox __fltr-1\">\n\t\t\t\t\t<img fetchpriority=\"high\" decoding=\"async\" width=\"795\" height=\"600\" src=\"https:\/\/kanonkapi.com\/wp-content\/uploads\/2024\/05\/Yukleme-Rampasi-4.webp\" class=\"elementor-animation-grow\" alt=\"\" \/>\t\t\t\t<\/a>\n\t\t\t\t\t\t\t\n\t\t\t\t<a href=\"#\" data-mfp-src=\"https:\/\/kanonkapi.com\/wp-content\/uploads\/2024\/05\/Yukleme-Rampasi-1.webp\" class=\"ha-image-grid__item ha-js-lightbox __fltr-1\">\n\t\t\t\t\t<img decoding=\"async\" width=\"795\" height=\"600\" src=\"https:\/\/kanonkapi.com\/wp-content\/uploads\/2024\/05\/Yukleme-Rampasi-1.webp\" class=\"elementor-animation-grow\" alt=\"\" \/>\t\t\t\t<\/a>\n\t\t\t\t\t\t\t\n\t\t\t\t<a href=\"#\" data-mfp-src=\"https:\/\/kanonkapi.com\/wp-content\/uploads\/2024\/05\/Yukleme-Rampasi-2.webp\" class=\"ha-image-grid__item ha-js-lightbox __fltr-1\">\n\t\t\t\t\t<img decoding=\"async\" width=\"795\" height=\"600\" src=\"https:\/\/kanonkapi.com\/wp-content\/uploads\/2024\/05\/Yukleme-Rampasi-2.webp\" class=\"elementor-animation-grow\" alt=\"\" \/>\t\t\t\t<\/a>\n\t\t\t\t\t\t\t\n\t\t\t\t<a href=\"#\" data-mfp-src=\"https:\/\/kanonkapi.com\/wp-content\/uploads\/2024\/05\/Yukleme-Rampasi-3.webp\" class=\"ha-image-grid__item ha-js-lightbox __fltr-1\">\n\t\t\t\t\t<img loading=\"lazy\" decoding=\"async\" width=\"795\" height=\"600\" src=\"https:\/\/kanonkapi.com\/wp-content\/uploads\/2024\/05\/Yukleme-Rampasi-3.webp\" class=\"elementor-animation-grow\" alt=\"\" \/>\t\t\t\t<\/a>\n\t\t\t\t\t<\/div>\n\n\t\t\t\t<\/div>\n\t\t\t\t<\/div>\n\t\t\t\t\t<\/div>\n\t\t<\/div>\n\t\t\t\t\t<\/div>\n\t\t<\/section>\n\t\t\t\t<\/div>","protected":false},"excerpt":{"rendered":"<p>Y\u00fckleme Rampas\u0131\u00a0\u00fcr\u00fcn, ara\u00e7, hayvan gibi ta\u015f\u0131nmas\u0131 gereken maddelerin y\u00fcklendi\u011fi yerlerde ta\u015f\u0131ma arac\u0131 ve y\u00fckleme alan\u0131 aras\u0131ndaki kot fark\u0131n\u0131n ortadan kald\u0131r\u0131lmas\u0131n\u0131 sa\u011flayan, kullan\u0131m amac\u0131na g\u00f6re bir\u00e7ok farkl\u0131 \u00e7e\u015fidi bulunan i\u015f hayat\u0131na yard\u0131mc\u0131 bir \u00fcr\u00fcnd\u00fcr. Y\u00fckleme Rampas\u0131; Kullan\u0131m amac\u0131, Y\u00fckleme alan\u0131, Ta\u015f\u0131nacak malzeme gibi de\u011fi\u015fkenler g\u00f6z \u00f6n\u00fcnde bulundurularak bir\u00e7ok farkl\u0131 yap\u0131da \u00fcretilmektedir. Ta\u015f\u0131ma kapasiteleri ihtiyaca g\u00f6re 7 [&hellip;]<\/p>","protected":false},"author":1,"featured_media":0,"parent":0,"menu_order":0,"comment_status":"closed","ping_status":"closed","template":"","meta":{"footnotes":""},"categories":[81],"tags":[],"class_list":["post-8906","page","type-page","status-publish","hentry","category-yukleme-sistemleri"],"yoast_head":"<!-- This site is optimized with the Yoast SEO plugin v23.6 - https:\/\/yoast.com\/wordpress\/plugins\/seo\/ -->\n<title>Y\u00fckleme Rampas\u0131 - Kanon Kap\u0131<\/title>\n<meta name=\"robots\" content=\"index, follow, max-snippet:-1, max-image-preview:large, max-video-preview:-1\" \/>\n<link rel=\"canonical\" href=\"https:\/\/kanonkapi.com\/en\/yukleme-rampasi\/\" \/>\n<meta property=\"og:locale\" content=\"en_US\" \/>\n<meta property=\"og:type\" content=\"article\" \/>\n<meta property=\"og:title\" content=\"Y\u00fckleme Rampas\u0131 - Kanon Kap\u0131\" \/>\n<meta property=\"og:description\" content=\"Y\u00fckleme Rampas\u0131\u00a0\u00fcr\u00fcn, ara\u00e7, hayvan gibi ta\u015f\u0131nmas\u0131 gereken maddelerin y\u00fcklendi\u011fi yerlerde ta\u015f\u0131ma arac\u0131 ve y\u00fckleme alan\u0131 aras\u0131ndaki kot fark\u0131n\u0131n ortadan kald\u0131r\u0131lmas\u0131n\u0131 sa\u011flayan, kullan\u0131m amac\u0131na g\u00f6re bir\u00e7ok farkl\u0131 \u00e7e\u015fidi bulunan i\u015f hayat\u0131na yard\u0131mc\u0131 bir \u00fcr\u00fcnd\u00fcr. Y\u00fckleme Rampas\u0131; Kullan\u0131m amac\u0131, Y\u00fckleme alan\u0131, Ta\u015f\u0131nacak malzeme gibi de\u011fi\u015fkenler g\u00f6z \u00f6n\u00fcnde bulundurularak bir\u00e7ok farkl\u0131 yap\u0131da \u00fcretilmektedir. Ta\u015f\u0131ma kapasiteleri ihtiyaca g\u00f6re 7 [&hellip;]\" \/>\n<meta property=\"og:url\" content=\"https:\/\/kanonkapi.com\/en\/yukleme-rampasi\/\" \/>\n<meta property=\"og:site_name\" content=\"Kanon Kap\u0131\" \/>\n<meta property=\"article:publisher\" content=\"https:\/\/www.facebook.com\/p\/Kanon-Yapi-Otomasyon-100063698436460\/\" \/>\n<meta property=\"article:modified_time\" content=\"2024-05-19T18:49:23+00:00\" \/>\n<meta property=\"og:image\" content=\"https:\/\/kanonkapi.com\/wp-content\/uploads\/2024\/05\/Yukleme-Rampasi-4.webp\" \/>\n<meta name=\"twitter:card\" content=\"summary_large_image\" \/>\n<meta name=\"twitter:label1\" content=\"Est. reading time\" \/>\n\t<meta name=\"twitter:data1\" content=\"2 minutes\" \/>\n<script type=\"application\/ld+json\" class=\"yoast-schema-graph\">{\"@context\":\"https:\/\/schema.org\",\"@graph\":[{\"@type\":\"WebPage\",\"@id\":\"https:\/\/kanonkapi.com\/yukleme-rampasi\/\",\"url\":\"https:\/\/kanonkapi.com\/yukleme-rampasi\/\",\"name\":\"Y\u00fckleme Rampas\u0131 - Kanon Kap\u0131\",\"isPartOf\":{\"@id\":\"https:\/\/kanonkapi.com\/#website\"},\"primaryImageOfPage\":{\"@id\":\"https:\/\/kanonkapi.com\/yukleme-rampasi\/#primaryimage\"},\"image\":{\"@id\":\"https:\/\/kanonkapi.com\/yukleme-rampasi\/#primaryimage\"},\"thumbnailUrl\":\"https:\/\/kanonkapi.com\/wp-content\/uploads\/2024\/05\/Yukleme-Rampasi-4.webp\",\"datePublished\":\"2024-05-19T18:43:39+00:00\",\"dateModified\":\"2024-05-19T18:49:23+00:00\",\"breadcrumb\":{\"@id\":\"https:\/\/kanonkapi.com\/yukleme-rampasi\/#breadcrumb\"},\"inLanguage\":\"en-US\",\"potentialAction\":[{\"@type\":\"ReadAction\",\"target\":[\"https:\/\/kanonkapi.com\/yukleme-rampasi\/\"]}]},{\"@type\":\"ImageObject\",\"inLanguage\":\"en-US\",\"@id\":\"https:\/\/kanonkapi.com\/yukleme-rampasi\/#primaryimage\",\"url\":\"https:\/\/kanonkapi.com\/wp-content\/uploads\/2024\/05\/Yukleme-Rampasi-4.webp\",\"contentUrl\":\"https:\/\/kanonkapi.com\/wp-content\/uploads\/2024\/05\/Yukleme-Rampasi-4.webp\"},{\"@type\":\"BreadcrumbList\",\"@id\":\"https:\/\/kanonkapi.com\/yukleme-rampasi\/#breadcrumb\",\"itemListElement\":[{\"@type\":\"ListItem\",\"position\":1,\"name\":\"Anasayfa\",\"item\":\"https:\/\/kanonkapi.com\/\"},{\"@type\":\"ListItem\",\"position\":2,\"name\":\"Y\u00fckleme Rampas\u0131\"}]},{\"@type\":\"WebSite\",\"@id\":\"https:\/\/kanonkapi.com\/#website\",\"url\":\"https:\/\/kanonkapi.com\/\",\"name\":\"Kanon Kap\u0131\",\"description\":\"Otomatik Kap\u0131 Sistemler\",\"publisher\":{\"@id\":\"https:\/\/kanonkapi.com\/#organization\"},\"potentialAction\":[{\"@type\":\"SearchAction\",\"target\":{\"@type\":\"EntryPoint\",\"urlTemplate\":\"https:\/\/kanonkapi.com\/?s={search_term_string}\"},\"query-input\":{\"@type\":\"PropertyValueSpecification\",\"valueRequired\":true,\"valueName\":\"search_term_string\"}}],\"inLanguage\":\"en-US\"},{\"@type\":\"Organization\",\"@id\":\"https:\/\/kanonkapi.com\/#organization\",\"name\":\"Kanon Kap\u0131\",\"url\":\"https:\/\/kanonkapi.com\/\",\"logo\":{\"@type\":\"ImageObject\",\"inLanguage\":\"en-US\",\"@id\":\"https:\/\/kanonkapi.com\/#\/schema\/logo\/image\/\",\"url\":\"https:\/\/kanonkapi.com\/wp-content\/uploads\/2024\/05\/logo.png\",\"contentUrl\":\"https:\/\/kanonkapi.com\/wp-content\/uploads\/2024\/05\/logo.png\",\"width\":600,\"height\":161,\"caption\":\"Kanon Kap\u0131\"},\"image\":{\"@id\":\"https:\/\/kanonkapi.com\/#\/schema\/logo\/image\/\"},\"sameAs\":[\"https:\/\/www.facebook.com\/p\/Kanon-Yapi-Otomasyon-100063698436460\/\",\"https:\/\/www.instagram.com\/kanonotomatikkapi\/\"]}]}<\/script>\n<!-- \/ Yoast SEO plugin. -->","yoast_head_json":{"title":"Y\u00fckleme Rampas\u0131 - Kanon Kap\u0131","robots":{"index":"index","follow":"follow","max-snippet":"max-snippet:-1","max-image-preview":"max-image-preview:large","max-video-preview":"max-video-preview:-1"},"canonical":"https:\/\/kanonkapi.com\/en\/yukleme-rampasi\/","og_locale":"en_US","og_type":"article","og_title":"Y\u00fckleme Rampas\u0131 - Kanon Kap\u0131","og_description":"Y\u00fckleme Rampas\u0131\u00a0\u00fcr\u00fcn, ara\u00e7, hayvan gibi ta\u015f\u0131nmas\u0131 gereken maddelerin y\u00fcklendi\u011fi yerlerde ta\u015f\u0131ma arac\u0131 ve y\u00fckleme alan\u0131 aras\u0131ndaki kot fark\u0131n\u0131n ortadan kald\u0131r\u0131lmas\u0131n\u0131 sa\u011flayan, kullan\u0131m amac\u0131na g\u00f6re bir\u00e7ok farkl\u0131 \u00e7e\u015fidi bulunan i\u015f hayat\u0131na yard\u0131mc\u0131 bir \u00fcr\u00fcnd\u00fcr. Y\u00fckleme Rampas\u0131; Kullan\u0131m amac\u0131, Y\u00fckleme alan\u0131, Ta\u015f\u0131nacak malzeme gibi de\u011fi\u015fkenler g\u00f6z \u00f6n\u00fcnde bulundurularak bir\u00e7ok farkl\u0131 yap\u0131da \u00fcretilmektedir. Ta\u015f\u0131ma kapasiteleri ihtiyaca g\u00f6re 7 [&hellip;]","og_url":"https:\/\/kanonkapi.com\/en\/yukleme-rampasi\/","og_site_name":"Kanon Kap\u0131","article_publisher":"https:\/\/www.facebook.com\/p\/Kanon-Yapi-Otomasyon-100063698436460\/","article_modified_time":"2024-05-19T18:49:23+00:00","og_image":[{"url":"https:\/\/kanonkapi.com\/wp-content\/uploads\/2024\/05\/Yukleme-Rampasi-4.webp"}],"twitter_card":"summary_large_image","twitter_misc":{"Est. reading time":"2 minutes"},"schema":{"@context":"https:\/\/schema.org","@graph":[{"@type":"WebPage","@id":"https:\/\/kanonkapi.com\/yukleme-rampasi\/","url":"https:\/\/kanonkapi.com\/yukleme-rampasi\/","name":"Y\u00fckleme Rampas\u0131 - Kanon Kap\u0131","isPartOf":{"@id":"https:\/\/kanonkapi.com\/#website"},"primaryImageOfPage":{"@id":"https:\/\/kanonkapi.com\/yukleme-rampasi\/#primaryimage"},"image":{"@id":"https:\/\/kanonkapi.com\/yukleme-rampasi\/#primaryimage"},"thumbnailUrl":"https:\/\/kanonkapi.com\/wp-content\/uploads\/2024\/05\/Yukleme-Rampasi-4.webp","datePublished":"2024-05-19T18:43:39+00:00","dateModified":"2024-05-19T18:49:23+00:00","breadcrumb":{"@id":"https:\/\/kanonkapi.com\/yukleme-rampasi\/#breadcrumb"},"inLanguage":"en-US","potentialAction":[{"@type":"ReadAction","target":["https:\/\/kanonkapi.com\/yukleme-rampasi\/"]}]},{"@type":"ImageObject","inLanguage":"en-US","@id":"https:\/\/kanonkapi.com\/yukleme-rampasi\/#primaryimage","url":"https:\/\/kanonkapi.com\/wp-content\/uploads\/2024\/05\/Yukleme-Rampasi-4.webp","contentUrl":"https:\/\/kanonkapi.com\/wp-content\/uploads\/2024\/05\/Yukleme-Rampasi-4.webp"},{"@type":"BreadcrumbList","@id":"https:\/\/kanonkapi.com\/yukleme-rampasi\/#breadcrumb","itemListElement":[{"@type":"ListItem","position":1,"name":"Anasayfa","item":"https:\/\/kanonkapi.com\/"},{"@type":"ListItem","position":2,"name":"Y\u00fckleme Rampas\u0131"}]},{"@type":"WebSite","@id":"https:\/\/kanonkapi.com\/#website","url":"https:\/\/kanonkapi.com\/","name":"Kanon Kap\u0131","description":"Otomatik Kap\u0131 Sistemler","publisher":{"@id":"https:\/\/kanonkapi.com\/#organization"},"potentialAction":[{"@type":"SearchAction","target":{"@type":"EntryPoint","urlTemplate":"https:\/\/kanonkapi.com\/?s={search_term_string}"},"query-input":{"@type":"PropertyValueSpecification","valueRequired":true,"valueName":"search_term_string"}}],"inLanguage":"en-US"},{"@type":"Organization","@id":"https:\/\/kanonkapi.com\/#organization","name":"Kanon Kap\u0131","url":"https:\/\/kanonkapi.com\/","logo":{"@type":"ImageObject","inLanguage":"en-US","@id":"https:\/\/kanonkapi.com\/#\/schema\/logo\/image\/","url":"https:\/\/kanonkapi.com\/wp-content\/uploads\/2024\/05\/logo.png","contentUrl":"https:\/\/kanonkapi.com\/wp-content\/uploads\/2024\/05\/logo.png","width":600,"height":161,"caption":"Kanon Kap\u0131"},"image":{"@id":"https:\/\/kanonkapi.com\/#\/schema\/logo\/image\/"},"sameAs":["https:\/\/www.facebook.com\/p\/Kanon-Yapi-Otomasyon-100063698436460\/","https:\/\/www.instagram.com\/kanonotomatikkapi\/"]}]}},"_links":{"self":[{"href":"https:\/\/kanonkapi.com\/en\/wp-json\/wp\/v2\/pages\/8906","targetHints":{"allow":["GET"]}}],"collection":[{"href":"https:\/\/kanonkapi.com\/en\/wp-json\/wp\/v2\/pages"}],"about":[{"href":"https:\/\/kanonkapi.com\/en\/wp-json\/wp\/v2\/types\/page"}],"author":[{"embeddable":true,"href":"https:\/\/kanonkapi.com\/en\/wp-json\/wp\/v2\/users\/1"}],"replies":[{"embeddable":true,"href":"https:\/\/kanonkapi.com\/en\/wp-json\/wp\/v2\/comments?post=8906"}],"version-history":[{"count":0,"href":"https:\/\/kanonkapi.com\/en\/wp-json\/wp\/v2\/pages\/8906\/revisions"}],"wp:attachment":[{"href":"https:\/\/kanonkapi.com\/en\/wp-json\/wp\/v2\/media?parent=8906"}],"wp:term":[{"taxonomy":"category","embeddable":true,"href":"https:\/\/kanonkapi.com\/en\/wp-json\/wp\/v2\/categories?post=8906"},{"taxonomy":"post_tag","embeddable":true,"href":"https:\/\/kanonkapi.com\/en\/wp-json\/wp\/v2\/tags?post=8906"}],"curies":[{"name":"wp","href":"https:\/\/api.w.org\/{rel}","templated":true}]}}