{"id":8924,"date":"2024-05-19T21:49:51","date_gmt":"2024-05-19T18:49:51","guid":{"rendered":"https:\/\/demo.kanonkapi.com\/?page_id=8924"},"modified":"2024-05-19T21:51:32","modified_gmt":"2024-05-19T18:51:32","slug":"ninz-yangin-dayanimli-kapilar","status":"publish","type":"page","link":"https:\/\/kanonkapi.com\/en\/ninz-yangin-dayanimli-kapilar\/","title":{"rendered":"Ninz Fire Retardant Doors"},"content":{"rendered":"<div data-elementor-type=\"wp-post\" data-elementor-id=\"8924\" class=\"elementor elementor-8924\" data-elementor-settings=\"{&quot;ha_cmc_init_switcher&quot;:&quot;no&quot;}\">\n\t\t\t\t\t\t<section class=\"elementor-section elementor-top-section elementor-element elementor-element-148ec1c elementor-section-boxed elementor-section-height-default elementor-section-height-default\" data-id=\"148ec1c\" data-element_type=\"section\" data-settings=\"{&quot;background_background&quot;:&quot;classic&quot;,&quot;_ha_eqh_enable&quot;:false}\">\n\t\t\t\t\t\t<div class=\"elementor-container elementor-column-gap-default\">\n\t\t\t\t\t<div class=\"elementor-column elementor-col-100 elementor-top-column elementor-element elementor-element-e19e6d8 column-style-top\" data-id=\"e19e6d8\" data-element_type=\"column\">\n\t\t\t<div class=\"elementor-widget-wrap elementor-element-populated\">\n\t\t\t\t\t\t<div class=\"elementor-element elementor-element-b498e66 elementor-widget elementor-widget-text-editor\" data-id=\"b498e66\" data-element_type=\"widget\" data-widget_type=\"text-editor.default\">\n\t\t\t\t<div class=\"elementor-widget-container\">\n\t\t\t\t\t\t\t<p>Fire-resistant doors and windows are the most basic elements of passive fire protection equipment in all buildings. All products included in this performance criterion are evaluated and classified within the framework of the standards determined by the European Standards Committee and accepted by the Turkish Standards Institute. In general, classification designations express the character and duration of the product. A hinged door classified as \u201cEI260\u201d describes a door that does not allow flame to pass through the gap it closes for 60 minutes and provides heat insulation.<\/p><p>Ninz, which has single and double wings, with or without windows, and separate two-way testing and certification for each size, provides access to all certificates and manuals from its website with the number written on the metal label on the door.<\/p><p>Fire resistant doors have EN 1634-1 fire and EN 1634-3 smoke certifications.<\/p><p>The customization of the product culminates in NDD technology (Ninz Digital Decor), a trademark that allows the reproduction of any theme (words, images, logos) on the door leaf surface.<\/p>\t\t\t\t\t\t<\/div>\n\t\t\t\t<\/div>\n\t\t\t\t\t<\/div>\n\t\t<\/div>\n\t\t\t\t\t<\/div>\n\t\t<\/section>\n\t\t\t\t<section class=\"elementor-section elementor-top-section elementor-element elementor-element-834d6bf elementor-section-boxed elementor-section-height-default elementor-section-height-default\" data-id=\"834d6bf\" data-element_type=\"section\" data-settings=\"{&quot;background_background&quot;:&quot;classic&quot;}\">\n\t\t\t\t\t\t\t<div class=\"elementor-background-overlay\"><\/div>\n\t\t\t\t\t\t\t<div class=\"elementor-container elementor-column-gap-default\">\n\t\t\t\t\t<div class=\"elementor-column elementor-col-100 elementor-top-column elementor-element elementor-element-4b4011c column-style-top\" data-id=\"4b4011c\" data-element_type=\"column\" data-settings=\"{&quot;background_background&quot;:&quot;classic&quot;}\">\n\t\t\t<div class=\"elementor-widget-wrap elementor-element-populated\">\n\t\t\t\t\t\t<div class=\"elementor-element elementor-element-8c02324 premium-title-flex-start premium-title-color elementor-widget elementor-widget-premium-addon-title\" data-id=\"8c02324\" data-element_type=\"widget\" data-widget_type=\"premium-addon-title.default\">\n\t\t\t\t<div class=\"elementor-widget-container\">\n\t\t\t\n\t\t<div class=\"premium-title-container style4\">\n\t\t\t<h3 class=\"premium-title-header premium-title-style4\">\n\t\t\t\t\n\t\t\t\t\n\t\t\t\t\t\t\t\t\t\t\t\t<span class=\"premium-title-text\" >\n\t\t\t\t\tExample Applications\t\t\t\t<\/span>\n\t\t\t\t\t\n\t\t\t\t\t\t\t\t\t\t\t<\/h3>\n\t\t<\/div>\n\n\t\t\t\t<\/div>\n\t\t\t\t<\/div>\n\t\t\t\t<div class=\"elementor-element elementor-element-c9cdd6d ha-image-grid--even elementor-widget elementor-widget-ha-image-grid happy-addon ha-image-grid\" data-id=\"c9cdd6d\" data-element_type=\"widget\" data-settings=\"{&quot;layout&quot;:&quot;even&quot;,&quot;enable_popup&quot;:&quot;yes&quot;}\" data-widget_type=\"ha-image-grid.default\">\n\t\t\t\t<div class=\"elementor-widget-container\">\n\t\t\t\n\t\t<div class=\"ha-image-grid__wrap hajs-isotope ha-lightbox--has\">\n\t\t\t\t\t\t\t\n\t\t\t\t<a href=\"#\" data-mfp-src=\"https:\/\/kanonkapi.com\/wp-content\/uploads\/2024\/05\/Ninz-Yangin-Dayanimli-Kapilar-2.jpg\" class=\"ha-image-grid__item ha-js-lightbox __fltr-1\">\n\t\t\t\t\t<img fetchpriority=\"high\" decoding=\"async\" width=\"800\" height=\"600\" src=\"https:\/\/kanonkapi.com\/wp-content\/uploads\/2024\/05\/Ninz-Yangin-Dayanimli-Kapilar-2.jpg\" class=\"elementor-animation-grow\" alt=\"\" \/>\t\t\t\t<\/a>\n\t\t\t\t\t\t\t\n\t\t\t\t<a href=\"#\" data-mfp-src=\"https:\/\/kanonkapi.com\/wp-content\/uploads\/2024\/05\/Ninz-Yangin-Dayanimli-Kapilar-3.jpg\" class=\"ha-image-grid__item ha-js-lightbox __fltr-1\">\n\t\t\t\t\t<img decoding=\"async\" width=\"800\" height=\"600\" src=\"https:\/\/kanonkapi.com\/wp-content\/uploads\/2024\/05\/Ninz-Yangin-Dayanimli-Kapilar-3.jpg\" class=\"elementor-animation-grow\" alt=\"\" \/>\t\t\t\t<\/a>\n\t\t\t\t\t\t\t\n\t\t\t\t<a href=\"#\" data-mfp-src=\"https:\/\/kanonkapi.com\/wp-content\/uploads\/2024\/05\/Ninz-Yangin-Dayanimli-Kapilar-4.jpg\" class=\"ha-image-grid__item ha-js-lightbox __fltr-1\">\n\t\t\t\t\t<img decoding=\"async\" width=\"800\" height=\"590\" src=\"https:\/\/kanonkapi.com\/wp-content\/uploads\/2024\/05\/Ninz-Yangin-Dayanimli-Kapilar-4.jpg\" class=\"elementor-animation-grow\" alt=\"\" \/>\t\t\t\t<\/a>\n\t\t\t\t\t\t\t\n\t\t\t\t<a href=\"#\" data-mfp-src=\"https:\/\/kanonkapi.com\/wp-content\/uploads\/2024\/05\/Ninz-Yangin-Dayanimli-Kapilar-5.jpg\" class=\"ha-image-grid__item ha-js-lightbox __fltr-1\">\n\t\t\t\t\t<img loading=\"lazy\" decoding=\"async\" width=\"450\" height=\"600\" src=\"https:\/\/kanonkapi.com\/wp-content\/uploads\/2024\/05\/Ninz-Yangin-Dayanimli-Kapilar-5.jpg\" class=\"elementor-animation-grow\" alt=\"\" \/>\t\t\t\t<\/a>\n\t\t\t\t\t\t\t\n\t\t\t\t<a href=\"#\" data-mfp-src=\"https:\/\/kanonkapi.com\/wp-content\/uploads\/2024\/05\/Ninz-Yangin-Dayanimli-Kapilar-1.jpg\" class=\"ha-image-grid__item ha-js-lightbox __fltr-1\">\n\t\t\t\t\t<img loading=\"lazy\" decoding=\"async\" width=\"800\" height=\"600\" src=\"https:\/\/kanonkapi.com\/wp-content\/uploads\/2024\/05\/Ninz-Yangin-Dayanimli-Kapilar-1.jpg\" class=\"elementor-animation-grow\" alt=\"\" \/>\t\t\t\t<\/a>\n\t\t\t\t\t<\/div>\n\n\t\t\t\t<\/div>\n\t\t\t\t<\/div>\n\t\t\t\t\t<\/div>\n\t\t<\/div>\n\t\t\t\t\t<\/div>\n\t\t<\/section>\n\t\t\t\t<\/div>","protected":false},"excerpt":{"rendered":"<p>Yang\u0131na dayan\u0131kl\u0131 kap\u0131lar ve pencereler, t\u00fcm yap\u0131larda pasif yang\u0131ndan korunma ekipmanlar\u0131n\u0131n en temel elemanlar\u0131dand\u0131r. Bu performans kriterinde yer alan t\u00fcm \u00fcr\u00fcnler, Avrupa Standartlar\u0131 Komitesi&#8217;nin belirledi\u011fi ve T\u00fcrk Standartlar\u0131 Enstit\u00fcs\u00fc&#8217;n\u00fcn de kabul etti\u011fi standartlar \u00e7er\u00e7evesinde de\u011ferlendirilir ve s\u0131n\u0131fland\u0131r\u0131l\u0131r. Genel olarak s\u0131n\u0131fland\u0131rma g\u00f6sterimleri, \u00fcr\u00fcn\u00fcn karakterini ve s\u00fcresini ifade eder. \u201cEI260\u201d olarak s\u0131n\u0131fland\u0131r\u0131lm\u0131\u015f mente\u015feli bir kap\u0131, 60 dakika [&hellip;]<\/p>","protected":false},"author":1,"featured_media":0,"parent":0,"menu_order":0,"comment_status":"closed","ping_status":"closed","template":"","meta":{"footnotes":""},"categories":[82],"tags":[],"class_list":["post-8924","page","type-page","status-publish","hentry","category-yangin-kapilar"],"yoast_head":"<!-- This site is optimized with the Yoast SEO plugin v23.6 - https:\/\/yoast.com\/wordpress\/plugins\/seo\/ -->\n<title>N\u0131nz Yang\u0131n Dayan\u0131ml\u0131 Kap\u0131lar - Kanon Kap\u0131<\/title>\n<meta name=\"robots\" content=\"index, follow, max-snippet:-1, max-image-preview:large, max-video-preview:-1\" \/>\n<link rel=\"canonical\" href=\"https:\/\/kanonkapi.com\/en\/ninz-yangin-dayanimli-kapilar\/\" \/>\n<meta property=\"og:locale\" content=\"en_US\" \/>\n<meta property=\"og:type\" content=\"article\" \/>\n<meta property=\"og:title\" content=\"N\u0131nz Yang\u0131n Dayan\u0131ml\u0131 Kap\u0131lar - Kanon Kap\u0131\" \/>\n<meta property=\"og:description\" content=\"Yang\u0131na dayan\u0131kl\u0131 kap\u0131lar ve pencereler, t\u00fcm yap\u0131larda pasif yang\u0131ndan korunma ekipmanlar\u0131n\u0131n en temel elemanlar\u0131dand\u0131r. Bu performans kriterinde yer alan t\u00fcm \u00fcr\u00fcnler, Avrupa Standartlar\u0131 Komitesi&#8217;nin belirledi\u011fi ve T\u00fcrk Standartlar\u0131 Enstit\u00fcs\u00fc&#8217;n\u00fcn de kabul etti\u011fi standartlar \u00e7er\u00e7evesinde de\u011ferlendirilir ve s\u0131n\u0131fland\u0131r\u0131l\u0131r. Genel olarak s\u0131n\u0131fland\u0131rma g\u00f6sterimleri, \u00fcr\u00fcn\u00fcn karakterini ve s\u00fcresini ifade eder. \u201cEI260\u201d olarak s\u0131n\u0131fland\u0131r\u0131lm\u0131\u015f mente\u015feli bir kap\u0131, 60 dakika [&hellip;]\" \/>\n<meta property=\"og:url\" content=\"https:\/\/kanonkapi.com\/en\/ninz-yangin-dayanimli-kapilar\/\" \/>\n<meta property=\"og:site_name\" content=\"Kanon Kap\u0131\" \/>\n<meta property=\"article:publisher\" content=\"https:\/\/www.facebook.com\/p\/Kanon-Yapi-Otomasyon-100063698436460\/\" \/>\n<meta property=\"article:modified_time\" content=\"2024-05-19T18:51:32+00:00\" \/>\n<meta property=\"og:image\" content=\"https:\/\/kanonkapi.com\/wp-content\/uploads\/2024\/05\/Ninz-Yangin-Dayanimli-Kapilar-2.jpg\" \/>\n<meta name=\"twitter:card\" content=\"summary_large_image\" \/>\n<meta name=\"twitter:label1\" content=\"Est. reading time\" \/>\n\t<meta name=\"twitter:data1\" content=\"1 minute\" \/>\n<script type=\"application\/ld+json\" class=\"yoast-schema-graph\">{\"@context\":\"https:\/\/schema.org\",\"@graph\":[{\"@type\":\"WebPage\",\"@id\":\"https:\/\/kanonkapi.com\/ninz-yangin-dayanimli-kapilar\/\",\"url\":\"https:\/\/kanonkapi.com\/ninz-yangin-dayanimli-kapilar\/\",\"name\":\"N\u0131nz Yang\u0131n Dayan\u0131ml\u0131 Kap\u0131lar - Kanon Kap\u0131\",\"isPartOf\":{\"@id\":\"https:\/\/kanonkapi.com\/#website\"},\"primaryImageOfPage\":{\"@id\":\"https:\/\/kanonkapi.com\/ninz-yangin-dayanimli-kapilar\/#primaryimage\"},\"image\":{\"@id\":\"https:\/\/kanonkapi.com\/ninz-yangin-dayanimli-kapilar\/#primaryimage\"},\"thumbnailUrl\":\"https:\/\/kanonkapi.com\/wp-content\/uploads\/2024\/05\/Ninz-Yangin-Dayanimli-Kapilar-2.jpg\",\"datePublished\":\"2024-05-19T18:49:51+00:00\",\"dateModified\":\"2024-05-19T18:51:32+00:00\",\"breadcrumb\":{\"@id\":\"https:\/\/kanonkapi.com\/ninz-yangin-dayanimli-kapilar\/#breadcrumb\"},\"inLanguage\":\"en-US\",\"potentialAction\":[{\"@type\":\"ReadAction\",\"target\":[\"https:\/\/kanonkapi.com\/ninz-yangin-dayanimli-kapilar\/\"]}]},{\"@type\":\"ImageObject\",\"inLanguage\":\"en-US\",\"@id\":\"https:\/\/kanonkapi.com\/ninz-yangin-dayanimli-kapilar\/#primaryimage\",\"url\":\"https:\/\/kanonkapi.com\/wp-content\/uploads\/2024\/05\/Ninz-Yangin-Dayanimli-Kapilar-2.jpg\",\"contentUrl\":\"https:\/\/kanonkapi.com\/wp-content\/uploads\/2024\/05\/Ninz-Yangin-Dayanimli-Kapilar-2.jpg\"},{\"@type\":\"BreadcrumbList\",\"@id\":\"https:\/\/kanonkapi.com\/ninz-yangin-dayanimli-kapilar\/#breadcrumb\",\"itemListElement\":[{\"@type\":\"ListItem\",\"position\":1,\"name\":\"Anasayfa\",\"item\":\"https:\/\/kanonkapi.com\/\"},{\"@type\":\"ListItem\",\"position\":2,\"name\":\"N\u0131nz Yang\u0131n Dayan\u0131ml\u0131 Kap\u0131lar\"}]},{\"@type\":\"WebSite\",\"@id\":\"https:\/\/kanonkapi.com\/#website\",\"url\":\"https:\/\/kanonkapi.com\/\",\"name\":\"Kanon Kap\u0131\",\"description\":\"Otomatik Kap\u0131 Sistemler\",\"publisher\":{\"@id\":\"https:\/\/kanonkapi.com\/#organization\"},\"potentialAction\":[{\"@type\":\"SearchAction\",\"target\":{\"@type\":\"EntryPoint\",\"urlTemplate\":\"https:\/\/kanonkapi.com\/?s={search_term_string}\"},\"query-input\":{\"@type\":\"PropertyValueSpecification\",\"valueRequired\":true,\"valueName\":\"search_term_string\"}}],\"inLanguage\":\"en-US\"},{\"@type\":\"Organization\",\"@id\":\"https:\/\/kanonkapi.com\/#organization\",\"name\":\"Kanon Kap\u0131\",\"url\":\"https:\/\/kanonkapi.com\/\",\"logo\":{\"@type\":\"ImageObject\",\"inLanguage\":\"en-US\",\"@id\":\"https:\/\/kanonkapi.com\/#\/schema\/logo\/image\/\",\"url\":\"https:\/\/kanonkapi.com\/wp-content\/uploads\/2024\/05\/logo.png\",\"contentUrl\":\"https:\/\/kanonkapi.com\/wp-content\/uploads\/2024\/05\/logo.png\",\"width\":600,\"height\":161,\"caption\":\"Kanon Kap\u0131\"},\"image\":{\"@id\":\"https:\/\/kanonkapi.com\/#\/schema\/logo\/image\/\"},\"sameAs\":[\"https:\/\/www.facebook.com\/p\/Kanon-Yapi-Otomasyon-100063698436460\/\",\"https:\/\/www.instagram.com\/kanonotomatikkapi\/\"]}]}<\/script>\n<!-- \/ Yoast SEO plugin. -->","yoast_head_json":{"title":"N\u0131nz Yang\u0131n Dayan\u0131ml\u0131 Kap\u0131lar - Kanon Kap\u0131","robots":{"index":"index","follow":"follow","max-snippet":"max-snippet:-1","max-image-preview":"max-image-preview:large","max-video-preview":"max-video-preview:-1"},"canonical":"https:\/\/kanonkapi.com\/en\/ninz-yangin-dayanimli-kapilar\/","og_locale":"en_US","og_type":"article","og_title":"N\u0131nz Yang\u0131n Dayan\u0131ml\u0131 Kap\u0131lar - Kanon Kap\u0131","og_description":"Yang\u0131na dayan\u0131kl\u0131 kap\u0131lar ve pencereler, t\u00fcm yap\u0131larda pasif yang\u0131ndan korunma ekipmanlar\u0131n\u0131n en temel elemanlar\u0131dand\u0131r. Bu performans kriterinde yer alan t\u00fcm \u00fcr\u00fcnler, Avrupa Standartlar\u0131 Komitesi&#8217;nin belirledi\u011fi ve T\u00fcrk Standartlar\u0131 Enstit\u00fcs\u00fc&#8217;n\u00fcn de kabul etti\u011fi standartlar \u00e7er\u00e7evesinde de\u011ferlendirilir ve s\u0131n\u0131fland\u0131r\u0131l\u0131r. Genel olarak s\u0131n\u0131fland\u0131rma g\u00f6sterimleri, \u00fcr\u00fcn\u00fcn karakterini ve s\u00fcresini ifade eder. \u201cEI260\u201d olarak s\u0131n\u0131fland\u0131r\u0131lm\u0131\u015f mente\u015feli bir kap\u0131, 60 dakika [&hellip;]","og_url":"https:\/\/kanonkapi.com\/en\/ninz-yangin-dayanimli-kapilar\/","og_site_name":"Kanon Kap\u0131","article_publisher":"https:\/\/www.facebook.com\/p\/Kanon-Yapi-Otomasyon-100063698436460\/","article_modified_time":"2024-05-19T18:51:32+00:00","og_image":[{"url":"https:\/\/kanonkapi.com\/wp-content\/uploads\/2024\/05\/Ninz-Yangin-Dayanimli-Kapilar-2.jpg"}],"twitter_card":"summary_large_image","twitter_misc":{"Est. reading time":"1 minute"},"schema":{"@context":"https:\/\/schema.org","@graph":[{"@type":"WebPage","@id":"https:\/\/kanonkapi.com\/ninz-yangin-dayanimli-kapilar\/","url":"https:\/\/kanonkapi.com\/ninz-yangin-dayanimli-kapilar\/","name":"N\u0131nz Yang\u0131n Dayan\u0131ml\u0131 Kap\u0131lar - Kanon Kap\u0131","isPartOf":{"@id":"https:\/\/kanonkapi.com\/#website"},"primaryImageOfPage":{"@id":"https:\/\/kanonkapi.com\/ninz-yangin-dayanimli-kapilar\/#primaryimage"},"image":{"@id":"https:\/\/kanonkapi.com\/ninz-yangin-dayanimli-kapilar\/#primaryimage"},"thumbnailUrl":"https:\/\/kanonkapi.com\/wp-content\/uploads\/2024\/05\/Ninz-Yangin-Dayanimli-Kapilar-2.jpg","datePublished":"2024-05-19T18:49:51+00:00","dateModified":"2024-05-19T18:51:32+00:00","breadcrumb":{"@id":"https:\/\/kanonkapi.com\/ninz-yangin-dayanimli-kapilar\/#breadcrumb"},"inLanguage":"en-US","potentialAction":[{"@type":"ReadAction","target":["https:\/\/kanonkapi.com\/ninz-yangin-dayanimli-kapilar\/"]}]},{"@type":"ImageObject","inLanguage":"en-US","@id":"https:\/\/kanonkapi.com\/ninz-yangin-dayanimli-kapilar\/#primaryimage","url":"https:\/\/kanonkapi.com\/wp-content\/uploads\/2024\/05\/Ninz-Yangin-Dayanimli-Kapilar-2.jpg","contentUrl":"https:\/\/kanonkapi.com\/wp-content\/uploads\/2024\/05\/Ninz-Yangin-Dayanimli-Kapilar-2.jpg"},{"@type":"BreadcrumbList","@id":"https:\/\/kanonkapi.com\/ninz-yangin-dayanimli-kapilar\/#breadcrumb","itemListElement":[{"@type":"ListItem","position":1,"name":"Anasayfa","item":"https:\/\/kanonkapi.com\/"},{"@type":"ListItem","position":2,"name":"N\u0131nz Yang\u0131n Dayan\u0131ml\u0131 Kap\u0131lar"}]},{"@type":"WebSite","@id":"https:\/\/kanonkapi.com\/#website","url":"https:\/\/kanonkapi.com\/","name":"Kanon Kap\u0131","description":"Otomatik Kap\u0131 Sistemler","publisher":{"@id":"https:\/\/kanonkapi.com\/#organization"},"potentialAction":[{"@type":"SearchAction","target":{"@type":"EntryPoint","urlTemplate":"https:\/\/kanonkapi.com\/?s={search_term_string}"},"query-input":{"@type":"PropertyValueSpecification","valueRequired":true,"valueName":"search_term_string"}}],"inLanguage":"en-US"},{"@type":"Organization","@id":"https:\/\/kanonkapi.com\/#organization","name":"Kanon Kap\u0131","url":"https:\/\/kanonkapi.com\/","logo":{"@type":"ImageObject","inLanguage":"en-US","@id":"https:\/\/kanonkapi.com\/#\/schema\/logo\/image\/","url":"https:\/\/kanonkapi.com\/wp-content\/uploads\/2024\/05\/logo.png","contentUrl":"https:\/\/kanonkapi.com\/wp-content\/uploads\/2024\/05\/logo.png","width":600,"height":161,"caption":"Kanon Kap\u0131"},"image":{"@id":"https:\/\/kanonkapi.com\/#\/schema\/logo\/image\/"},"sameAs":["https:\/\/www.facebook.com\/p\/Kanon-Yapi-Otomasyon-100063698436460\/","https:\/\/www.instagram.com\/kanonotomatikkapi\/"]}]}},"_links":{"self":[{"href":"https:\/\/kanonkapi.com\/en\/wp-json\/wp\/v2\/pages\/8924","targetHints":{"allow":["GET"]}}],"collection":[{"href":"https:\/\/kanonkapi.com\/en\/wp-json\/wp\/v2\/pages"}],"about":[{"href":"https:\/\/kanonkapi.com\/en\/wp-json\/wp\/v2\/types\/page"}],"author":[{"embeddable":true,"href":"https:\/\/kanonkapi.com\/en\/wp-json\/wp\/v2\/users\/1"}],"replies":[{"embeddable":true,"href":"https:\/\/kanonkapi.com\/en\/wp-json\/wp\/v2\/comments?post=8924"}],"version-history":[{"count":0,"href":"https:\/\/kanonkapi.com\/en\/wp-json\/wp\/v2\/pages\/8924\/revisions"}],"wp:attachment":[{"href":"https:\/\/kanonkapi.com\/en\/wp-json\/wp\/v2\/media?parent=8924"}],"wp:term":[{"taxonomy":"category","embeddable":true,"href":"https:\/\/kanonkapi.com\/en\/wp-json\/wp\/v2\/categories?post=8924"},{"taxonomy":"post_tag","embeddable":true,"href":"https:\/\/kanonkapi.com\/en\/wp-json\/wp\/v2\/tags?post=8924"}],"curies":[{"name":"wp","href":"https:\/\/api.w.org\/{rel}","templated":true}]}}