{"id":8953,"date":"2024-05-19T21:58:00","date_gmt":"2024-05-19T18:58:00","guid":{"rendered":"https:\/\/demo.kanonkapi.com\/?page_id=8953"},"modified":"2024-05-19T21:59:45","modified_gmt":"2024-05-19T18:59:45","slug":"yangin-dayanimli-sarmal-kapilar","status":"publish","type":"page","link":"https:\/\/kanonkapi.com\/en\/yangin-dayanimli-sarmal-kapilar\/","title":{"rendered":"Fire Retardant Rolling Shutters"},"content":{"rendered":"<div data-elementor-type=\"wp-post\" data-elementor-id=\"8953\" class=\"elementor elementor-8953\" data-elementor-settings=\"{&quot;ha_cmc_init_switcher&quot;:&quot;no&quot;}\">\n\t\t\t\t\t\t<section class=\"elementor-section elementor-top-section elementor-element elementor-element-148ec1c elementor-section-boxed elementor-section-height-default elementor-section-height-default\" data-id=\"148ec1c\" data-element_type=\"section\" data-settings=\"{&quot;background_background&quot;:&quot;classic&quot;,&quot;_ha_eqh_enable&quot;:false}\">\n\t\t\t\t\t\t<div class=\"elementor-container elementor-column-gap-default\">\n\t\t\t\t\t<div class=\"elementor-column elementor-col-100 elementor-top-column elementor-element elementor-element-e19e6d8 column-style-top\" data-id=\"e19e6d8\" data-element_type=\"column\">\n\t\t\t<div class=\"elementor-widget-wrap elementor-element-populated\">\n\t\t\t\t\t\t<div class=\"elementor-element elementor-element-b498e66 elementor-widget elementor-widget-text-editor\" data-id=\"b498e66\" data-element_type=\"widget\" data-widget_type=\"text-editor.default\">\n\t\t\t\t<div class=\"elementor-widget-container\">\n\t\t\t\t\t\t\t<p>Fire resistant shutters are the best solution designed for places where fire protection is important. It creates a safety barrier between the center of the fire and the place that needs to be protected.<\/p><p>It is produced in accordance with international fire specifications.<\/p><p>In Turkey, the application of fire protection systems has become mandatory in accordance with the \"Regulation on Fire Protection of Buildings\" published in the Official Gazette on 19\/12\/2007.<\/p><p>Fire shutters produced in accordance with the definition in Article 4 of this regulation are an alternative solution suitable for the system in all types of buildings.<\/p><p>Fire doors are specially produced according to every size. The system, equipped with fire automation and automatic closing device that can work with fire scenarios in emergency situations, confines the danger until intervention.<\/p><p>Each door has been tested under real conditions according to the STN EN 1634\u20131\/AC:2007 test method and is certified by the UKAS accredited testing laboratory.<\/p>\t\t\t\t\t\t<\/div>\n\t\t\t\t<\/div>\n\t\t\t\t\t<\/div>\n\t\t<\/div>\n\t\t\t\t\t<\/div>\n\t\t<\/section>\n\t\t\t\t<section class=\"elementor-section elementor-top-section elementor-element elementor-element-834d6bf elementor-section-boxed elementor-section-height-default elementor-section-height-default\" data-id=\"834d6bf\" data-element_type=\"section\" data-settings=\"{&quot;background_background&quot;:&quot;classic&quot;}\">\n\t\t\t\t\t\t\t<div class=\"elementor-background-overlay\"><\/div>\n\t\t\t\t\t\t\t<div class=\"elementor-container elementor-column-gap-default\">\n\t\t\t\t\t<div class=\"elementor-column elementor-col-100 elementor-top-column elementor-element elementor-element-4b4011c column-style-top\" data-id=\"4b4011c\" data-element_type=\"column\" data-settings=\"{&quot;background_background&quot;:&quot;classic&quot;}\">\n\t\t\t<div class=\"elementor-widget-wrap elementor-element-populated\">\n\t\t\t\t\t\t<div class=\"elementor-element elementor-element-8c02324 premium-title-flex-start premium-title-color elementor-widget elementor-widget-premium-addon-title\" data-id=\"8c02324\" data-element_type=\"widget\" data-widget_type=\"premium-addon-title.default\">\n\t\t\t\t<div class=\"elementor-widget-container\">\n\t\t\t\n\t\t<div class=\"premium-title-container style4\">\n\t\t\t<h3 class=\"premium-title-header premium-title-style4\">\n\t\t\t\t\n\t\t\t\t\n\t\t\t\t\t\t\t\t\t\t\t\t<span class=\"premium-title-text\" >\n\t\t\t\t\tExample Applications\t\t\t\t<\/span>\n\t\t\t\t\t\n\t\t\t\t\t\t\t\t\t\t\t<\/h3>\n\t\t<\/div>\n\n\t\t\t\t<\/div>\n\t\t\t\t<\/div>\n\t\t\t\t<div class=\"elementor-element elementor-element-c9cdd6d ha-image-grid--even elementor-widget elementor-widget-ha-image-grid happy-addon ha-image-grid\" data-id=\"c9cdd6d\" data-element_type=\"widget\" data-settings=\"{&quot;layout&quot;:&quot;even&quot;,&quot;enable_popup&quot;:&quot;yes&quot;}\" data-widget_type=\"ha-image-grid.default\">\n\t\t\t\t<div class=\"elementor-widget-container\">\n\t\t\t\n\t\t<div class=\"ha-image-grid__wrap hajs-isotope ha-lightbox--has\">\n\t\t\t\t\t\t\t\n\t\t\t\t<a href=\"#\" data-mfp-src=\"https:\/\/kanonkapi.com\/wp-content\/uploads\/2024\/05\/Yangin-Dayanimli-Sarmal-Kapilar-1024x768.jpeg\" class=\"ha-image-grid__item ha-js-lightbox __fltr-1\">\n\t\t\t\t\t<img fetchpriority=\"high\" decoding=\"async\" width=\"1600\" height=\"1200\" src=\"https:\/\/kanonkapi.com\/wp-content\/uploads\/2024\/05\/Yangin-Dayanimli-Sarmal-Kapilar.jpeg\" class=\"elementor-animation-grow\" alt=\"\" \/>\t\t\t\t<\/a>\n\t\t\t\t\t<\/div>\n\n\t\t\t\t<\/div>\n\t\t\t\t<\/div>\n\t\t\t\t\t<\/div>\n\t\t<\/div>\n\t\t\t\t\t<\/div>\n\t\t<\/section>\n\t\t\t\t<\/div>","protected":false},"excerpt":{"rendered":"<p>Yang\u0131na dayan\u0131kl\u0131\u00a0kepenkler yang\u0131ndan korunman\u0131n \u00f6nemli oldu\u011fu mekanlar i\u00e7in tasarlanm\u0131\u015f en iyi \u00e7\u00f6z\u00fcmd\u00fcr. Ate\u015fin merkezi ile korunmas\u0131 gereken mekan aras\u0131nda emniyet bariyeri olu\u015fturur. Uluslararas\u0131 yang\u0131n \u015fartnamelerine uygun olarak \u00fcretilir. T\u00fcrkiye\u2019de de 19\/12\/2007 tarihinde resmi gazetede yay\u0131nlanan \u201cBinalar\u0131n Yang\u0131ndan Korunmas\u0131 Hakk\u0131nda Y\u00f6netmelik\u201d gere\u011fi yang\u0131ndan korunma sistemlerinin uygulanmas\u0131 zorunlu hale gelmi\u015ftir. Bu y\u00f6netmeli\u011fin 4.Maddesi\u00a0 bendindeki tan\u0131ma uygun olarak [&hellip;]<\/p>","protected":false},"author":1,"featured_media":0,"parent":0,"menu_order":0,"comment_status":"closed","ping_status":"closed","template":"","meta":{"footnotes":""},"categories":[82],"tags":[],"class_list":["post-8953","page","type-page","status-publish","hentry","category-yangin-kapilar"],"yoast_head":"<!-- This site is optimized with the Yoast SEO plugin v23.6 - https:\/\/yoast.com\/wordpress\/plugins\/seo\/ -->\n<title>Yang\u0131n Dayan\u0131ml\u0131 Sarmal Kap\u0131lar - Kanon Kap\u0131<\/title>\n<meta name=\"robots\" content=\"index, follow, max-snippet:-1, max-image-preview:large, max-video-preview:-1\" \/>\n<link rel=\"canonical\" href=\"https:\/\/kanonkapi.com\/en\/yangin-dayanimli-sarmal-kapilar\/\" \/>\n<meta property=\"og:locale\" content=\"en_US\" \/>\n<meta property=\"og:type\" content=\"article\" \/>\n<meta property=\"og:title\" content=\"Yang\u0131n Dayan\u0131ml\u0131 Sarmal Kap\u0131lar - Kanon Kap\u0131\" \/>\n<meta property=\"og:description\" content=\"Yang\u0131na dayan\u0131kl\u0131\u00a0kepenkler yang\u0131ndan korunman\u0131n \u00f6nemli oldu\u011fu mekanlar i\u00e7in tasarlanm\u0131\u015f en iyi \u00e7\u00f6z\u00fcmd\u00fcr. Ate\u015fin merkezi ile korunmas\u0131 gereken mekan aras\u0131nda emniyet bariyeri olu\u015fturur. Uluslararas\u0131 yang\u0131n \u015fartnamelerine uygun olarak \u00fcretilir. T\u00fcrkiye\u2019de de 19\/12\/2007 tarihinde resmi gazetede yay\u0131nlanan \u201cBinalar\u0131n Yang\u0131ndan Korunmas\u0131 Hakk\u0131nda Y\u00f6netmelik\u201d gere\u011fi yang\u0131ndan korunma sistemlerinin uygulanmas\u0131 zorunlu hale gelmi\u015ftir. Bu y\u00f6netmeli\u011fin 4.Maddesi\u00a0 bendindeki tan\u0131ma uygun olarak [&hellip;]\" \/>\n<meta property=\"og:url\" content=\"https:\/\/kanonkapi.com\/en\/yangin-dayanimli-sarmal-kapilar\/\" \/>\n<meta property=\"og:site_name\" content=\"Kanon Kap\u0131\" \/>\n<meta property=\"article:publisher\" content=\"https:\/\/www.facebook.com\/p\/Kanon-Yapi-Otomasyon-100063698436460\/\" \/>\n<meta property=\"article:modified_time\" content=\"2024-05-19T18:59:45+00:00\" \/>\n<meta property=\"og:image\" content=\"https:\/\/kanonkapi.com\/wp-content\/uploads\/2024\/05\/Yangin-Dayanimli-Sarmal-Kapilar.jpeg\" \/>\n<meta name=\"twitter:card\" content=\"summary_large_image\" \/>\n<meta name=\"twitter:label1\" content=\"Est. reading time\" \/>\n\t<meta name=\"twitter:data1\" content=\"1 minute\" \/>\n<script type=\"application\/ld+json\" class=\"yoast-schema-graph\">{\"@context\":\"https:\/\/schema.org\",\"@graph\":[{\"@type\":\"WebPage\",\"@id\":\"https:\/\/kanonkapi.com\/yangin-dayanimli-sarmal-kapilar\/\",\"url\":\"https:\/\/kanonkapi.com\/yangin-dayanimli-sarmal-kapilar\/\",\"name\":\"Yang\u0131n Dayan\u0131ml\u0131 Sarmal Kap\u0131lar - Kanon Kap\u0131\",\"isPartOf\":{\"@id\":\"https:\/\/kanonkapi.com\/#website\"},\"primaryImageOfPage\":{\"@id\":\"https:\/\/kanonkapi.com\/yangin-dayanimli-sarmal-kapilar\/#primaryimage\"},\"image\":{\"@id\":\"https:\/\/kanonkapi.com\/yangin-dayanimli-sarmal-kapilar\/#primaryimage\"},\"thumbnailUrl\":\"https:\/\/kanonkapi.com\/wp-content\/uploads\/2024\/05\/Yangin-Dayanimli-Sarmal-Kapilar.jpeg\",\"datePublished\":\"2024-05-19T18:58:00+00:00\",\"dateModified\":\"2024-05-19T18:59:45+00:00\",\"breadcrumb\":{\"@id\":\"https:\/\/kanonkapi.com\/yangin-dayanimli-sarmal-kapilar\/#breadcrumb\"},\"inLanguage\":\"en-US\",\"potentialAction\":[{\"@type\":\"ReadAction\",\"target\":[\"https:\/\/kanonkapi.com\/yangin-dayanimli-sarmal-kapilar\/\"]}]},{\"@type\":\"ImageObject\",\"inLanguage\":\"en-US\",\"@id\":\"https:\/\/kanonkapi.com\/yangin-dayanimli-sarmal-kapilar\/#primaryimage\",\"url\":\"https:\/\/kanonkapi.com\/wp-content\/uploads\/2024\/05\/Yangin-Dayanimli-Sarmal-Kapilar.jpeg\",\"contentUrl\":\"https:\/\/kanonkapi.com\/wp-content\/uploads\/2024\/05\/Yangin-Dayanimli-Sarmal-Kapilar.jpeg\"},{\"@type\":\"BreadcrumbList\",\"@id\":\"https:\/\/kanonkapi.com\/yangin-dayanimli-sarmal-kapilar\/#breadcrumb\",\"itemListElement\":[{\"@type\":\"ListItem\",\"position\":1,\"name\":\"Anasayfa\",\"item\":\"https:\/\/kanonkapi.com\/\"},{\"@type\":\"ListItem\",\"position\":2,\"name\":\"Yang\u0131n Dayan\u0131ml\u0131 Sarmal Kap\u0131lar\"}]},{\"@type\":\"WebSite\",\"@id\":\"https:\/\/kanonkapi.com\/#website\",\"url\":\"https:\/\/kanonkapi.com\/\",\"name\":\"Kanon Kap\u0131\",\"description\":\"Otomatik Kap\u0131 Sistemler\",\"publisher\":{\"@id\":\"https:\/\/kanonkapi.com\/#organization\"},\"potentialAction\":[{\"@type\":\"SearchAction\",\"target\":{\"@type\":\"EntryPoint\",\"urlTemplate\":\"https:\/\/kanonkapi.com\/?s={search_term_string}\"},\"query-input\":{\"@type\":\"PropertyValueSpecification\",\"valueRequired\":true,\"valueName\":\"search_term_string\"}}],\"inLanguage\":\"en-US\"},{\"@type\":\"Organization\",\"@id\":\"https:\/\/kanonkapi.com\/#organization\",\"name\":\"Kanon Kap\u0131\",\"url\":\"https:\/\/kanonkapi.com\/\",\"logo\":{\"@type\":\"ImageObject\",\"inLanguage\":\"en-US\",\"@id\":\"https:\/\/kanonkapi.com\/#\/schema\/logo\/image\/\",\"url\":\"https:\/\/kanonkapi.com\/wp-content\/uploads\/2024\/05\/logo.png\",\"contentUrl\":\"https:\/\/kanonkapi.com\/wp-content\/uploads\/2024\/05\/logo.png\",\"width\":600,\"height\":161,\"caption\":\"Kanon Kap\u0131\"},\"image\":{\"@id\":\"https:\/\/kanonkapi.com\/#\/schema\/logo\/image\/\"},\"sameAs\":[\"https:\/\/www.facebook.com\/p\/Kanon-Yapi-Otomasyon-100063698436460\/\",\"https:\/\/www.instagram.com\/kanonotomatikkapi\/\"]}]}<\/script>\n<!-- \/ Yoast SEO plugin. -->","yoast_head_json":{"title":"Yang\u0131n Dayan\u0131ml\u0131 Sarmal Kap\u0131lar - Kanon Kap\u0131","robots":{"index":"index","follow":"follow","max-snippet":"max-snippet:-1","max-image-preview":"max-image-preview:large","max-video-preview":"max-video-preview:-1"},"canonical":"https:\/\/kanonkapi.com\/en\/yangin-dayanimli-sarmal-kapilar\/","og_locale":"en_US","og_type":"article","og_title":"Yang\u0131n Dayan\u0131ml\u0131 Sarmal Kap\u0131lar - Kanon Kap\u0131","og_description":"Yang\u0131na dayan\u0131kl\u0131\u00a0kepenkler yang\u0131ndan korunman\u0131n \u00f6nemli oldu\u011fu mekanlar i\u00e7in tasarlanm\u0131\u015f en iyi \u00e7\u00f6z\u00fcmd\u00fcr. Ate\u015fin merkezi ile korunmas\u0131 gereken mekan aras\u0131nda emniyet bariyeri olu\u015fturur. Uluslararas\u0131 yang\u0131n \u015fartnamelerine uygun olarak \u00fcretilir. T\u00fcrkiye\u2019de de 19\/12\/2007 tarihinde resmi gazetede yay\u0131nlanan \u201cBinalar\u0131n Yang\u0131ndan Korunmas\u0131 Hakk\u0131nda Y\u00f6netmelik\u201d gere\u011fi yang\u0131ndan korunma sistemlerinin uygulanmas\u0131 zorunlu hale gelmi\u015ftir. Bu y\u00f6netmeli\u011fin 4.Maddesi\u00a0 bendindeki tan\u0131ma uygun olarak [&hellip;]","og_url":"https:\/\/kanonkapi.com\/en\/yangin-dayanimli-sarmal-kapilar\/","og_site_name":"Kanon Kap\u0131","article_publisher":"https:\/\/www.facebook.com\/p\/Kanon-Yapi-Otomasyon-100063698436460\/","article_modified_time":"2024-05-19T18:59:45+00:00","og_image":[{"url":"https:\/\/kanonkapi.com\/wp-content\/uploads\/2024\/05\/Yangin-Dayanimli-Sarmal-Kapilar.jpeg"}],"twitter_card":"summary_large_image","twitter_misc":{"Est. reading time":"1 minute"},"schema":{"@context":"https:\/\/schema.org","@graph":[{"@type":"WebPage","@id":"https:\/\/kanonkapi.com\/yangin-dayanimli-sarmal-kapilar\/","url":"https:\/\/kanonkapi.com\/yangin-dayanimli-sarmal-kapilar\/","name":"Yang\u0131n Dayan\u0131ml\u0131 Sarmal Kap\u0131lar - Kanon Kap\u0131","isPartOf":{"@id":"https:\/\/kanonkapi.com\/#website"},"primaryImageOfPage":{"@id":"https:\/\/kanonkapi.com\/yangin-dayanimli-sarmal-kapilar\/#primaryimage"},"image":{"@id":"https:\/\/kanonkapi.com\/yangin-dayanimli-sarmal-kapilar\/#primaryimage"},"thumbnailUrl":"https:\/\/kanonkapi.com\/wp-content\/uploads\/2024\/05\/Yangin-Dayanimli-Sarmal-Kapilar.jpeg","datePublished":"2024-05-19T18:58:00+00:00","dateModified":"2024-05-19T18:59:45+00:00","breadcrumb":{"@id":"https:\/\/kanonkapi.com\/yangin-dayanimli-sarmal-kapilar\/#breadcrumb"},"inLanguage":"en-US","potentialAction":[{"@type":"ReadAction","target":["https:\/\/kanonkapi.com\/yangin-dayanimli-sarmal-kapilar\/"]}]},{"@type":"ImageObject","inLanguage":"en-US","@id":"https:\/\/kanonkapi.com\/yangin-dayanimli-sarmal-kapilar\/#primaryimage","url":"https:\/\/kanonkapi.com\/wp-content\/uploads\/2024\/05\/Yangin-Dayanimli-Sarmal-Kapilar.jpeg","contentUrl":"https:\/\/kanonkapi.com\/wp-content\/uploads\/2024\/05\/Yangin-Dayanimli-Sarmal-Kapilar.jpeg"},{"@type":"BreadcrumbList","@id":"https:\/\/kanonkapi.com\/yangin-dayanimli-sarmal-kapilar\/#breadcrumb","itemListElement":[{"@type":"ListItem","position":1,"name":"Anasayfa","item":"https:\/\/kanonkapi.com\/"},{"@type":"ListItem","position":2,"name":"Yang\u0131n Dayan\u0131ml\u0131 Sarmal Kap\u0131lar"}]},{"@type":"WebSite","@id":"https:\/\/kanonkapi.com\/#website","url":"https:\/\/kanonkapi.com\/","name":"Kanon Kap\u0131","description":"Otomatik Kap\u0131 Sistemler","publisher":{"@id":"https:\/\/kanonkapi.com\/#organization"},"potentialAction":[{"@type":"SearchAction","target":{"@type":"EntryPoint","urlTemplate":"https:\/\/kanonkapi.com\/?s={search_term_string}"},"query-input":{"@type":"PropertyValueSpecification","valueRequired":true,"valueName":"search_term_string"}}],"inLanguage":"en-US"},{"@type":"Organization","@id":"https:\/\/kanonkapi.com\/#organization","name":"Kanon Kap\u0131","url":"https:\/\/kanonkapi.com\/","logo":{"@type":"ImageObject","inLanguage":"en-US","@id":"https:\/\/kanonkapi.com\/#\/schema\/logo\/image\/","url":"https:\/\/kanonkapi.com\/wp-content\/uploads\/2024\/05\/logo.png","contentUrl":"https:\/\/kanonkapi.com\/wp-content\/uploads\/2024\/05\/logo.png","width":600,"height":161,"caption":"Kanon Kap\u0131"},"image":{"@id":"https:\/\/kanonkapi.com\/#\/schema\/logo\/image\/"},"sameAs":["https:\/\/www.facebook.com\/p\/Kanon-Yapi-Otomasyon-100063698436460\/","https:\/\/www.instagram.com\/kanonotomatikkapi\/"]}]}},"_links":{"self":[{"href":"https:\/\/kanonkapi.com\/en\/wp-json\/wp\/v2\/pages\/8953","targetHints":{"allow":["GET"]}}],"collection":[{"href":"https:\/\/kanonkapi.com\/en\/wp-json\/wp\/v2\/pages"}],"about":[{"href":"https:\/\/kanonkapi.com\/en\/wp-json\/wp\/v2\/types\/page"}],"author":[{"embeddable":true,"href":"https:\/\/kanonkapi.com\/en\/wp-json\/wp\/v2\/users\/1"}],"replies":[{"embeddable":true,"href":"https:\/\/kanonkapi.com\/en\/wp-json\/wp\/v2\/comments?post=8953"}],"version-history":[{"count":0,"href":"https:\/\/kanonkapi.com\/en\/wp-json\/wp\/v2\/pages\/8953\/revisions"}],"wp:attachment":[{"href":"https:\/\/kanonkapi.com\/en\/wp-json\/wp\/v2\/media?parent=8953"}],"wp:term":[{"taxonomy":"category","embeddable":true,"href":"https:\/\/kanonkapi.com\/en\/wp-json\/wp\/v2\/categories?post=8953"},{"taxonomy":"post_tag","embeddable":true,"href":"https:\/\/kanonkapi.com\/en\/wp-json\/wp\/v2\/tags?post=8953"}],"curies":[{"name":"wp","href":"https:\/\/api.w.org\/{rel}","templated":true}]}}