{"id":8963,"date":"2024-05-19T22:00:14","date_gmt":"2024-05-19T19:00:14","guid":{"rendered":"https:\/\/demo.kanonkapi.com\/?page_id=8963"},"modified":"2024-05-19T22:01:34","modified_gmt":"2024-05-19T19:01:34","slug":"yana-kayar-kapi-otomasyon-sistemleri","status":"publish","type":"page","link":"https:\/\/kanonkapi.com\/en\/yana-kayar-kapi-otomasyon-sistemleri\/","title":{"rendered":"Sliding Gate Automation Systems"},"content":{"rendered":"<div data-elementor-type=\"wp-post\" data-elementor-id=\"8963\" class=\"elementor elementor-8963\" data-elementor-settings=\"{&quot;ha_cmc_init_switcher&quot;:&quot;no&quot;}\">\n\t\t\t\t\t\t<section class=\"elementor-section elementor-top-section elementor-element elementor-element-148ec1c elementor-section-boxed elementor-section-height-default elementor-section-height-default\" data-id=\"148ec1c\" data-element_type=\"section\" data-settings=\"{&quot;background_background&quot;:&quot;classic&quot;,&quot;_ha_eqh_enable&quot;:false}\">\n\t\t\t\t\t\t<div class=\"elementor-container elementor-column-gap-default\">\n\t\t\t\t\t<div class=\"elementor-column elementor-col-100 elementor-top-column elementor-element elementor-element-e19e6d8 column-style-top\" data-id=\"e19e6d8\" data-element_type=\"column\">\n\t\t\t<div class=\"elementor-widget-wrap elementor-element-populated\">\n\t\t\t\t\t\t<div class=\"elementor-element elementor-element-b498e66 elementor-widget elementor-widget-text-editor\" data-id=\"b498e66\" data-element_type=\"widget\" data-widget_type=\"text-editor.default\">\n\t\t\t\t<div class=\"elementor-widget-container\">\n\t\t\t\t\t\t\t<p>BFT automation systems; It offers security, aesthetics and comfort together in areas where they are used at the entrances of villas, apartments and industrial facilities, with weights ranging from 600kg to 3500kg and lengths ranging from 6mt to 18mt.<\/p><p>Automations for sliding garden gates made by Bft are the perfect solution for the mobility of gates that will be exposed to intensive use and in residential and industrial environments, in the most difficult climatic conditions. Bft sliding gates, which can be adjusted to open gates weighing up to 3500 kg at a speed of 16 meters per minute. All operators for garden gates have the same structural and aesthetic solutions applied to operators in the entire product range, thus making the installer's job even easier. Paying utmost care in terms of security and product reliability, the motors of Bft sliding garden gates are equipped with personalized keys and accessories to be able to open them manually when necessary. It is equipped with the D-Track function, which adjusts the required push level for the doors to open and close. The Ultra version of the products in this category has the capacity to connect the sliding door to the network via WiFi, TCP IP and RS 485. Thanks to the secure U-Link protocol developed by Bft, the installer can control the settings and maintenance of the door with the remote control, while the customer can control the opening and closing operations by downloading the relevant application to his smartphone or tablet.<\/p>\t\t\t\t\t\t<\/div>\n\t\t\t\t<\/div>\n\t\t\t\t\t<\/div>\n\t\t<\/div>\n\t\t\t\t\t<\/div>\n\t\t<\/section>\n\t\t\t\t<section class=\"elementor-section elementor-top-section elementor-element elementor-element-834d6bf elementor-section-boxed elementor-section-height-default elementor-section-height-default\" data-id=\"834d6bf\" data-element_type=\"section\" data-settings=\"{&quot;background_background&quot;:&quot;classic&quot;}\">\n\t\t\t\t\t\t\t<div class=\"elementor-background-overlay\"><\/div>\n\t\t\t\t\t\t\t<div class=\"elementor-container elementor-column-gap-default\">\n\t\t\t\t\t<div class=\"elementor-column elementor-col-100 elementor-top-column elementor-element elementor-element-4b4011c column-style-top\" data-id=\"4b4011c\" data-element_type=\"column\" data-settings=\"{&quot;background_background&quot;:&quot;classic&quot;}\">\n\t\t\t<div class=\"elementor-widget-wrap elementor-element-populated\">\n\t\t\t\t\t\t<div class=\"elementor-element elementor-element-8c02324 premium-title-flex-start premium-title-color elementor-widget elementor-widget-premium-addon-title\" data-id=\"8c02324\" data-element_type=\"widget\" data-widget_type=\"premium-addon-title.default\">\n\t\t\t\t<div class=\"elementor-widget-container\">\n\t\t\t\n\t\t<div class=\"premium-title-container style4\">\n\t\t\t<h3 class=\"premium-title-header premium-title-style4\">\n\t\t\t\t\n\t\t\t\t\n\t\t\t\t\t\t\t\t\t\t\t\t<span class=\"premium-title-text\" >\n\t\t\t\t\tExample Applications\t\t\t\t<\/span>\n\t\t\t\t\t\n\t\t\t\t\t\t\t\t\t\t\t<\/h3>\n\t\t<\/div>\n\n\t\t\t\t<\/div>\n\t\t\t\t<\/div>\n\t\t\t\t<div class=\"elementor-element elementor-element-c9cdd6d ha-image-grid--even elementor-widget elementor-widget-ha-image-grid happy-addon ha-image-grid\" data-id=\"c9cdd6d\" data-element_type=\"widget\" data-settings=\"{&quot;layout&quot;:&quot;even&quot;,&quot;enable_popup&quot;:&quot;yes&quot;}\" data-widget_type=\"ha-image-grid.default\">\n\t\t\t\t<div class=\"elementor-widget-container\">\n\t\t\t\n\t\t<div class=\"ha-image-grid__wrap hajs-isotope ha-lightbox--has\">\n\t\t\t\t\t\t\t\n\t\t\t\t<a href=\"#\" data-mfp-src=\"https:\/\/kanonkapi.com\/wp-content\/uploads\/2024\/05\/Yana-Kayar-Kapi-Otomasyon-Sistemleri-2.jpg\" class=\"ha-image-grid__item ha-js-lightbox __fltr-1\">\n\t\t\t\t\t<img fetchpriority=\"high\" decoding=\"async\" width=\"800\" height=\"600\" src=\"https:\/\/kanonkapi.com\/wp-content\/uploads\/2024\/05\/Yana-Kayar-Kapi-Otomasyon-Sistemleri-2.jpg\" class=\"elementor-animation-grow\" alt=\"\" \/>\t\t\t\t<\/a>\n\t\t\t\t\t\t\t\n\t\t\t\t<a href=\"#\" data-mfp-src=\"https:\/\/kanonkapi.com\/wp-content\/uploads\/2024\/05\/Yana-Kayar-Kapi-Otomasyon-Sistemleri-1.jpg\" class=\"ha-image-grid__item ha-js-lightbox __fltr-1\">\n\t\t\t\t\t<img decoding=\"async\" width=\"800\" height=\"600\" src=\"https:\/\/kanonkapi.com\/wp-content\/uploads\/2024\/05\/Yana-Kayar-Kapi-Otomasyon-Sistemleri-1.jpg\" class=\"elementor-animation-grow\" alt=\"\" \/>\t\t\t\t<\/a>\n\t\t\t\t\t<\/div>\n\n\t\t\t\t<\/div>\n\t\t\t\t<\/div>\n\t\t\t\t\t<\/div>\n\t\t<\/div>\n\t\t\t\t\t<\/div>\n\t\t<\/section>\n\t\t\t\t<\/div>","protected":false},"excerpt":{"rendered":"<p>BFT otomasyon sistemleri; villa, apartman ve end\u00fcstriyel tesis giri\u015flerinde a\u011f\u0131rl\u0131\u011f\u0131 600kg ile 3500 kg aras\u0131nda, uzunlu\u011fu 6mt ile 18mt aras\u0131nda de\u011fi\u015fen kullan\u0131ld\u0131klar\u0131 alanlara g\u00fcvenli\u011fi, esteti\u011fi ve konforu bir arada sunmaktad\u0131r. Bft taraf\u0131ndan ger\u00e7ekle\u015ftirilen s\u00fcrg\u00fcl\u00fc bah\u00e7e kap\u0131lar\u0131na y\u00f6nelik otomasyonlar, konut ve end\u00fcstriyel ortamlarda, en zor iklim ko\u015fullar\u0131nda ve yo\u011fun kullan\u0131ma maruz kalacak kap\u0131lar\u0131n hareket kabiliyeti i\u00e7in [&hellip;]<\/p>","protected":false},"author":1,"featured_media":0,"parent":0,"menu_order":0,"comment_status":"closed","ping_status":"closed","template":"","meta":{"footnotes":""},"categories":[83],"tags":[],"class_list":["post-8963","page","type-page","status-publish","hentry","category-otomasyon-sistemleri"],"yoast_head":"<!-- This site is optimized with the Yoast SEO plugin v23.6 - https:\/\/yoast.com\/wordpress\/plugins\/seo\/ -->\n<title>Yana Kayar Kap\u0131 Otomasyon Sistemleri - Kanon Kap\u0131<\/title>\n<meta name=\"robots\" content=\"index, follow, max-snippet:-1, max-image-preview:large, max-video-preview:-1\" \/>\n<link rel=\"canonical\" href=\"https:\/\/kanonkapi.com\/en\/yana-kayar-kapi-otomasyon-sistemleri\/\" \/>\n<meta property=\"og:locale\" content=\"en_US\" \/>\n<meta property=\"og:type\" content=\"article\" \/>\n<meta property=\"og:title\" content=\"Yana Kayar Kap\u0131 Otomasyon Sistemleri - Kanon Kap\u0131\" \/>\n<meta property=\"og:description\" content=\"BFT otomasyon sistemleri; villa, apartman ve end\u00fcstriyel tesis giri\u015flerinde a\u011f\u0131rl\u0131\u011f\u0131 600kg ile 3500 kg aras\u0131nda, uzunlu\u011fu 6mt ile 18mt aras\u0131nda de\u011fi\u015fen kullan\u0131ld\u0131klar\u0131 alanlara g\u00fcvenli\u011fi, esteti\u011fi ve konforu bir arada sunmaktad\u0131r. Bft taraf\u0131ndan ger\u00e7ekle\u015ftirilen s\u00fcrg\u00fcl\u00fc bah\u00e7e kap\u0131lar\u0131na y\u00f6nelik otomasyonlar, konut ve end\u00fcstriyel ortamlarda, en zor iklim ko\u015fullar\u0131nda ve yo\u011fun kullan\u0131ma maruz kalacak kap\u0131lar\u0131n hareket kabiliyeti i\u00e7in [&hellip;]\" \/>\n<meta property=\"og:url\" content=\"https:\/\/kanonkapi.com\/en\/yana-kayar-kapi-otomasyon-sistemleri\/\" \/>\n<meta property=\"og:site_name\" content=\"Kanon Kap\u0131\" \/>\n<meta property=\"article:publisher\" content=\"https:\/\/www.facebook.com\/p\/Kanon-Yapi-Otomasyon-100063698436460\/\" \/>\n<meta property=\"article:modified_time\" content=\"2024-05-19T19:01:34+00:00\" \/>\n<meta property=\"og:image\" content=\"https:\/\/kanonkapi.com\/wp-content\/uploads\/2024\/05\/Yana-Kayar-Kapi-Otomasyon-Sistemleri-2.jpg\" \/>\n<meta name=\"twitter:card\" content=\"summary_large_image\" \/>\n<meta name=\"twitter:label1\" content=\"Est. reading time\" \/>\n\t<meta name=\"twitter:data1\" content=\"1 minute\" \/>\n<script type=\"application\/ld+json\" class=\"yoast-schema-graph\">{\"@context\":\"https:\/\/schema.org\",\"@graph\":[{\"@type\":\"WebPage\",\"@id\":\"https:\/\/kanonkapi.com\/yana-kayar-kapi-otomasyon-sistemleri\/\",\"url\":\"https:\/\/kanonkapi.com\/yana-kayar-kapi-otomasyon-sistemleri\/\",\"name\":\"Yana Kayar Kap\u0131 Otomasyon Sistemleri - Kanon Kap\u0131\",\"isPartOf\":{\"@id\":\"https:\/\/kanonkapi.com\/#website\"},\"primaryImageOfPage\":{\"@id\":\"https:\/\/kanonkapi.com\/yana-kayar-kapi-otomasyon-sistemleri\/#primaryimage\"},\"image\":{\"@id\":\"https:\/\/kanonkapi.com\/yana-kayar-kapi-otomasyon-sistemleri\/#primaryimage\"},\"thumbnailUrl\":\"https:\/\/kanonkapi.com\/wp-content\/uploads\/2024\/05\/Yana-Kayar-Kapi-Otomasyon-Sistemleri-2.jpg\",\"datePublished\":\"2024-05-19T19:00:14+00:00\",\"dateModified\":\"2024-05-19T19:01:34+00:00\",\"breadcrumb\":{\"@id\":\"https:\/\/kanonkapi.com\/yana-kayar-kapi-otomasyon-sistemleri\/#breadcrumb\"},\"inLanguage\":\"en-US\",\"potentialAction\":[{\"@type\":\"ReadAction\",\"target\":[\"https:\/\/kanonkapi.com\/yana-kayar-kapi-otomasyon-sistemleri\/\"]}]},{\"@type\":\"ImageObject\",\"inLanguage\":\"en-US\",\"@id\":\"https:\/\/kanonkapi.com\/yana-kayar-kapi-otomasyon-sistemleri\/#primaryimage\",\"url\":\"https:\/\/kanonkapi.com\/wp-content\/uploads\/2024\/05\/Yana-Kayar-Kapi-Otomasyon-Sistemleri-2.jpg\",\"contentUrl\":\"https:\/\/kanonkapi.com\/wp-content\/uploads\/2024\/05\/Yana-Kayar-Kapi-Otomasyon-Sistemleri-2.jpg\"},{\"@type\":\"BreadcrumbList\",\"@id\":\"https:\/\/kanonkapi.com\/yana-kayar-kapi-otomasyon-sistemleri\/#breadcrumb\",\"itemListElement\":[{\"@type\":\"ListItem\",\"position\":1,\"name\":\"Anasayfa\",\"item\":\"https:\/\/kanonkapi.com\/\"},{\"@type\":\"ListItem\",\"position\":2,\"name\":\"Yana Kayar Kap\u0131 Otomasyon Sistemleri\"}]},{\"@type\":\"WebSite\",\"@id\":\"https:\/\/kanonkapi.com\/#website\",\"url\":\"https:\/\/kanonkapi.com\/\",\"name\":\"Kanon Kap\u0131\",\"description\":\"Otomatik Kap\u0131 Sistemler\",\"publisher\":{\"@id\":\"https:\/\/kanonkapi.com\/#organization\"},\"potentialAction\":[{\"@type\":\"SearchAction\",\"target\":{\"@type\":\"EntryPoint\",\"urlTemplate\":\"https:\/\/kanonkapi.com\/?s={search_term_string}\"},\"query-input\":{\"@type\":\"PropertyValueSpecification\",\"valueRequired\":true,\"valueName\":\"search_term_string\"}}],\"inLanguage\":\"en-US\"},{\"@type\":\"Organization\",\"@id\":\"https:\/\/kanonkapi.com\/#organization\",\"name\":\"Kanon Kap\u0131\",\"url\":\"https:\/\/kanonkapi.com\/\",\"logo\":{\"@type\":\"ImageObject\",\"inLanguage\":\"en-US\",\"@id\":\"https:\/\/kanonkapi.com\/#\/schema\/logo\/image\/\",\"url\":\"https:\/\/kanonkapi.com\/wp-content\/uploads\/2024\/05\/logo.png\",\"contentUrl\":\"https:\/\/kanonkapi.com\/wp-content\/uploads\/2024\/05\/logo.png\",\"width\":600,\"height\":161,\"caption\":\"Kanon Kap\u0131\"},\"image\":{\"@id\":\"https:\/\/kanonkapi.com\/#\/schema\/logo\/image\/\"},\"sameAs\":[\"https:\/\/www.facebook.com\/p\/Kanon-Yapi-Otomasyon-100063698436460\/\",\"https:\/\/www.instagram.com\/kanonotomatikkapi\/\"]}]}<\/script>\n<!-- \/ Yoast SEO plugin. -->","yoast_head_json":{"title":"Yana Kayar Kap\u0131 Otomasyon Sistemleri - Kanon Kap\u0131","robots":{"index":"index","follow":"follow","max-snippet":"max-snippet:-1","max-image-preview":"max-image-preview:large","max-video-preview":"max-video-preview:-1"},"canonical":"https:\/\/kanonkapi.com\/en\/yana-kayar-kapi-otomasyon-sistemleri\/","og_locale":"en_US","og_type":"article","og_title":"Yana Kayar Kap\u0131 Otomasyon Sistemleri - Kanon Kap\u0131","og_description":"BFT otomasyon sistemleri; villa, apartman ve end\u00fcstriyel tesis giri\u015flerinde a\u011f\u0131rl\u0131\u011f\u0131 600kg ile 3500 kg aras\u0131nda, uzunlu\u011fu 6mt ile 18mt aras\u0131nda de\u011fi\u015fen kullan\u0131ld\u0131klar\u0131 alanlara g\u00fcvenli\u011fi, esteti\u011fi ve konforu bir arada sunmaktad\u0131r. Bft taraf\u0131ndan ger\u00e7ekle\u015ftirilen s\u00fcrg\u00fcl\u00fc bah\u00e7e kap\u0131lar\u0131na y\u00f6nelik otomasyonlar, konut ve end\u00fcstriyel ortamlarda, en zor iklim ko\u015fullar\u0131nda ve yo\u011fun kullan\u0131ma maruz kalacak kap\u0131lar\u0131n hareket kabiliyeti i\u00e7in [&hellip;]","og_url":"https:\/\/kanonkapi.com\/en\/yana-kayar-kapi-otomasyon-sistemleri\/","og_site_name":"Kanon Kap\u0131","article_publisher":"https:\/\/www.facebook.com\/p\/Kanon-Yapi-Otomasyon-100063698436460\/","article_modified_time":"2024-05-19T19:01:34+00:00","og_image":[{"url":"https:\/\/kanonkapi.com\/wp-content\/uploads\/2024\/05\/Yana-Kayar-Kapi-Otomasyon-Sistemleri-2.jpg"}],"twitter_card":"summary_large_image","twitter_misc":{"Est. reading time":"1 minute"},"schema":{"@context":"https:\/\/schema.org","@graph":[{"@type":"WebPage","@id":"https:\/\/kanonkapi.com\/yana-kayar-kapi-otomasyon-sistemleri\/","url":"https:\/\/kanonkapi.com\/yana-kayar-kapi-otomasyon-sistemleri\/","name":"Yana Kayar Kap\u0131 Otomasyon Sistemleri - Kanon Kap\u0131","isPartOf":{"@id":"https:\/\/kanonkapi.com\/#website"},"primaryImageOfPage":{"@id":"https:\/\/kanonkapi.com\/yana-kayar-kapi-otomasyon-sistemleri\/#primaryimage"},"image":{"@id":"https:\/\/kanonkapi.com\/yana-kayar-kapi-otomasyon-sistemleri\/#primaryimage"},"thumbnailUrl":"https:\/\/kanonkapi.com\/wp-content\/uploads\/2024\/05\/Yana-Kayar-Kapi-Otomasyon-Sistemleri-2.jpg","datePublished":"2024-05-19T19:00:14+00:00","dateModified":"2024-05-19T19:01:34+00:00","breadcrumb":{"@id":"https:\/\/kanonkapi.com\/yana-kayar-kapi-otomasyon-sistemleri\/#breadcrumb"},"inLanguage":"en-US","potentialAction":[{"@type":"ReadAction","target":["https:\/\/kanonkapi.com\/yana-kayar-kapi-otomasyon-sistemleri\/"]}]},{"@type":"ImageObject","inLanguage":"en-US","@id":"https:\/\/kanonkapi.com\/yana-kayar-kapi-otomasyon-sistemleri\/#primaryimage","url":"https:\/\/kanonkapi.com\/wp-content\/uploads\/2024\/05\/Yana-Kayar-Kapi-Otomasyon-Sistemleri-2.jpg","contentUrl":"https:\/\/kanonkapi.com\/wp-content\/uploads\/2024\/05\/Yana-Kayar-Kapi-Otomasyon-Sistemleri-2.jpg"},{"@type":"BreadcrumbList","@id":"https:\/\/kanonkapi.com\/yana-kayar-kapi-otomasyon-sistemleri\/#breadcrumb","itemListElement":[{"@type":"ListItem","position":1,"name":"Anasayfa","item":"https:\/\/kanonkapi.com\/"},{"@type":"ListItem","position":2,"name":"Yana Kayar Kap\u0131 Otomasyon Sistemleri"}]},{"@type":"WebSite","@id":"https:\/\/kanonkapi.com\/#website","url":"https:\/\/kanonkapi.com\/","name":"Kanon Kap\u0131","description":"Otomatik Kap\u0131 Sistemler","publisher":{"@id":"https:\/\/kanonkapi.com\/#organization"},"potentialAction":[{"@type":"SearchAction","target":{"@type":"EntryPoint","urlTemplate":"https:\/\/kanonkapi.com\/?s={search_term_string}"},"query-input":{"@type":"PropertyValueSpecification","valueRequired":true,"valueName":"search_term_string"}}],"inLanguage":"en-US"},{"@type":"Organization","@id":"https:\/\/kanonkapi.com\/#organization","name":"Kanon Kap\u0131","url":"https:\/\/kanonkapi.com\/","logo":{"@type":"ImageObject","inLanguage":"en-US","@id":"https:\/\/kanonkapi.com\/#\/schema\/logo\/image\/","url":"https:\/\/kanonkapi.com\/wp-content\/uploads\/2024\/05\/logo.png","contentUrl":"https:\/\/kanonkapi.com\/wp-content\/uploads\/2024\/05\/logo.png","width":600,"height":161,"caption":"Kanon Kap\u0131"},"image":{"@id":"https:\/\/kanonkapi.com\/#\/schema\/logo\/image\/"},"sameAs":["https:\/\/www.facebook.com\/p\/Kanon-Yapi-Otomasyon-100063698436460\/","https:\/\/www.instagram.com\/kanonotomatikkapi\/"]}]}},"_links":{"self":[{"href":"https:\/\/kanonkapi.com\/en\/wp-json\/wp\/v2\/pages\/8963","targetHints":{"allow":["GET"]}}],"collection":[{"href":"https:\/\/kanonkapi.com\/en\/wp-json\/wp\/v2\/pages"}],"about":[{"href":"https:\/\/kanonkapi.com\/en\/wp-json\/wp\/v2\/types\/page"}],"author":[{"embeddable":true,"href":"https:\/\/kanonkapi.com\/en\/wp-json\/wp\/v2\/users\/1"}],"replies":[{"embeddable":true,"href":"https:\/\/kanonkapi.com\/en\/wp-json\/wp\/v2\/comments?post=8963"}],"version-history":[{"count":0,"href":"https:\/\/kanonkapi.com\/en\/wp-json\/wp\/v2\/pages\/8963\/revisions"}],"wp:attachment":[{"href":"https:\/\/kanonkapi.com\/en\/wp-json\/wp\/v2\/media?parent=8963"}],"wp:term":[{"taxonomy":"category","embeddable":true,"href":"https:\/\/kanonkapi.com\/en\/wp-json\/wp\/v2\/categories?post=8963"},{"taxonomy":"post_tag","embeddable":true,"href":"https:\/\/kanonkapi.com\/en\/wp-json\/wp\/v2\/tags?post=8963"}],"curies":[{"name":"wp","href":"https:\/\/api.w.org\/{rel}","templated":true}]}}