{"id":8971,"date":"2024-05-19T22:02:04","date_gmt":"2024-05-19T19:02:04","guid":{"rendered":"https:\/\/demo.kanonkapi.com\/?page_id=8971"},"modified":"2024-05-19T22:03:09","modified_gmt":"2024-05-19T19:03:09","slug":"kanatli-kapi-otomasyon-sistemleri","status":"publish","type":"page","link":"https:\/\/kanonkapi.com\/en\/kanatli-kapi-otomasyon-sistemleri\/","title":{"rendered":"Swing Garden Door Automations"},"content":{"rendered":"<div data-elementor-type=\"wp-post\" data-elementor-id=\"8971\" class=\"elementor elementor-8971\" data-elementor-settings=\"{&quot;ha_cmc_init_switcher&quot;:&quot;no&quot;}\">\n\t\t\t\t\t\t<section class=\"elementor-section elementor-top-section elementor-element elementor-element-148ec1c elementor-section-boxed elementor-section-height-default elementor-section-height-default\" data-id=\"148ec1c\" data-element_type=\"section\" data-settings=\"{&quot;background_background&quot;:&quot;classic&quot;,&quot;_ha_eqh_enable&quot;:false}\">\n\t\t\t\t\t\t<div class=\"elementor-container elementor-column-gap-default\">\n\t\t\t\t\t<div class=\"elementor-column elementor-col-100 elementor-top-column elementor-element elementor-element-e19e6d8 column-style-top\" data-id=\"e19e6d8\" data-element_type=\"column\">\n\t\t\t<div class=\"elementor-widget-wrap elementor-element-populated\">\n\t\t\t\t\t\t<div class=\"elementor-element elementor-element-b498e66 elementor-widget elementor-widget-text-editor\" data-id=\"b498e66\" data-element_type=\"widget\" data-widget_type=\"text-editor.default\">\n\t\t\t\t<div class=\"elementor-widget-container\">\n\t\t\t\t\t\t\t<p>BFT Winged Garden Door, produced within the scope of Garden Door systems, is used at the entrances of villas, apartments and industrial facilities. BFT Wing Door Automations and BFT Wing Door models offer security, aesthetics and comfort together to the areas where they are used.<\/p>\t\t\t\t\t\t<\/div>\n\t\t\t\t<\/div>\n\t\t\t\t\t<\/div>\n\t\t<\/div>\n\t\t\t\t\t<\/div>\n\t\t<\/section>\n\t\t\t\t<section class=\"elementor-section elementor-top-section elementor-element elementor-element-834d6bf elementor-section-boxed elementor-section-height-default elementor-section-height-default\" data-id=\"834d6bf\" data-element_type=\"section\" data-settings=\"{&quot;background_background&quot;:&quot;classic&quot;}\">\n\t\t\t\t\t\t\t<div class=\"elementor-background-overlay\"><\/div>\n\t\t\t\t\t\t\t<div class=\"elementor-container elementor-column-gap-default\">\n\t\t\t\t\t<div class=\"elementor-column elementor-col-100 elementor-top-column elementor-element elementor-element-4b4011c column-style-top\" data-id=\"4b4011c\" data-element_type=\"column\" data-settings=\"{&quot;background_background&quot;:&quot;classic&quot;}\">\n\t\t\t<div class=\"elementor-widget-wrap elementor-element-populated\">\n\t\t\t\t\t\t<div class=\"elementor-element elementor-element-8c02324 premium-title-flex-start premium-title-color elementor-widget elementor-widget-premium-addon-title\" data-id=\"8c02324\" data-element_type=\"widget\" data-widget_type=\"premium-addon-title.default\">\n\t\t\t\t<div class=\"elementor-widget-container\">\n\t\t\t\n\t\t<div class=\"premium-title-container style4\">\n\t\t\t<h3 class=\"premium-title-header premium-title-style4\">\n\t\t\t\t\n\t\t\t\t\n\t\t\t\t\t\t\t\t\t\t\t\t<span class=\"premium-title-text\" >\n\t\t\t\t\tExample Applications\t\t\t\t<\/span>\n\t\t\t\t\t\n\t\t\t\t\t\t\t\t\t\t\t<\/h3>\n\t\t<\/div>\n\n\t\t\t\t<\/div>\n\t\t\t\t<\/div>\n\t\t\t\t<div class=\"elementor-element elementor-element-c9cdd6d ha-image-grid--even elementor-widget elementor-widget-ha-image-grid happy-addon ha-image-grid\" data-id=\"c9cdd6d\" data-element_type=\"widget\" data-settings=\"{&quot;layout&quot;:&quot;even&quot;,&quot;enable_popup&quot;:&quot;yes&quot;}\" data-widget_type=\"ha-image-grid.default\">\n\t\t\t\t<div class=\"elementor-widget-container\">\n\t\t\t\n\t\t<div class=\"ha-image-grid__wrap hajs-isotope ha-lightbox--has\">\n\t\t\t\t\t\t\t\n\t\t\t\t<a href=\"#\" data-mfp-src=\"https:\/\/kanonkapi.com\/wp-content\/uploads\/2024\/05\/Kanatli-Kapi-Otomasyon-Sistemleri-3.jpg\" class=\"ha-image-grid__item ha-js-lightbox __fltr-1\">\n\t\t\t\t\t<img fetchpriority=\"high\" decoding=\"async\" width=\"600\" height=\"600\" src=\"https:\/\/kanonkapi.com\/wp-content\/uploads\/2024\/05\/Kanatli-Kapi-Otomasyon-Sistemleri-3.jpg\" class=\"elementor-animation-grow\" alt=\"\" \/>\t\t\t\t<\/a>\n\t\t\t\t\t\t\t\n\t\t\t\t<a href=\"#\" data-mfp-src=\"https:\/\/kanonkapi.com\/wp-content\/uploads\/2024\/05\/Kanatli-Kapi-Otomasyon-Sistemleri-4.jpg\" class=\"ha-image-grid__item ha-js-lightbox __fltr-1\">\n\t\t\t\t\t<img decoding=\"async\" width=\"795\" height=\"600\" src=\"https:\/\/kanonkapi.com\/wp-content\/uploads\/2024\/05\/Kanatli-Kapi-Otomasyon-Sistemleri-4.jpg\" class=\"elementor-animation-grow\" alt=\"\" \/>\t\t\t\t<\/a>\n\t\t\t\t\t\t\t\n\t\t\t\t<a href=\"#\" data-mfp-src=\"https:\/\/kanonkapi.com\/wp-content\/uploads\/2024\/05\/Kanatli-Kapi-Otomasyon-Sistemleri-1.jpg\" class=\"ha-image-grid__item ha-js-lightbox __fltr-1\">\n\t\t\t\t\t<img decoding=\"async\" width=\"800\" height=\"600\" src=\"https:\/\/kanonkapi.com\/wp-content\/uploads\/2024\/05\/Kanatli-Kapi-Otomasyon-Sistemleri-1.jpg\" class=\"elementor-animation-grow\" alt=\"\" \/>\t\t\t\t<\/a>\n\t\t\t\t\t\t\t\n\t\t\t\t<a href=\"#\" data-mfp-src=\"https:\/\/kanonkapi.com\/wp-content\/uploads\/2024\/05\/Kanatli-Kapi-Otomasyon-Sistemleri-2.jpg\" class=\"ha-image-grid__item ha-js-lightbox __fltr-1\">\n\t\t\t\t\t<img loading=\"lazy\" decoding=\"async\" width=\"360\" height=\"600\" src=\"https:\/\/kanonkapi.com\/wp-content\/uploads\/2024\/05\/Kanatli-Kapi-Otomasyon-Sistemleri-2.jpg\" class=\"elementor-animation-grow\" alt=\"\" \/>\t\t\t\t<\/a>\n\t\t\t\t\t\t\t\n\t\t\t\t<a href=\"#\" data-mfp-src=\"https:\/\/kanonkapi.com\/wp-content\/uploads\/2024\/05\/Kanatli-Kapi-Otomasyon-Sistemleri-1-1024x768.jpeg\" class=\"ha-image-grid__item ha-js-lightbox __fltr-1\">\n\t\t\t\t\t<img loading=\"lazy\" decoding=\"async\" width=\"1600\" height=\"1200\" src=\"https:\/\/kanonkapi.com\/wp-content\/uploads\/2024\/05\/Kanatli-Kapi-Otomasyon-Sistemleri-1.jpeg\" class=\"elementor-animation-grow\" alt=\"\" \/>\t\t\t\t<\/a>\n\t\t\t\t\t<\/div>\n\n\t\t\t\t<\/div>\n\t\t\t\t<\/div>\n\t\t\t\t\t<\/div>\n\t\t<\/div>\n\t\t\t\t\t<\/div>\n\t\t<\/section>\n\t\t\t\t<\/div>","protected":false},"excerpt":{"rendered":"<p>Bah\u00e7e Kap\u0131s\u0131 sistemleri kapsam\u0131nda \u00fcretilen BFT Kanatl\u0131 Bah\u00e7e Kap\u0131s\u0131 villa, apartman ve end\u00fcstriyel tesis giri\u015flerinde kullan\u0131lmaktad\u0131r. BFT Kanatl\u0131 Kap\u0131 Otomasyonlar\u0131 ve BFT Kanatl\u0131 Kap\u0131 modelleri kullan\u0131ld\u0131klar\u0131 alanlara g\u00fcvenli\u011fi, esteti\u011fi ve konforu bir arada sunmaktad\u0131r. \u00d6rnek Uygulamalar<\/p>","protected":false},"author":1,"featured_media":0,"parent":0,"menu_order":0,"comment_status":"closed","ping_status":"closed","template":"","meta":{"footnotes":""},"categories":[83],"tags":[],"class_list":["post-8971","page","type-page","status-publish","hentry","category-otomasyon-sistemleri"],"yoast_head":"<!-- This site is optimized with the Yoast SEO plugin v23.6 - https:\/\/yoast.com\/wordpress\/plugins\/seo\/ -->\n<title>Kanatl\u0131 Kap\u0131 Otomasyon Sistemleri - Kanon Kap\u0131<\/title>\n<meta name=\"robots\" content=\"index, follow, max-snippet:-1, max-image-preview:large, max-video-preview:-1\" \/>\n<link rel=\"canonical\" href=\"https:\/\/kanonkapi.com\/en\/kanatli-kapi-otomasyon-sistemleri\/\" \/>\n<meta property=\"og:locale\" content=\"en_US\" \/>\n<meta property=\"og:type\" content=\"article\" \/>\n<meta property=\"og:title\" content=\"Kanatl\u0131 Kap\u0131 Otomasyon Sistemleri - Kanon Kap\u0131\" \/>\n<meta property=\"og:description\" content=\"Bah\u00e7e Kap\u0131s\u0131 sistemleri kapsam\u0131nda \u00fcretilen BFT Kanatl\u0131 Bah\u00e7e Kap\u0131s\u0131 villa, apartman ve end\u00fcstriyel tesis giri\u015flerinde kullan\u0131lmaktad\u0131r. BFT Kanatl\u0131 Kap\u0131 Otomasyonlar\u0131 ve BFT Kanatl\u0131 Kap\u0131 modelleri kullan\u0131ld\u0131klar\u0131 alanlara g\u00fcvenli\u011fi, esteti\u011fi ve konforu bir arada sunmaktad\u0131r. \u00d6rnek Uygulamalar\" \/>\n<meta property=\"og:url\" content=\"https:\/\/kanonkapi.com\/en\/kanatli-kapi-otomasyon-sistemleri\/\" \/>\n<meta property=\"og:site_name\" content=\"Kanon Kap\u0131\" \/>\n<meta property=\"article:publisher\" content=\"https:\/\/www.facebook.com\/p\/Kanon-Yapi-Otomasyon-100063698436460\/\" \/>\n<meta property=\"article:modified_time\" content=\"2024-05-19T19:03:09+00:00\" \/>\n<meta property=\"og:image\" content=\"https:\/\/kanonkapi.com\/wp-content\/uploads\/2024\/05\/Kanatli-Kapi-Otomasyon-Sistemleri-3.jpg\" \/>\n<meta name=\"twitter:card\" content=\"summary_large_image\" \/>\n<script type=\"application\/ld+json\" class=\"yoast-schema-graph\">{\"@context\":\"https:\/\/schema.org\",\"@graph\":[{\"@type\":\"WebPage\",\"@id\":\"https:\/\/kanonkapi.com\/kanatli-kapi-otomasyon-sistemleri\/\",\"url\":\"https:\/\/kanonkapi.com\/kanatli-kapi-otomasyon-sistemleri\/\",\"name\":\"Kanatl\u0131 Kap\u0131 Otomasyon Sistemleri - Kanon Kap\u0131\",\"isPartOf\":{\"@id\":\"https:\/\/kanonkapi.com\/#website\"},\"primaryImageOfPage\":{\"@id\":\"https:\/\/kanonkapi.com\/kanatli-kapi-otomasyon-sistemleri\/#primaryimage\"},\"image\":{\"@id\":\"https:\/\/kanonkapi.com\/kanatli-kapi-otomasyon-sistemleri\/#primaryimage\"},\"thumbnailUrl\":\"https:\/\/kanonkapi.com\/wp-content\/uploads\/2024\/05\/Kanatli-Kapi-Otomasyon-Sistemleri-3.jpg\",\"datePublished\":\"2024-05-19T19:02:04+00:00\",\"dateModified\":\"2024-05-19T19:03:09+00:00\",\"breadcrumb\":{\"@id\":\"https:\/\/kanonkapi.com\/kanatli-kapi-otomasyon-sistemleri\/#breadcrumb\"},\"inLanguage\":\"en-US\",\"potentialAction\":[{\"@type\":\"ReadAction\",\"target\":[\"https:\/\/kanonkapi.com\/kanatli-kapi-otomasyon-sistemleri\/\"]}]},{\"@type\":\"ImageObject\",\"inLanguage\":\"en-US\",\"@id\":\"https:\/\/kanonkapi.com\/kanatli-kapi-otomasyon-sistemleri\/#primaryimage\",\"url\":\"https:\/\/kanonkapi.com\/wp-content\/uploads\/2024\/05\/Kanatli-Kapi-Otomasyon-Sistemleri-3.jpg\",\"contentUrl\":\"https:\/\/kanonkapi.com\/wp-content\/uploads\/2024\/05\/Kanatli-Kapi-Otomasyon-Sistemleri-3.jpg\"},{\"@type\":\"BreadcrumbList\",\"@id\":\"https:\/\/kanonkapi.com\/kanatli-kapi-otomasyon-sistemleri\/#breadcrumb\",\"itemListElement\":[{\"@type\":\"ListItem\",\"position\":1,\"name\":\"Anasayfa\",\"item\":\"https:\/\/kanonkapi.com\/\"},{\"@type\":\"ListItem\",\"position\":2,\"name\":\"Kanatl\u0131 Kap\u0131 Otomasyon Sistemleri\"}]},{\"@type\":\"WebSite\",\"@id\":\"https:\/\/kanonkapi.com\/#website\",\"url\":\"https:\/\/kanonkapi.com\/\",\"name\":\"Kanon Kap\u0131\",\"description\":\"Otomatik Kap\u0131 Sistemler\",\"publisher\":{\"@id\":\"https:\/\/kanonkapi.com\/#organization\"},\"potentialAction\":[{\"@type\":\"SearchAction\",\"target\":{\"@type\":\"EntryPoint\",\"urlTemplate\":\"https:\/\/kanonkapi.com\/?s={search_term_string}\"},\"query-input\":{\"@type\":\"PropertyValueSpecification\",\"valueRequired\":true,\"valueName\":\"search_term_string\"}}],\"inLanguage\":\"en-US\"},{\"@type\":\"Organization\",\"@id\":\"https:\/\/kanonkapi.com\/#organization\",\"name\":\"Kanon Kap\u0131\",\"url\":\"https:\/\/kanonkapi.com\/\",\"logo\":{\"@type\":\"ImageObject\",\"inLanguage\":\"en-US\",\"@id\":\"https:\/\/kanonkapi.com\/#\/schema\/logo\/image\/\",\"url\":\"https:\/\/kanonkapi.com\/wp-content\/uploads\/2024\/05\/logo.png\",\"contentUrl\":\"https:\/\/kanonkapi.com\/wp-content\/uploads\/2024\/05\/logo.png\",\"width\":600,\"height\":161,\"caption\":\"Kanon Kap\u0131\"},\"image\":{\"@id\":\"https:\/\/kanonkapi.com\/#\/schema\/logo\/image\/\"},\"sameAs\":[\"https:\/\/www.facebook.com\/p\/Kanon-Yapi-Otomasyon-100063698436460\/\",\"https:\/\/www.instagram.com\/kanonotomatikkapi\/\"]}]}<\/script>\n<!-- \/ Yoast SEO plugin. -->","yoast_head_json":{"title":"Kanatl\u0131 Kap\u0131 Otomasyon Sistemleri - Kanon Kap\u0131","robots":{"index":"index","follow":"follow","max-snippet":"max-snippet:-1","max-image-preview":"max-image-preview:large","max-video-preview":"max-video-preview:-1"},"canonical":"https:\/\/kanonkapi.com\/en\/kanatli-kapi-otomasyon-sistemleri\/","og_locale":"en_US","og_type":"article","og_title":"Kanatl\u0131 Kap\u0131 Otomasyon Sistemleri - Kanon Kap\u0131","og_description":"Bah\u00e7e Kap\u0131s\u0131 sistemleri kapsam\u0131nda \u00fcretilen BFT Kanatl\u0131 Bah\u00e7e Kap\u0131s\u0131 villa, apartman ve end\u00fcstriyel tesis giri\u015flerinde kullan\u0131lmaktad\u0131r. BFT Kanatl\u0131 Kap\u0131 Otomasyonlar\u0131 ve BFT Kanatl\u0131 Kap\u0131 modelleri kullan\u0131ld\u0131klar\u0131 alanlara g\u00fcvenli\u011fi, esteti\u011fi ve konforu bir arada sunmaktad\u0131r. \u00d6rnek Uygulamalar","og_url":"https:\/\/kanonkapi.com\/en\/kanatli-kapi-otomasyon-sistemleri\/","og_site_name":"Kanon Kap\u0131","article_publisher":"https:\/\/www.facebook.com\/p\/Kanon-Yapi-Otomasyon-100063698436460\/","article_modified_time":"2024-05-19T19:03:09+00:00","og_image":[{"url":"https:\/\/kanonkapi.com\/wp-content\/uploads\/2024\/05\/Kanatli-Kapi-Otomasyon-Sistemleri-3.jpg"}],"twitter_card":"summary_large_image","schema":{"@context":"https:\/\/schema.org","@graph":[{"@type":"WebPage","@id":"https:\/\/kanonkapi.com\/kanatli-kapi-otomasyon-sistemleri\/","url":"https:\/\/kanonkapi.com\/kanatli-kapi-otomasyon-sistemleri\/","name":"Kanatl\u0131 Kap\u0131 Otomasyon Sistemleri - Kanon Kap\u0131","isPartOf":{"@id":"https:\/\/kanonkapi.com\/#website"},"primaryImageOfPage":{"@id":"https:\/\/kanonkapi.com\/kanatli-kapi-otomasyon-sistemleri\/#primaryimage"},"image":{"@id":"https:\/\/kanonkapi.com\/kanatli-kapi-otomasyon-sistemleri\/#primaryimage"},"thumbnailUrl":"https:\/\/kanonkapi.com\/wp-content\/uploads\/2024\/05\/Kanatli-Kapi-Otomasyon-Sistemleri-3.jpg","datePublished":"2024-05-19T19:02:04+00:00","dateModified":"2024-05-19T19:03:09+00:00","breadcrumb":{"@id":"https:\/\/kanonkapi.com\/kanatli-kapi-otomasyon-sistemleri\/#breadcrumb"},"inLanguage":"en-US","potentialAction":[{"@type":"ReadAction","target":["https:\/\/kanonkapi.com\/kanatli-kapi-otomasyon-sistemleri\/"]}]},{"@type":"ImageObject","inLanguage":"en-US","@id":"https:\/\/kanonkapi.com\/kanatli-kapi-otomasyon-sistemleri\/#primaryimage","url":"https:\/\/kanonkapi.com\/wp-content\/uploads\/2024\/05\/Kanatli-Kapi-Otomasyon-Sistemleri-3.jpg","contentUrl":"https:\/\/kanonkapi.com\/wp-content\/uploads\/2024\/05\/Kanatli-Kapi-Otomasyon-Sistemleri-3.jpg"},{"@type":"BreadcrumbList","@id":"https:\/\/kanonkapi.com\/kanatli-kapi-otomasyon-sistemleri\/#breadcrumb","itemListElement":[{"@type":"ListItem","position":1,"name":"Anasayfa","item":"https:\/\/kanonkapi.com\/"},{"@type":"ListItem","position":2,"name":"Kanatl\u0131 Kap\u0131 Otomasyon Sistemleri"}]},{"@type":"WebSite","@id":"https:\/\/kanonkapi.com\/#website","url":"https:\/\/kanonkapi.com\/","name":"Kanon Kap\u0131","description":"Otomatik Kap\u0131 Sistemler","publisher":{"@id":"https:\/\/kanonkapi.com\/#organization"},"potentialAction":[{"@type":"SearchAction","target":{"@type":"EntryPoint","urlTemplate":"https:\/\/kanonkapi.com\/?s={search_term_string}"},"query-input":{"@type":"PropertyValueSpecification","valueRequired":true,"valueName":"search_term_string"}}],"inLanguage":"en-US"},{"@type":"Organization","@id":"https:\/\/kanonkapi.com\/#organization","name":"Kanon Kap\u0131","url":"https:\/\/kanonkapi.com\/","logo":{"@type":"ImageObject","inLanguage":"en-US","@id":"https:\/\/kanonkapi.com\/#\/schema\/logo\/image\/","url":"https:\/\/kanonkapi.com\/wp-content\/uploads\/2024\/05\/logo.png","contentUrl":"https:\/\/kanonkapi.com\/wp-content\/uploads\/2024\/05\/logo.png","width":600,"height":161,"caption":"Kanon Kap\u0131"},"image":{"@id":"https:\/\/kanonkapi.com\/#\/schema\/logo\/image\/"},"sameAs":["https:\/\/www.facebook.com\/p\/Kanon-Yapi-Otomasyon-100063698436460\/","https:\/\/www.instagram.com\/kanonotomatikkapi\/"]}]}},"_links":{"self":[{"href":"https:\/\/kanonkapi.com\/en\/wp-json\/wp\/v2\/pages\/8971","targetHints":{"allow":["GET"]}}],"collection":[{"href":"https:\/\/kanonkapi.com\/en\/wp-json\/wp\/v2\/pages"}],"about":[{"href":"https:\/\/kanonkapi.com\/en\/wp-json\/wp\/v2\/types\/page"}],"author":[{"embeddable":true,"href":"https:\/\/kanonkapi.com\/en\/wp-json\/wp\/v2\/users\/1"}],"replies":[{"embeddable":true,"href":"https:\/\/kanonkapi.com\/en\/wp-json\/wp\/v2\/comments?post=8971"}],"version-history":[{"count":0,"href":"https:\/\/kanonkapi.com\/en\/wp-json\/wp\/v2\/pages\/8971\/revisions"}],"wp:attachment":[{"href":"https:\/\/kanonkapi.com\/en\/wp-json\/wp\/v2\/media?parent=8971"}],"wp:term":[{"taxonomy":"category","embeddable":true,"href":"https:\/\/kanonkapi.com\/en\/wp-json\/wp\/v2\/categories?post=8971"},{"taxonomy":"post_tag","embeddable":true,"href":"https:\/\/kanonkapi.com\/en\/wp-json\/wp\/v2\/tags?post=8971"}],"curies":[{"name":"wp","href":"https:\/\/api.w.org\/{rel}","templated":true}]}}