{"id":9002,"date":"2024-05-19T22:08:07","date_gmt":"2024-05-19T19:08:07","guid":{"rendered":"https:\/\/demo.kanonkapi.com\/?page_id=9002"},"modified":"2024-05-29T15:37:06","modified_gmt":"2024-05-29T12:37:06","slug":"iforth-garaj-kapi-motoru","status":"publish","type":"page","link":"https:\/\/kanonkapi.com\/en\/iforth-garaj-kapi-motoru\/","title":{"rendered":"\u0130forth Garage Door Opener"},"content":{"rendered":"<div data-elementor-type=\"wp-post\" data-elementor-id=\"9002\" class=\"elementor elementor-9002\" data-elementor-settings=\"{&quot;ha_cmc_init_switcher&quot;:&quot;no&quot;}\">\n\t\t\t\t\t\t<section class=\"elementor-section elementor-top-section elementor-element elementor-element-148ec1c elementor-section-boxed elementor-section-height-default elementor-section-height-default\" data-id=\"148ec1c\" data-element_type=\"section\" data-settings=\"{&quot;background_background&quot;:&quot;classic&quot;,&quot;_ha_eqh_enable&quot;:false}\">\n\t\t\t\t\t\t<div class=\"elementor-container elementor-column-gap-default\">\n\t\t\t\t\t<div class=\"elementor-column elementor-col-100 elementor-top-column elementor-element elementor-element-e19e6d8 column-style-top\" data-id=\"e19e6d8\" data-element_type=\"column\">\n\t\t\t<div class=\"elementor-widget-wrap elementor-element-populated\">\n\t\t\t\t\t\t<div class=\"elementor-element elementor-element-b498e66 elementor-widget elementor-widget-text-editor\" data-id=\"b498e66\" data-element_type=\"widget\" data-widget_type=\"text-editor.default\">\n\t\t\t\t<div class=\"elementor-widget-container\">\n\t\t\t\t\t\t\t<p>Suitable for Sectional Type Garage doors.<\/p><ul><li>Advantage of one piece steel rail.<\/li><li>Steel chain drive.<\/li><li>Lighting lamp.<\/li><li>Quiet operation.<\/li><\/ul>\t\t\t\t\t\t<\/div>\n\t\t\t\t<\/div>\n\t\t\t\t\t<\/div>\n\t\t<\/div>\n\t\t\t\t\t<\/div>\n\t\t<\/section>\n\t\t\t\t<section class=\"elementor-section elementor-top-section elementor-element elementor-element-834d6bf elementor-section-boxed elementor-section-height-default elementor-section-height-default\" data-id=\"834d6bf\" data-element_type=\"section\" data-settings=\"{&quot;background_background&quot;:&quot;classic&quot;}\">\n\t\t\t\t\t\t\t<div class=\"elementor-background-overlay\"><\/div>\n\t\t\t\t\t\t\t<div class=\"elementor-container elementor-column-gap-default\">\n\t\t\t\t\t<div class=\"elementor-column elementor-col-100 elementor-top-column elementor-element elementor-element-4b4011c column-style-top\" data-id=\"4b4011c\" data-element_type=\"column\" data-settings=\"{&quot;background_background&quot;:&quot;classic&quot;}\">\n\t\t\t<div class=\"elementor-widget-wrap elementor-element-populated\">\n\t\t\t\t\t\t<div class=\"elementor-element elementor-element-8c02324 premium-title-flex-start premium-title-color elementor-widget elementor-widget-premium-addon-title\" data-id=\"8c02324\" data-element_type=\"widget\" data-widget_type=\"premium-addon-title.default\">\n\t\t\t\t<div class=\"elementor-widget-container\">\n\t\t\t\n\t\t<div class=\"premium-title-container style4\">\n\t\t\t<h3 class=\"premium-title-header premium-title-style4\">\n\t\t\t\t\n\t\t\t\t\n\t\t\t\t\t\t\t\t\t\t\t\t<span class=\"premium-title-text\" >\n\t\t\t\t\tProduct View\t\t\t\t<\/span>\n\t\t\t\t\t\n\t\t\t\t\t\t\t\t\t\t\t<\/h3>\n\t\t<\/div>\n\n\t\t\t\t<\/div>\n\t\t\t\t<\/div>\n\t\t\t\t<div class=\"elementor-element elementor-element-c9cdd6d ha-image-grid--even elementor-widget elementor-widget-ha-image-grid happy-addon ha-image-grid\" data-id=\"c9cdd6d\" data-element_type=\"widget\" data-settings=\"{&quot;layout&quot;:&quot;even&quot;,&quot;enable_popup&quot;:&quot;yes&quot;}\" data-widget_type=\"ha-image-grid.default\">\n\t\t\t\t<div class=\"elementor-widget-container\">\n\t\t\t\n\t\t<div class=\"ha-image-grid__wrap hajs-isotope ha-lightbox--has\">\n\t\t\t\t\t\t\t\n\t\t\t\t<a href=\"#\" data-mfp-src=\"https:\/\/kanonkapi.com\/wp-content\/uploads\/2024\/05\/Iforth-Garaj-Kapi-Motoru-714x1024.jpeg\" class=\"ha-image-grid__item ha-js-lightbox __fltr-1\">\n\t\t\t\t\t<img fetchpriority=\"high\" decoding=\"async\" width=\"800\" height=\"1147\" src=\"https:\/\/kanonkapi.com\/wp-content\/uploads\/2024\/05\/Iforth-Garaj-Kapi-Motoru.jpeg\" class=\"elementor-animation-grow\" alt=\"\" \/>\t\t\t\t<\/a>\n\t\t\t\t\t<\/div>\n\n\t\t\t\t<\/div>\n\t\t\t\t<\/div>\n\t\t\t\t\t<\/div>\n\t\t<\/div>\n\t\t\t\t\t<\/div>\n\t\t<\/section>\n\t\t\t\t<\/div>","protected":false},"excerpt":{"rendered":"<p>Seksiyonel Tip Garaj kap\u0131lar\u0131 i\u00e7in uygundur. Tek par\u00e7a \u00e7elik ray avantaj\u0131. \u00c7elik zincirli tahrik. Ayd\u0131nlatma lambas\u0131. Sessiz \u00e7al\u0131\u015fma. \u00dcr\u00fcn G\u00f6rseli<\/p>","protected":false},"author":1,"featured_media":0,"parent":0,"menu_order":0,"comment_status":"closed","ping_status":"closed","template":"","meta":{"footnotes":""},"categories":[84],"tags":[],"class_list":["post-9002","page","type-page","status-publish","hentry","category-aksesuarlar"],"yoast_head":"<!-- This site is optimized with the Yoast SEO plugin v23.6 - https:\/\/yoast.com\/wordpress\/plugins\/seo\/ -->\n<title>\u0130forth Garaj Kap\u0131 Motoru - Kanon Kap\u0131<\/title>\n<meta name=\"robots\" content=\"index, follow, max-snippet:-1, max-image-preview:large, max-video-preview:-1\" \/>\n<link rel=\"canonical\" href=\"https:\/\/kanonkapi.com\/en\/iforth-garaj-kapi-motoru\/\" \/>\n<meta property=\"og:locale\" content=\"en_US\" \/>\n<meta property=\"og:type\" content=\"article\" \/>\n<meta property=\"og:title\" content=\"\u0130forth Garaj Kap\u0131 Motoru - Kanon Kap\u0131\" \/>\n<meta property=\"og:description\" content=\"Seksiyonel Tip Garaj kap\u0131lar\u0131 i\u00e7in uygundur. Tek par\u00e7a \u00e7elik ray avantaj\u0131. \u00c7elik zincirli tahrik. Ayd\u0131nlatma lambas\u0131. Sessiz \u00e7al\u0131\u015fma. \u00dcr\u00fcn G\u00f6rseli\" \/>\n<meta property=\"og:url\" content=\"https:\/\/kanonkapi.com\/en\/iforth-garaj-kapi-motoru\/\" \/>\n<meta property=\"og:site_name\" content=\"Kanon Kap\u0131\" \/>\n<meta property=\"article:publisher\" content=\"https:\/\/www.facebook.com\/p\/Kanon-Yapi-Otomasyon-100063698436460\/\" \/>\n<meta property=\"article:modified_time\" content=\"2024-05-29T12:37:06+00:00\" \/>\n<meta property=\"og:image\" content=\"https:\/\/kanonkapi.com\/wp-content\/uploads\/2024\/05\/Iforth-Garaj-Kapi-Motoru.jpeg\" \/>\n<meta name=\"twitter:card\" content=\"summary_large_image\" \/>\n<script type=\"application\/ld+json\" class=\"yoast-schema-graph\">{\"@context\":\"https:\/\/schema.org\",\"@graph\":[{\"@type\":\"WebPage\",\"@id\":\"https:\/\/kanonkapi.com\/iforth-garaj-kapi-motoru\/\",\"url\":\"https:\/\/kanonkapi.com\/iforth-garaj-kapi-motoru\/\",\"name\":\"\u0130forth Garaj Kap\u0131 Motoru - Kanon Kap\u0131\",\"isPartOf\":{\"@id\":\"https:\/\/kanonkapi.com\/#website\"},\"primaryImageOfPage\":{\"@id\":\"https:\/\/kanonkapi.com\/iforth-garaj-kapi-motoru\/#primaryimage\"},\"image\":{\"@id\":\"https:\/\/kanonkapi.com\/iforth-garaj-kapi-motoru\/#primaryimage\"},\"thumbnailUrl\":\"https:\/\/kanonkapi.com\/wp-content\/uploads\/2024\/05\/Iforth-Garaj-Kapi-Motoru.jpeg\",\"datePublished\":\"2024-05-19T19:08:07+00:00\",\"dateModified\":\"2024-05-29T12:37:06+00:00\",\"breadcrumb\":{\"@id\":\"https:\/\/kanonkapi.com\/iforth-garaj-kapi-motoru\/#breadcrumb\"},\"inLanguage\":\"en-US\",\"potentialAction\":[{\"@type\":\"ReadAction\",\"target\":[\"https:\/\/kanonkapi.com\/iforth-garaj-kapi-motoru\/\"]}]},{\"@type\":\"ImageObject\",\"inLanguage\":\"en-US\",\"@id\":\"https:\/\/kanonkapi.com\/iforth-garaj-kapi-motoru\/#primaryimage\",\"url\":\"https:\/\/kanonkapi.com\/wp-content\/uploads\/2024\/05\/Iforth-Garaj-Kapi-Motoru.jpeg\",\"contentUrl\":\"https:\/\/kanonkapi.com\/wp-content\/uploads\/2024\/05\/Iforth-Garaj-Kapi-Motoru.jpeg\"},{\"@type\":\"BreadcrumbList\",\"@id\":\"https:\/\/kanonkapi.com\/iforth-garaj-kapi-motoru\/#breadcrumb\",\"itemListElement\":[{\"@type\":\"ListItem\",\"position\":1,\"name\":\"Anasayfa\",\"item\":\"https:\/\/kanonkapi.com\/\"},{\"@type\":\"ListItem\",\"position\":2,\"name\":\"\u0130forth Garaj Kap\u0131 Motoru\"}]},{\"@type\":\"WebSite\",\"@id\":\"https:\/\/kanonkapi.com\/#website\",\"url\":\"https:\/\/kanonkapi.com\/\",\"name\":\"Kanon Kap\u0131\",\"description\":\"Otomatik Kap\u0131 Sistemler\",\"publisher\":{\"@id\":\"https:\/\/kanonkapi.com\/#organization\"},\"potentialAction\":[{\"@type\":\"SearchAction\",\"target\":{\"@type\":\"EntryPoint\",\"urlTemplate\":\"https:\/\/kanonkapi.com\/?s={search_term_string}\"},\"query-input\":{\"@type\":\"PropertyValueSpecification\",\"valueRequired\":true,\"valueName\":\"search_term_string\"}}],\"inLanguage\":\"en-US\"},{\"@type\":\"Organization\",\"@id\":\"https:\/\/kanonkapi.com\/#organization\",\"name\":\"Kanon Kap\u0131\",\"url\":\"https:\/\/kanonkapi.com\/\",\"logo\":{\"@type\":\"ImageObject\",\"inLanguage\":\"en-US\",\"@id\":\"https:\/\/kanonkapi.com\/#\/schema\/logo\/image\/\",\"url\":\"https:\/\/kanonkapi.com\/wp-content\/uploads\/2024\/05\/logo.png\",\"contentUrl\":\"https:\/\/kanonkapi.com\/wp-content\/uploads\/2024\/05\/logo.png\",\"width\":600,\"height\":161,\"caption\":\"Kanon Kap\u0131\"},\"image\":{\"@id\":\"https:\/\/kanonkapi.com\/#\/schema\/logo\/image\/\"},\"sameAs\":[\"https:\/\/www.facebook.com\/p\/Kanon-Yapi-Otomasyon-100063698436460\/\",\"https:\/\/www.instagram.com\/kanonotomatikkapi\/\"]}]}<\/script>\n<!-- \/ Yoast SEO plugin. -->","yoast_head_json":{"title":"\u0130forth Garaj Kap\u0131 Motoru - Kanon Kap\u0131","robots":{"index":"index","follow":"follow","max-snippet":"max-snippet:-1","max-image-preview":"max-image-preview:large","max-video-preview":"max-video-preview:-1"},"canonical":"https:\/\/kanonkapi.com\/en\/iforth-garaj-kapi-motoru\/","og_locale":"en_US","og_type":"article","og_title":"\u0130forth Garaj Kap\u0131 Motoru - Kanon Kap\u0131","og_description":"Seksiyonel Tip Garaj kap\u0131lar\u0131 i\u00e7in uygundur. Tek par\u00e7a \u00e7elik ray avantaj\u0131. \u00c7elik zincirli tahrik. Ayd\u0131nlatma lambas\u0131. Sessiz \u00e7al\u0131\u015fma. \u00dcr\u00fcn G\u00f6rseli","og_url":"https:\/\/kanonkapi.com\/en\/iforth-garaj-kapi-motoru\/","og_site_name":"Kanon Kap\u0131","article_publisher":"https:\/\/www.facebook.com\/p\/Kanon-Yapi-Otomasyon-100063698436460\/","article_modified_time":"2024-05-29T12:37:06+00:00","og_image":[{"url":"https:\/\/kanonkapi.com\/wp-content\/uploads\/2024\/05\/Iforth-Garaj-Kapi-Motoru.jpeg"}],"twitter_card":"summary_large_image","schema":{"@context":"https:\/\/schema.org","@graph":[{"@type":"WebPage","@id":"https:\/\/kanonkapi.com\/iforth-garaj-kapi-motoru\/","url":"https:\/\/kanonkapi.com\/iforth-garaj-kapi-motoru\/","name":"\u0130forth Garaj Kap\u0131 Motoru - Kanon Kap\u0131","isPartOf":{"@id":"https:\/\/kanonkapi.com\/#website"},"primaryImageOfPage":{"@id":"https:\/\/kanonkapi.com\/iforth-garaj-kapi-motoru\/#primaryimage"},"image":{"@id":"https:\/\/kanonkapi.com\/iforth-garaj-kapi-motoru\/#primaryimage"},"thumbnailUrl":"https:\/\/kanonkapi.com\/wp-content\/uploads\/2024\/05\/Iforth-Garaj-Kapi-Motoru.jpeg","datePublished":"2024-05-19T19:08:07+00:00","dateModified":"2024-05-29T12:37:06+00:00","breadcrumb":{"@id":"https:\/\/kanonkapi.com\/iforth-garaj-kapi-motoru\/#breadcrumb"},"inLanguage":"en-US","potentialAction":[{"@type":"ReadAction","target":["https:\/\/kanonkapi.com\/iforth-garaj-kapi-motoru\/"]}]},{"@type":"ImageObject","inLanguage":"en-US","@id":"https:\/\/kanonkapi.com\/iforth-garaj-kapi-motoru\/#primaryimage","url":"https:\/\/kanonkapi.com\/wp-content\/uploads\/2024\/05\/Iforth-Garaj-Kapi-Motoru.jpeg","contentUrl":"https:\/\/kanonkapi.com\/wp-content\/uploads\/2024\/05\/Iforth-Garaj-Kapi-Motoru.jpeg"},{"@type":"BreadcrumbList","@id":"https:\/\/kanonkapi.com\/iforth-garaj-kapi-motoru\/#breadcrumb","itemListElement":[{"@type":"ListItem","position":1,"name":"Anasayfa","item":"https:\/\/kanonkapi.com\/"},{"@type":"ListItem","position":2,"name":"\u0130forth Garaj Kap\u0131 Motoru"}]},{"@type":"WebSite","@id":"https:\/\/kanonkapi.com\/#website","url":"https:\/\/kanonkapi.com\/","name":"Kanon Kap\u0131","description":"Otomatik Kap\u0131 Sistemler","publisher":{"@id":"https:\/\/kanonkapi.com\/#organization"},"potentialAction":[{"@type":"SearchAction","target":{"@type":"EntryPoint","urlTemplate":"https:\/\/kanonkapi.com\/?s={search_term_string}"},"query-input":{"@type":"PropertyValueSpecification","valueRequired":true,"valueName":"search_term_string"}}],"inLanguage":"en-US"},{"@type":"Organization","@id":"https:\/\/kanonkapi.com\/#organization","name":"Kanon Kap\u0131","url":"https:\/\/kanonkapi.com\/","logo":{"@type":"ImageObject","inLanguage":"en-US","@id":"https:\/\/kanonkapi.com\/#\/schema\/logo\/image\/","url":"https:\/\/kanonkapi.com\/wp-content\/uploads\/2024\/05\/logo.png","contentUrl":"https:\/\/kanonkapi.com\/wp-content\/uploads\/2024\/05\/logo.png","width":600,"height":161,"caption":"Kanon Kap\u0131"},"image":{"@id":"https:\/\/kanonkapi.com\/#\/schema\/logo\/image\/"},"sameAs":["https:\/\/www.facebook.com\/p\/Kanon-Yapi-Otomasyon-100063698436460\/","https:\/\/www.instagram.com\/kanonotomatikkapi\/"]}]}},"_links":{"self":[{"href":"https:\/\/kanonkapi.com\/en\/wp-json\/wp\/v2\/pages\/9002","targetHints":{"allow":["GET"]}}],"collection":[{"href":"https:\/\/kanonkapi.com\/en\/wp-json\/wp\/v2\/pages"}],"about":[{"href":"https:\/\/kanonkapi.com\/en\/wp-json\/wp\/v2\/types\/page"}],"author":[{"embeddable":true,"href":"https:\/\/kanonkapi.com\/en\/wp-json\/wp\/v2\/users\/1"}],"replies":[{"embeddable":true,"href":"https:\/\/kanonkapi.com\/en\/wp-json\/wp\/v2\/comments?post=9002"}],"version-history":[{"count":0,"href":"https:\/\/kanonkapi.com\/en\/wp-json\/wp\/v2\/pages\/9002\/revisions"}],"wp:attachment":[{"href":"https:\/\/kanonkapi.com\/en\/wp-json\/wp\/v2\/media?parent=9002"}],"wp:term":[{"taxonomy":"category","embeddable":true,"href":"https:\/\/kanonkapi.com\/en\/wp-json\/wp\/v2\/categories?post=9002"},{"taxonomy":"post_tag","embeddable":true,"href":"https:\/\/kanonkapi.com\/en\/wp-json\/wp\/v2\/tags?post=9002"}],"curies":[{"name":"wp","href":"https:\/\/api.w.org\/{rel}","templated":true}]}}