{"id":9195,"date":"2024-05-29T15:45:55","date_gmt":"2024-05-29T12:45:55","guid":{"rendered":"https:\/\/demo.kanonkapi.com\/?page_id=9195"},"modified":"2024-05-29T15:46:16","modified_gmt":"2024-05-29T12:46:16","slug":"hermeti%cc%87k-yana-kayar-kapilar-iforth","status":"publish","type":"page","link":"https:\/\/kanonkapi.com\/en\/hermeti%cc%87k-yana-kayar-kapilar-iforth\/","title":{"rendered":"Hermeti\u0307k Yana Kayar Kap\u0131lar &#8211; Iforth"},"content":{"rendered":"<div data-elementor-type=\"wp-post\" data-elementor-id=\"9195\" class=\"elementor elementor-9195\" data-elementor-settings=\"{&quot;ha_cmc_init_switcher&quot;:&quot;no&quot;}\">\n\t\t\t\t\t\t<section class=\"elementor-section elementor-top-section elementor-element elementor-element-22f elementor-section-boxed elementor-section-height-default elementor-section-height-default\" data-id=\"22f\" data-element_type=\"section\" data-settings=\"{&quot;background_background&quot;:&quot;classic&quot;,&quot;_ha_eqh_enable&quot;:false}\">\n\t\t\t\t\t\t<div class=\"elementor-container elementor-column-gap-default\">\n\t\t\t\t\t<div class=\"elementor-column elementor-col-100 elementor-top-column elementor-element elementor-element-280e column-style-top\" data-id=\"280e\" data-element_type=\"column\">\n\t\t\t<div class=\"elementor-widget-wrap elementor-element-populated\">\n\t\t\t\t\t\t<div class=\"elementor-element elementor-element-b498e66 elementor-widget elementor-widget-text-editor\" data-id=\"b498e66\" data-element_type=\"widget\" data-widget_type=\"text-editor.default\">\n\t\t\t\t<div class=\"elementor-widget-container\">\n\t\t\t\t\t\t\t<p>Hermetik Yana Kayar Kap\u0131lar ba\u015fta sa\u011fl\u0131k sekt\u00f6r\u00fc ile g\u0131da, kimyasal ve elektronik end\u00fcstrileri i\u00e7in sunulan \u00e7\u00f6z\u00fcmlerin bir par\u00e7as\u0131n\u0131 olu\u015fturmaktad\u0131r. Tek ve iki hareketli a\u00e7\u0131l\u0131m se\u00e7enekleriyle otomatik kap\u0131lar\u0131n avantajlar\u0131n\u0131, temiz ortamlar i\u00e7in gerekli olan hava ge\u00e7irmezlik ve hijyenle bir araya getiriyor. Geni\u015f bir renk yelpazesine sahip y\u00fcksek bas\u0131n\u00e7 alt\u0131nda olu\u015fturulmu\u015f anti-bakteriyel laminat veya paslanmaz \u00e7elik y\u00fczey se\u00e7enekleri ile \u00f6zelle\u015ftirilebilen kanatlar ile azami s\u0131zd\u0131rmazl\u0131k elde edilmektedir. Ayr\u0131ca yo\u011fun bak\u0131m \u00fcniteleri ile ihtiya\u00e7 duyulan yerlerde al\u00fcminyum \u00e7er\u00e7eveli cam kanatlar ile sunulabilir. Bu sayede, tasar\u0131mlar\u0131m\u0131z\u0131 herhangi bir mimari projeye m\u00fckemmel bir \u015fekilde entegre ederek kullan\u0131c\u0131lara profesyonellik, zarafet ve g\u00fcvenlik sa\u011flayan estetik de\u011fer katar.Farkl\u0131 \u015fekil ve boyutlara sahip, zarif bir \u015fekilde tasarlanm\u0131\u015f ve temizlemesi kolay, kamera sistemi ile donat\u0131labilen, hem y\u00fcz g\u00f6zetleme penceresi se\u00e7ene\u011fi mevcuttur.<\/p>\t\t\t\t\t\t<\/div>\n\t\t\t\t<\/div>\n\t\t\t\t\t<\/div>\n\t\t<\/div>\n\t\t\t\t\t<\/div>\n\t\t<\/section>\n\t\t\t\t<section class=\"elementor-section elementor-top-section elementor-element elementor-element-834d6bf elementor-section-boxed elementor-section-height-default elementor-section-height-default\" data-id=\"834d6bf\" data-element_type=\"section\" data-settings=\"{&quot;background_background&quot;:&quot;classic&quot;}\">\n\t\t\t\t\t\t\t<div class=\"elementor-background-overlay\"><\/div>\n\t\t\t\t\t\t\t<div class=\"elementor-container elementor-column-gap-default\">\n\t\t\t\t\t<div class=\"elementor-column elementor-col-100 elementor-top-column elementor-element elementor-element-4b4011c column-style-top\" data-id=\"4b4011c\" data-element_type=\"column\" data-settings=\"{&quot;background_background&quot;:&quot;classic&quot;}\">\n\t\t\t<div class=\"elementor-widget-wrap elementor-element-populated\">\n\t\t\t\t\t\t<div class=\"elementor-element elementor-element-8c02324 premium-title-flex-start premium-title-color elementor-widget elementor-widget-premium-addon-title\" data-id=\"8c02324\" data-element_type=\"widget\" data-widget_type=\"premium-addon-title.default\">\n\t\t\t\t<div class=\"elementor-widget-container\">\n\t\t\t\n\t\t<div class=\"premium-title-container style4\">\n\t\t\t<h3 class=\"premium-title-header premium-title-style4\">\n\t\t\t\t\n\t\t\t\t\n\t\t\t\t\t\t\t\t\t\t\t\t<span class=\"premium-title-text\" >\n\t\t\t\t\tExample Applications\t\t\t\t<\/span>\n\t\t\t\t\t\n\t\t\t\t\t\t\t\t\t\t\t<\/h3>\n\t\t<\/div>\n\n\t\t\t\t<\/div>\n\t\t\t\t<\/div>\n\t\t\t\t<div class=\"elementor-element elementor-element-c9cdd6d ha-image-grid--even elementor-widget elementor-widget-ha-image-grid happy-addon ha-image-grid\" data-id=\"c9cdd6d\" data-element_type=\"widget\" data-settings=\"{&quot;layout&quot;:&quot;even&quot;,&quot;enable_popup&quot;:&quot;yes&quot;}\" data-widget_type=\"ha-image-grid.default\">\n\t\t\t\t<div class=\"elementor-widget-container\">\n\t\t\t\n\t\t<div class=\"ha-image-grid__wrap hajs-isotope ha-lightbox--has\">\n\t\t\t\t\t\t\t\n\t\t\t\t<a href=\"#\" data-mfp-src=\"https:\/\/kanonkapi.com\/wp-content\/uploads\/2024\/05\/Hermeti\u0307k-Yana-Kayar-Kapilar-2.jpg\" class=\"ha-image-grid__item ha-js-lightbox __fltr-1\">\n\t\t\t\t\t<img fetchpriority=\"high\" decoding=\"async\" width=\"900\" height=\"506\" src=\"https:\/\/kanonkapi.com\/wp-content\/uploads\/2024\/05\/Hermeti\u0307k-Yana-Kayar-Kapilar-2.jpg\" class=\"elementor-animation-grow\" alt=\"\" \/>\t\t\t\t<\/a>\n\t\t\t\t\t\t\t\n\t\t\t\t<a href=\"#\" data-mfp-src=\"https:\/\/kanonkapi.com\/wp-content\/uploads\/2024\/05\/Hermeti\u0307k-Yana-Kayar-Kapilar-3.jpg\" class=\"ha-image-grid__item ha-js-lightbox __fltr-1\">\n\t\t\t\t\t<img decoding=\"async\" width=\"590\" height=\"600\" src=\"https:\/\/kanonkapi.com\/wp-content\/uploads\/2024\/05\/Hermeti\u0307k-Yana-Kayar-Kapilar-3.jpg\" class=\"elementor-animation-grow\" alt=\"\" \/>\t\t\t\t<\/a>\n\t\t\t\t\t\t\t\n\t\t\t\t<a href=\"#\" data-mfp-src=\"https:\/\/kanonkapi.com\/wp-content\/uploads\/2024\/05\/Hermeti\u0307k-Yana-Kayar-Kapilar-4.jpg\" class=\"ha-image-grid__item ha-js-lightbox __fltr-1\">\n\t\t\t\t\t<img decoding=\"async\" width=\"896\" height=\"600\" src=\"https:\/\/kanonkapi.com\/wp-content\/uploads\/2024\/05\/Hermeti\u0307k-Yana-Kayar-Kapilar-4.jpg\" class=\"elementor-animation-grow\" alt=\"\" \/>\t\t\t\t<\/a>\n\t\t\t\t\t\t\t\n\t\t\t\t<a href=\"#\" data-mfp-src=\"https:\/\/kanonkapi.com\/wp-content\/uploads\/2024\/05\/Hermeti\u0307k-Yana-Kayar-Kapilar-1.jpg\" class=\"ha-image-grid__item ha-js-lightbox __fltr-1\">\n\t\t\t\t\t<img loading=\"lazy\" decoding=\"async\" width=\"424\" height=\"600\" src=\"https:\/\/kanonkapi.com\/wp-content\/uploads\/2024\/05\/Hermeti\u0307k-Yana-Kayar-Kapilar-1.jpg\" class=\"elementor-animation-grow\" alt=\"\" \/>\t\t\t\t<\/a>\n\t\t\t\t\t<\/div>\n\n\t\t\t\t<\/div>\n\t\t\t\t<\/div>\n\t\t\t\t\t<\/div>\n\t\t<\/div>\n\t\t\t\t\t<\/div>\n\t\t<\/section>\n\t\t\t\t<\/div>","protected":false},"excerpt":{"rendered":"<p>Hermetik Yana Kayar Kap\u0131lar ba\u015fta sa\u011fl\u0131k sekt\u00f6r\u00fc ile g\u0131da, kimyasal ve elektronik end\u00fcstrileri i\u00e7in sunulan \u00e7\u00f6z\u00fcmlerin bir par\u00e7as\u0131n\u0131 olu\u015fturmaktad\u0131r. Tek ve iki hareketli a\u00e7\u0131l\u0131m se\u00e7enekleriyle otomatik kap\u0131lar\u0131n avantajlar\u0131n\u0131, temiz ortamlar i\u00e7in gerekli olan hava ge\u00e7irmezlik ve hijyenle bir araya getiriyor. Geni\u015f bir renk yelpazesine sahip y\u00fcksek bas\u0131n\u00e7 alt\u0131nda olu\u015fturulmu\u015f anti-bakteriyel laminat veya paslanmaz \u00e7elik y\u00fczey [&hellip;]<\/p>","protected":false},"author":1,"featured_media":0,"parent":0,"menu_order":0,"comment_status":"closed","ping_status":"closed","template":"","meta":{"footnotes":""},"categories":[77,86],"tags":[],"class_list":["post-9195","page","type-page","status-publish","hentry","category-fotoselli-kapilar","category-iforth"],"yoast_head":"<!-- This site is optimized with the Yoast SEO plugin v23.6 - https:\/\/yoast.com\/wordpress\/plugins\/seo\/ -->\n<title>Hermeti\u0307k Yana Kayar Kap\u0131lar - Iforth - Kanon Kap\u0131<\/title>\n<meta name=\"robots\" content=\"index, follow, max-snippet:-1, max-image-preview:large, max-video-preview:-1\" \/>\n<link rel=\"canonical\" href=\"https:\/\/kanonkapi.com\/en\/hermeti\u0307k-yana-kayar-kapilar-iforth\/\" \/>\n<meta property=\"og:locale\" content=\"en_US\" \/>\n<meta property=\"og:type\" content=\"article\" \/>\n<meta property=\"og:title\" content=\"Hermeti\u0307k Yana Kayar Kap\u0131lar - Iforth - Kanon Kap\u0131\" \/>\n<meta property=\"og:description\" content=\"Hermetik Yana Kayar Kap\u0131lar ba\u015fta sa\u011fl\u0131k sekt\u00f6r\u00fc ile g\u0131da, kimyasal ve elektronik end\u00fcstrileri i\u00e7in sunulan \u00e7\u00f6z\u00fcmlerin bir par\u00e7as\u0131n\u0131 olu\u015fturmaktad\u0131r. Tek ve iki hareketli a\u00e7\u0131l\u0131m se\u00e7enekleriyle otomatik kap\u0131lar\u0131n avantajlar\u0131n\u0131, temiz ortamlar i\u00e7in gerekli olan hava ge\u00e7irmezlik ve hijyenle bir araya getiriyor. Geni\u015f bir renk yelpazesine sahip y\u00fcksek bas\u0131n\u00e7 alt\u0131nda olu\u015fturulmu\u015f anti-bakteriyel laminat veya paslanmaz \u00e7elik y\u00fczey [&hellip;]\" \/>\n<meta property=\"og:url\" content=\"https:\/\/kanonkapi.com\/en\/hermeti\u0307k-yana-kayar-kapilar-iforth\/\" \/>\n<meta property=\"og:site_name\" content=\"Kanon Kap\u0131\" \/>\n<meta property=\"article:publisher\" content=\"https:\/\/www.facebook.com\/p\/Kanon-Yapi-Otomasyon-100063698436460\/\" \/>\n<meta property=\"article:modified_time\" content=\"2024-05-29T12:46:16+00:00\" \/>\n<meta name=\"twitter:card\" content=\"summary_large_image\" \/>\n<meta name=\"twitter:label1\" content=\"Est. reading time\" \/>\n\t<meta name=\"twitter:data1\" content=\"1 minute\" \/>\n<script type=\"application\/ld+json\" class=\"yoast-schema-graph\">{\"@context\":\"https:\/\/schema.org\",\"@graph\":[{\"@type\":\"WebPage\",\"@id\":\"https:\/\/kanonkapi.com\/hermeti%cc%87k-yana-kayar-kapilar-iforth\/\",\"url\":\"https:\/\/kanonkapi.com\/hermeti%cc%87k-yana-kayar-kapilar-iforth\/\",\"name\":\"Hermeti\u0307k Yana Kayar Kap\u0131lar - Iforth - Kanon Kap\u0131\",\"isPartOf\":{\"@id\":\"https:\/\/kanonkapi.com\/#website\"},\"datePublished\":\"2024-05-29T12:45:55+00:00\",\"dateModified\":\"2024-05-29T12:46:16+00:00\",\"breadcrumb\":{\"@id\":\"https:\/\/kanonkapi.com\/hermeti%cc%87k-yana-kayar-kapilar-iforth\/#breadcrumb\"},\"inLanguage\":\"en-US\",\"potentialAction\":[{\"@type\":\"ReadAction\",\"target\":[\"https:\/\/kanonkapi.com\/hermeti%cc%87k-yana-kayar-kapilar-iforth\/\"]}]},{\"@type\":\"BreadcrumbList\",\"@id\":\"https:\/\/kanonkapi.com\/hermeti%cc%87k-yana-kayar-kapilar-iforth\/#breadcrumb\",\"itemListElement\":[{\"@type\":\"ListItem\",\"position\":1,\"name\":\"Anasayfa\",\"item\":\"https:\/\/kanonkapi.com\/\"},{\"@type\":\"ListItem\",\"position\":2,\"name\":\"Hermeti\u0307k Yana Kayar Kap\u0131lar &#8211; Iforth\"}]},{\"@type\":\"WebSite\",\"@id\":\"https:\/\/kanonkapi.com\/#website\",\"url\":\"https:\/\/kanonkapi.com\/\",\"name\":\"Kanon Kap\u0131\",\"description\":\"Otomatik Kap\u0131 Sistemler\",\"publisher\":{\"@id\":\"https:\/\/kanonkapi.com\/#organization\"},\"potentialAction\":[{\"@type\":\"SearchAction\",\"target\":{\"@type\":\"EntryPoint\",\"urlTemplate\":\"https:\/\/kanonkapi.com\/?s={search_term_string}\"},\"query-input\":{\"@type\":\"PropertyValueSpecification\",\"valueRequired\":true,\"valueName\":\"search_term_string\"}}],\"inLanguage\":\"en-US\"},{\"@type\":\"Organization\",\"@id\":\"https:\/\/kanonkapi.com\/#organization\",\"name\":\"Kanon Kap\u0131\",\"url\":\"https:\/\/kanonkapi.com\/\",\"logo\":{\"@type\":\"ImageObject\",\"inLanguage\":\"en-US\",\"@id\":\"https:\/\/kanonkapi.com\/#\/schema\/logo\/image\/\",\"url\":\"https:\/\/kanonkapi.com\/wp-content\/uploads\/2024\/05\/logo.png\",\"contentUrl\":\"https:\/\/kanonkapi.com\/wp-content\/uploads\/2024\/05\/logo.png\",\"width\":600,\"height\":161,\"caption\":\"Kanon Kap\u0131\"},\"image\":{\"@id\":\"https:\/\/kanonkapi.com\/#\/schema\/logo\/image\/\"},\"sameAs\":[\"https:\/\/www.facebook.com\/p\/Kanon-Yapi-Otomasyon-100063698436460\/\",\"https:\/\/www.instagram.com\/kanonotomatikkapi\/\"]}]}<\/script>\n<!-- \/ Yoast SEO plugin. -->","yoast_head_json":{"title":"Hermeti\u0307k Yana Kayar Kap\u0131lar - Iforth - Kanon Kap\u0131","robots":{"index":"index","follow":"follow","max-snippet":"max-snippet:-1","max-image-preview":"max-image-preview:large","max-video-preview":"max-video-preview:-1"},"canonical":"https:\/\/kanonkapi.com\/en\/hermeti\u0307k-yana-kayar-kapilar-iforth\/","og_locale":"en_US","og_type":"article","og_title":"Hermeti\u0307k Yana Kayar Kap\u0131lar - Iforth - Kanon Kap\u0131","og_description":"Hermetik Yana Kayar Kap\u0131lar ba\u015fta sa\u011fl\u0131k sekt\u00f6r\u00fc ile g\u0131da, kimyasal ve elektronik end\u00fcstrileri i\u00e7in sunulan \u00e7\u00f6z\u00fcmlerin bir par\u00e7as\u0131n\u0131 olu\u015fturmaktad\u0131r. Tek ve iki hareketli a\u00e7\u0131l\u0131m se\u00e7enekleriyle otomatik kap\u0131lar\u0131n avantajlar\u0131n\u0131, temiz ortamlar i\u00e7in gerekli olan hava ge\u00e7irmezlik ve hijyenle bir araya getiriyor. Geni\u015f bir renk yelpazesine sahip y\u00fcksek bas\u0131n\u00e7 alt\u0131nda olu\u015fturulmu\u015f anti-bakteriyel laminat veya paslanmaz \u00e7elik y\u00fczey [&hellip;]","og_url":"https:\/\/kanonkapi.com\/en\/hermeti\u0307k-yana-kayar-kapilar-iforth\/","og_site_name":"Kanon Kap\u0131","article_publisher":"https:\/\/www.facebook.com\/p\/Kanon-Yapi-Otomasyon-100063698436460\/","article_modified_time":"2024-05-29T12:46:16+00:00","twitter_card":"summary_large_image","twitter_misc":{"Est. reading time":"1 minute"},"schema":{"@context":"https:\/\/schema.org","@graph":[{"@type":"WebPage","@id":"https:\/\/kanonkapi.com\/hermeti%cc%87k-yana-kayar-kapilar-iforth\/","url":"https:\/\/kanonkapi.com\/hermeti%cc%87k-yana-kayar-kapilar-iforth\/","name":"Hermeti\u0307k Yana Kayar Kap\u0131lar - Iforth - Kanon Kap\u0131","isPartOf":{"@id":"https:\/\/kanonkapi.com\/#website"},"datePublished":"2024-05-29T12:45:55+00:00","dateModified":"2024-05-29T12:46:16+00:00","breadcrumb":{"@id":"https:\/\/kanonkapi.com\/hermeti%cc%87k-yana-kayar-kapilar-iforth\/#breadcrumb"},"inLanguage":"en-US","potentialAction":[{"@type":"ReadAction","target":["https:\/\/kanonkapi.com\/hermeti%cc%87k-yana-kayar-kapilar-iforth\/"]}]},{"@type":"BreadcrumbList","@id":"https:\/\/kanonkapi.com\/hermeti%cc%87k-yana-kayar-kapilar-iforth\/#breadcrumb","itemListElement":[{"@type":"ListItem","position":1,"name":"Anasayfa","item":"https:\/\/kanonkapi.com\/"},{"@type":"ListItem","position":2,"name":"Hermeti\u0307k Yana Kayar Kap\u0131lar &#8211; Iforth"}]},{"@type":"WebSite","@id":"https:\/\/kanonkapi.com\/#website","url":"https:\/\/kanonkapi.com\/","name":"Kanon Kap\u0131","description":"Otomatik Kap\u0131 Sistemler","publisher":{"@id":"https:\/\/kanonkapi.com\/#organization"},"potentialAction":[{"@type":"SearchAction","target":{"@type":"EntryPoint","urlTemplate":"https:\/\/kanonkapi.com\/?s={search_term_string}"},"query-input":{"@type":"PropertyValueSpecification","valueRequired":true,"valueName":"search_term_string"}}],"inLanguage":"en-US"},{"@type":"Organization","@id":"https:\/\/kanonkapi.com\/#organization","name":"Kanon Kap\u0131","url":"https:\/\/kanonkapi.com\/","logo":{"@type":"ImageObject","inLanguage":"en-US","@id":"https:\/\/kanonkapi.com\/#\/schema\/logo\/image\/","url":"https:\/\/kanonkapi.com\/wp-content\/uploads\/2024\/05\/logo.png","contentUrl":"https:\/\/kanonkapi.com\/wp-content\/uploads\/2024\/05\/logo.png","width":600,"height":161,"caption":"Kanon Kap\u0131"},"image":{"@id":"https:\/\/kanonkapi.com\/#\/schema\/logo\/image\/"},"sameAs":["https:\/\/www.facebook.com\/p\/Kanon-Yapi-Otomasyon-100063698436460\/","https:\/\/www.instagram.com\/kanonotomatikkapi\/"]}]}},"_links":{"self":[{"href":"https:\/\/kanonkapi.com\/en\/wp-json\/wp\/v2\/pages\/9195","targetHints":{"allow":["GET"]}}],"collection":[{"href":"https:\/\/kanonkapi.com\/en\/wp-json\/wp\/v2\/pages"}],"about":[{"href":"https:\/\/kanonkapi.com\/en\/wp-json\/wp\/v2\/types\/page"}],"author":[{"embeddable":true,"href":"https:\/\/kanonkapi.com\/en\/wp-json\/wp\/v2\/users\/1"}],"replies":[{"embeddable":true,"href":"https:\/\/kanonkapi.com\/en\/wp-json\/wp\/v2\/comments?post=9195"}],"version-history":[{"count":0,"href":"https:\/\/kanonkapi.com\/en\/wp-json\/wp\/v2\/pages\/9195\/revisions"}],"wp:attachment":[{"href":"https:\/\/kanonkapi.com\/en\/wp-json\/wp\/v2\/media?parent=9195"}],"wp:term":[{"taxonomy":"category","embeddable":true,"href":"https:\/\/kanonkapi.com\/en\/wp-json\/wp\/v2\/categories?post=9195"},{"taxonomy":"post_tag","embeddable":true,"href":"https:\/\/kanonkapi.com\/en\/wp-json\/wp\/v2\/tags?post=9195"}],"curies":[{"name":"wp","href":"https:\/\/api.w.org\/{rel}","templated":true}]}}